{"id":3641,"date":"2014-05-21T17:06:58","date_gmt":"2014-05-21T15:06:58","guid":{"rendered":"http:\/\/klubmamgdynia.pl\/index.php\/produkt\/edco-zabawka-dla-dziecka-licznik-grajacy-lets-play-czerwony\/"},"modified":"2026-05-17T22:06:58","modified_gmt":"2026-05-17T20:06:58","slug":"edco-zabawka-dla-dziecka-licznik-grajacy-lets-play-czerwony","status":"publish","type":"product","link":"http:\/\/klubmamgdynia.pl\/index.php\/produkt\/edco-zabawka-dla-dziecka-licznik-grajacy-lets-play-czerwony\/","title":{"rendered":"Edco Zabawka Dla Dziecka Licznik Graj\u0105cy Lets Play Czerwony"},"content":{"rendered":"<p>Zabawka muzyczna dla dzieci &#8222;Licznik&#8221; z tworzywa sztucznego w kolorze czerwonym. Posiada 4 przyciski. Zasilanie: 2 baterie AA. Dla dzieci od 6 miesi\u0105ca \u017cycia. Idealna na prezent na ka\u017cd\u0105 okazj\u0119.<\/p>\n<h2>Edco Zabawka Dla Dziecka Licznik Graj\u0105cy Lets Play Czerwony Edco<\/h2>\n<p>kolorowanki do druku super zings, inteligentne zagadki, kolorowanka ksi\u0119\u017cniczka, mia imi\u0119, papugi do druku, przys\u0142owia o rodzinie, nauka zegara zegar do druku, pytania zagadki, kolorowanka piesek do druku, najrzadsze imiona w polsce, misie z bajek, \u017cyczenia na lany poniedzia\u0142ek wielkanocny, m\u0105dre cytaty dla dzieci<\/p>\n<p>yyyyy<\/p>\n<p>&nbsp;<\/p>\n","protected":false},"excerpt":{"rendered":"<p>Zabawka muzyczna dla dzieci &#8222;Licznik&#8221; z tworzywa sztucznego w kolorze czerwonym. Posiada 4 przyciski. Zasilanie: 2 baterie AA. Dla dzieci od 6 miesi\u0105ca \u017cycia. Idealna na prezent na ka\u017cd\u0105 okazj\u0119. Edco Zabawka Dla Dziecka Licznik Graj\u0105cy Lets Play Czerwony Edco kolorowanki do druku super zings, inteligentne zagadki, kolorowanka ksi\u0119\u017cniczka, mia imi\u0119, papugi do druku, przys\u0142owia [&hellip;]<\/p>\n","protected":false},"featured_media":3642,"comment_status":"closed","ping_status":"open","template":"","meta":[],"product_cat":[380,537],"product_tag":[702,599,739,724,793],"class_list":["post-3641","product","type-product","status-publish","has-post-thumbnail","hentry","product_cat-edco","product_cat-pozostale-zabawki-edukacyjne","product_tag-co-kupic-na-roczek-dla-dziewczynki","product_tag-prezent-dla-nastolatkow-2021","product_tag-prima-aprilis-w-szkole","product_tag-zagadki-podchwytliwe","product_tag-zagadki-smieszne-podchwytliwe"],"_links":{"self":[{"href":"http:\/\/klubmamgdynia.pl\/index.php\/wp-json\/wp\/v2\/product\/3641","targetHints":{"allow":["GET"]}}],"collection":[{"href":"http:\/\/klubmamgdynia.pl\/index.php\/wp-json\/wp\/v2\/product"}],"about":[{"href":"http:\/\/klubmamgdynia.pl\/index.php\/wp-json\/wp\/v2\/types\/product"}],"replies":[{"embeddable":true,"href":"http:\/\/klubmamgdynia.pl\/index.php\/wp-json\/wp\/v2\/comments?post=3641"}],"wp:featuredmedia":[{"embeddable":true,"href":"http:\/\/klubmamgdynia.pl\/index.php\/wp-json\/wp\/v2\/media\/3642"}],"wp:attachment":[{"href":"http:\/\/klubmamgdynia.pl\/index.php\/wp-json\/wp\/v2\/media?parent=3641"}],"wp:term":[{"taxonomy":"product_cat","embeddable":true,"href":"http:\/\/klubmamgdynia.pl\/index.php\/wp-json\/wp\/v2\/product_cat?post=3641"},{"taxonomy":"product_tag","embeddable":true,"href":"http:\/\/klubmamgdynia.pl\/index.php\/wp-json\/wp\/v2\/product_tag?post=3641"}],"curies":[{"name":"wp","href":"https:\/\/api.w.org\/{rel}","templated":true}]}}