{"id":3643,"date":"2017-06-24T16:37:10","date_gmt":"2017-06-24T14:37:10","guid":{"rendered":"http:\/\/klubmamgdynia.pl\/index.php\/produkt\/maltex-lezaczek-do-kapieli-zebra-rozowy\/"},"modified":"2026-04-06T04:42:45","modified_gmt":"2026-04-06T02:42:45","slug":"maltex-lezaczek-do-kapieli-zebra-rozowy","status":"publish","type":"product","link":"http:\/\/klubmamgdynia.pl\/index.php\/produkt\/maltex-lezaczek-do-kapieli-zebra-rozowy\/","title":{"rendered":"Maltex Le\u017caczek Do K\u0105pieli Zebra R\u00f3\u017cowy"},"content":{"rendered":"<p>Le\u017caczek do k\u0105pieli Zeberka od Maltex Baby przeznaczony jest dla niemowlaka do oko\u0142o 6 miesi\u0105ca \u017cycia. Produkt zosta\u0142 odpowiednio zaprojektowany uwzgl\u0119dniaj\u0105c anatomi\u0119 dziecka i jego bezpieczn\u0105 pozycj\u0119 podczas k\u0105pieli.Wymiary:d\u0142ugo\u015b\u0107 48cmszeroko\u015b\u0107 24cmwysoko\u015b\u0107 19,5cmDost\u0119pny tak\u017ce w wersji z mat\u0105 antypo\u015blizgow\u0105.<\/p>\n<h2>Maltex Le\u017caczek Do K\u0105pieli Zebra R\u00f3\u017cowy Maltex<\/h2>\n<p>proste \u017carty na prima aprilis, wiosenna kolorowanka, drzewo genealogiczne do druku, jesienne zagadki, gry z pi\u0142k\u0105, historia pluszowego misia, aniela znaczenie imienia, szlaczki do druku, zabawy dla dzieci 9-12 lat, zaproszenia urodzinowe do druku, aurelia<\/p>\n<p>yyyyy<\/p>\n<p>&nbsp;<\/p>\n","protected":false},"excerpt":{"rendered":"<p>Le\u017caczek do k\u0105pieli Zeberka od Maltex Baby przeznaczony jest dla niemowlaka do oko\u0142o 6 miesi\u0105ca \u017cycia. Produkt zosta\u0142 odpowiednio zaprojektowany uwzgl\u0119dniaj\u0105c anatomi\u0119 dziecka i jego bezpieczn\u0105 pozycj\u0119 podczas k\u0105pieli.Wymiary:d\u0142ugo\u015b\u0107 48cmszeroko\u015b\u0107 24cmwysoko\u015b\u0107 19,5cmDost\u0119pny tak\u017ce w wersji z mat\u0105 antypo\u015blizgow\u0105. Maltex Le\u017caczek Do K\u0105pieli Zebra R\u00f3\u017cowy Maltex proste \u017carty na prima aprilis, wiosenna kolorowanka, drzewo genealogiczne do [&hellip;]<\/p>\n","protected":false},"featured_media":3644,"comment_status":"closed","ping_status":"open","template":"","meta":[],"product_cat":[958,960],"product_tag":[832,606,760],"class_list":["post-3643","product","type-product","status-publish","has-post-thumbnail","hentry","product_cat-komody-kapielowe-wanienki-i-przewijaki","product_cat-maltex","product_tag-desery-dla-dzieci","product_tag-stala-pod-sniegiem","product_tag-zagadka-matematyczna"],"_links":{"self":[{"href":"http:\/\/klubmamgdynia.pl\/index.php\/wp-json\/wp\/v2\/product\/3643","targetHints":{"allow":["GET"]}}],"collection":[{"href":"http:\/\/klubmamgdynia.pl\/index.php\/wp-json\/wp\/v2\/product"}],"about":[{"href":"http:\/\/klubmamgdynia.pl\/index.php\/wp-json\/wp\/v2\/types\/product"}],"replies":[{"embeddable":true,"href":"http:\/\/klubmamgdynia.pl\/index.php\/wp-json\/wp\/v2\/comments?post=3643"}],"wp:featuredmedia":[{"embeddable":true,"href":"http:\/\/klubmamgdynia.pl\/index.php\/wp-json\/wp\/v2\/media\/3644"}],"wp:attachment":[{"href":"http:\/\/klubmamgdynia.pl\/index.php\/wp-json\/wp\/v2\/media?parent=3643"}],"wp:term":[{"taxonomy":"product_cat","embeddable":true,"href":"http:\/\/klubmamgdynia.pl\/index.php\/wp-json\/wp\/v2\/product_cat?post=3643"},{"taxonomy":"product_tag","embeddable":true,"href":"http:\/\/klubmamgdynia.pl\/index.php\/wp-json\/wp\/v2\/product_tag?post=3643"}],"curies":[{"name":"wp","href":"https:\/\/api.w.org\/{rel}","templated":true}]}}