{"id":3645,"date":"2013-10-24T08:31:16","date_gmt":"2013-10-24T06:31:16","guid":{"rendered":"http:\/\/klubmamgdynia.pl\/index.php\/produkt\/ceba-baby-2-stronny-przewijak-z-usztywnieniem-50x80-comfort-kaczki-brazowy-50x70cm\/"},"modified":"2026-04-03T23:01:30","modified_gmt":"2026-04-03T21:01:30","slug":"ceba-baby-2-stronny-przewijak-z-usztywnieniem-50x80-comfort-kaczki-brazowy-50x70cm","status":"publish","type":"product","link":"http:\/\/klubmamgdynia.pl\/index.php\/produkt\/ceba-baby-2-stronny-przewijak-z-usztywnieniem-50x80-comfort-kaczki-brazowy-50x70cm\/","title":{"rendered":"Ceba Baby 2-Stronny Przewijak Z Usztywnieniem 50X80 Comfort Kaczki Br\u0105zowy 50X70Cm"},"content":{"rendered":"<p>Przewijak dzieci\u0119cy z solidnym usztywnieniem od marki Ceba Baby. Przewijak jest wyj\u0105tkowo solidny, mi\u0119kki i wygodny. Wype\u0142nienie o grubo\u015bci a\u017c 3 cm. Przewijak jest idealny dla noworodk\u00f3w, wykonany z wysokiej jako\u015bci materia\u0142u, dzi\u0119ki czemu bezpieczny nawet dla najbardziej wra\u017cliwej sk\u00f3ry.<\/p>\n<h2>Ceba Baby 2-Stronny Przewijak Z Usztywnieniem 50X80 Comfort Kaczki Br\u0105zowy 50X70Cm Ceba Baby<\/h2>\n<p>imie nadia, dorian, na roczek dla dziewczynki, ba\u015bniowe imiona \u017ce\u0144skie, warszawa atrakcje dla m\u0142odzie\u017cy<\/p>\n<p>yyyyy<\/p>\n<p>&nbsp;<\/p>\n","protected":false},"excerpt":{"rendered":"<p>Przewijak dzieci\u0119cy z solidnym usztywnieniem od marki Ceba Baby. Przewijak jest wyj\u0105tkowo solidny, mi\u0119kki i wygodny. Wype\u0142nienie o grubo\u015bci a\u017c 3 cm. Przewijak jest idealny dla noworodk\u00f3w, wykonany z wysokiej jako\u015bci materia\u0142u, dzi\u0119ki czemu bezpieczny nawet dla najbardziej wra\u017cliwej sk\u00f3ry. Ceba Baby 2-Stronny Przewijak Z Usztywnieniem 50X80 Comfort Kaczki Br\u0105zowy 50X70Cm Ceba Baby imie nadia, [&hellip;]<\/p>\n","protected":false},"featured_media":3646,"comment_status":"closed","ping_status":"open","template":"","meta":[],"product_cat":[959,958],"product_tag":[699,862,687,876,698,860],"class_list":["post-3645","product","type-product","status-publish","has-post-thumbnail","hentry","product_cat-ceba-baby","product_cat-komody-kapielowe-wanienki-i-przewijaki","product_tag-kolorowanki-do-druku-dla-dziewczyn","product_tag-nasza-zima-zla-tekst","product_tag-podchwytliwe-zagadki-matematyczne","product_tag-przyjazn","product_tag-zagadki-dla-przedszkolakow","product_tag-zagadki-logiczne-dla-doroslych"],"_links":{"self":[{"href":"http:\/\/klubmamgdynia.pl\/index.php\/wp-json\/wp\/v2\/product\/3645","targetHints":{"allow":["GET"]}}],"collection":[{"href":"http:\/\/klubmamgdynia.pl\/index.php\/wp-json\/wp\/v2\/product"}],"about":[{"href":"http:\/\/klubmamgdynia.pl\/index.php\/wp-json\/wp\/v2\/types\/product"}],"replies":[{"embeddable":true,"href":"http:\/\/klubmamgdynia.pl\/index.php\/wp-json\/wp\/v2\/comments?post=3645"}],"wp:featuredmedia":[{"embeddable":true,"href":"http:\/\/klubmamgdynia.pl\/index.php\/wp-json\/wp\/v2\/media\/3646"}],"wp:attachment":[{"href":"http:\/\/klubmamgdynia.pl\/index.php\/wp-json\/wp\/v2\/media?parent=3645"}],"wp:term":[{"taxonomy":"product_cat","embeddable":true,"href":"http:\/\/klubmamgdynia.pl\/index.php\/wp-json\/wp\/v2\/product_cat?post=3645"},{"taxonomy":"product_tag","embeddable":true,"href":"http:\/\/klubmamgdynia.pl\/index.php\/wp-json\/wp\/v2\/product_tag?post=3645"}],"curies":[{"name":"wp","href":"https:\/\/api.w.org\/{rel}","templated":true}]}}