{"id":3647,"date":"2018-08-09T07:52:35","date_gmt":"2018-08-09T05:52:35","guid":{"rendered":"http:\/\/klubmamgdynia.pl\/index.php\/produkt\/luxma-dmuchana-mata-wodna-sensoryczna-dla-niemowlat-5726\/"},"modified":"2026-05-02T13:02:46","modified_gmt":"2026-05-02T11:02:46","slug":"luxma-dmuchana-mata-wodna-sensoryczna-dla-niemowlat-5726","status":"publish","type":"product","link":"http:\/\/klubmamgdynia.pl\/index.php\/produkt\/luxma-dmuchana-mata-wodna-sensoryczna-dla-niemowlat-5726\/","title":{"rendered":"Luxma Dmuchana Mata Wodna Sensoryczna Dla Niemowl\u0105t (5726)"},"content":{"rendered":"<p>Dmuchana Mata Wodna Edukacyjna Sensoryczna dla niemowl\u0105t 5726Dmuchana mata wodna to \u015bwietne rozwi\u0105zanie dla rodzic\u00f3w, kt\u00f3rzy lubi\u0105 \u0142\u0105czy\u0107 przyjemne z po\u017cytecznym. \u015awietna zabawa, funkcja sensoryczna, rozw\u00f3j koordynacji, spos\u00f3b na kolki i b\u00f3l brzuszka to tylko kilka z zalet tego gad\u017cetu!Wymiary opakowania: 15 x 14 x 5 cmWymiary maty po nadmuchaniu: 66 x 50 cmWiek: 3 miesi\u0105ce +Zabawka posiada certyfikat CE, EN71.Dmuchana mata wodna dla niemowl\u0105t wykonana jest z wysokiej jako\u015bci tworzywa PCV (wolne od BPA), kt\u00f3re jest bardzo wytrzyma\u0142e. Obr\u0119cz maty nale\u017cy napompowa\u0107 powietrzem, a \u015brodek wype\u0142ni\u0107 wod\u0105. Mata jest \u0142atwa w konserwacji, wystarczy przetrze\u0107 s\u0105 mokr\u0105 szmatk\u0105. Dodatkowo \u0142atwo si\u0119 j\u0105 przechowuje, poniewa\u017c po z\u0142o\u017ceniu zajmuje malutko miejsca. Zalet\u0105 jest r\u00f3wnie\u017c to, \u017ce mo\u017cna j\u0105 zabra\u0107 ze sob\u0105 dos\u0142ownie wsz\u0119dzie.Wewn\u0105trz maty znajduj\u0105 si\u0119 kolorowe zwierz\u0105tka morskie. Dziecko chodz\u0105c po macie wprawia zwierz\u0105tka w ruch, zwierz\u0105tka przesuwaj\u0105 si\u0119 w wodzie i tym sposobem intryguj\u0105 dziecko.W jaki spos\u00f3b mata rozwija dziecko?Rozw\u00f3j sensoryczny: mata rozwija wszystkie zmys\u0142y malucha, wzrok, koncentracja, skupienie, dotyk to tylko niekt\u00f3re zmys\u0142y jakie rozwija zabawa z mat\u0105 dzi\u0119ki pi\u0119knej kolorystyce, ruchomym zwierz\u0105tkom oraz d\u017awi\u0119kowi chlupotania wody.Rozw\u00f3j koordynacji ruchowej: od urodzenia lekarze nakazuj\u0105 k\u0142a\u015b\u0107 niemowl\u0119ta na brzuszku w celu rozwoju ca\u0142ej postawy cia\u0142a dziecka. Mata wodna jest \u015bwietn\u0105 alternatyw\u0105 dla pod\u0142ogi i zwyk\u0142ych mat, poniewa\u017c dodatkowo stymuluje dziecko poprzez ciekawo\u015b\u0107 i zabaw\u0119. Nauka przez zabaw\u0119 szybko sprawi, \u017ce Twoje dziecko b\u0119dzie raczkowa\u0142o i prawid\u0142owo b\u0119d\u0105 rozwija\u0142y si\u0119 jego mi\u0119\u015bnie, a postawa b\u0119dzie nienaganna.Termoforek i spos\u00f3b na kolk\u0119 i b\u00f3l brzuszka: to kolejne niedocenione zastosowanie maty. Nalej do maty cieplej wody i u\u017cyj jej jako termoforek. Pami\u0119taj aby mi\u0119dzy mat\u0119 a dziecko da\u0107 kocyk albo pieluszk\u0119. Termoforek z\u0142agodzi b\u00f3l brzuszka, a kolorowe elementy i zabawa dodatkowo odwr\u00f3c\u0105 uwag\u0119 dziecka od b\u00f3lu.Rozwija wyobra\u017ani\u0119 dziecka.Zabawka zapakowana w \u0142adne pude\u0142ko, idealnie nadaje si\u0119 na prezent.<\/p>\n<h2>Luxma Dmuchana Mata Wodna Sensoryczna Dla Niemowl\u0105t (5726) Luxma<\/h2>\n<p>historia pluszowego misia, dyplomy szablony pdf, ko\u0142ysanki tekst, kolorowanki super zings, karty pracy obrazki do wyklejania plastelin\u0105, z\u0142ote my\u015bli o rodzinie, list do miko\u0142aja wz\u00f3r pdf, zadania dla 7 latka do druku, kolorowanki dla ch\u0142opc\u00f3w, zagadka logiczna dla dzieci, ch\u0142opcy z placu broni &#8211; test z odpowiedziami, \u017carty na prima aprilis dla ch\u0142opaka, test z lektury asiunia, m.i.a., na wyspach bergamutach tekst, prezent dla m\u0142odzie\u017cy, zagadki dla dzieci z odpowiedziami, smoki rysunek, kolorowanka dla dzieci<\/p>\n<p>yyyyy<\/p>\n<p>&nbsp;<\/p>\n","protected":false},"excerpt":{"rendered":"<p>Dmuchana Mata Wodna Edukacyjna Sensoryczna dla niemowl\u0105t 5726Dmuchana mata wodna to \u015bwietne rozwi\u0105zanie dla rodzic\u00f3w, kt\u00f3rzy lubi\u0105 \u0142\u0105czy\u0107 przyjemne z po\u017cytecznym. \u015awietna zabawa, funkcja sensoryczna, rozw\u00f3j koordynacji, spos\u00f3b na kolki i b\u00f3l brzuszka to tylko kilka z zalet tego gad\u017cetu!Wymiary opakowania: 15 x 14 x 5 cmWymiary maty po nadmuchaniu: 66 x 50 cmWiek: 3 [&hellip;]<\/p>\n","protected":false},"featured_media":3648,"comment_status":"closed","ping_status":"open","template":"","meta":[],"product_cat":[327,963],"product_tag":[819,598,758,707],"class_list":["post-3647","product","type-product","status-publish","has-post-thumbnail","hentry","product_cat-luxma","product_cat-pozostale-zabawki-dla-niemowlat","product_tag-co-kupic-nastolatce-na-swieta","product_tag-co-na-roczek-dla-dziewczynki","product_tag-julian","product_tag-karty-pracy-dla-dzieci-z-ukrainy"],"_links":{"self":[{"href":"http:\/\/klubmamgdynia.pl\/index.php\/wp-json\/wp\/v2\/product\/3647","targetHints":{"allow":["GET"]}}],"collection":[{"href":"http:\/\/klubmamgdynia.pl\/index.php\/wp-json\/wp\/v2\/product"}],"about":[{"href":"http:\/\/klubmamgdynia.pl\/index.php\/wp-json\/wp\/v2\/types\/product"}],"replies":[{"embeddable":true,"href":"http:\/\/klubmamgdynia.pl\/index.php\/wp-json\/wp\/v2\/comments?post=3647"}],"wp:featuredmedia":[{"embeddable":true,"href":"http:\/\/klubmamgdynia.pl\/index.php\/wp-json\/wp\/v2\/media\/3648"}],"wp:attachment":[{"href":"http:\/\/klubmamgdynia.pl\/index.php\/wp-json\/wp\/v2\/media?parent=3647"}],"wp:term":[{"taxonomy":"product_cat","embeddable":true,"href":"http:\/\/klubmamgdynia.pl\/index.php\/wp-json\/wp\/v2\/product_cat?post=3647"},{"taxonomy":"product_tag","embeddable":true,"href":"http:\/\/klubmamgdynia.pl\/index.php\/wp-json\/wp\/v2\/product_tag?post=3647"}],"curies":[{"name":"wp","href":"https:\/\/api.w.org\/{rel}","templated":true}]}}