{"id":3649,"date":"2012-01-04T05:30:39","date_gmt":"2012-01-04T04:30:39","guid":{"rendered":"http:\/\/klubmamgdynia.pl\/index.php\/produkt\/mattel-amigami-wiewiorka-domek-bhn46-blv44\/"},"modified":"2026-05-17T20:53:57","modified_gmt":"2026-05-17T18:53:57","slug":"mattel-amigami-wiewiorka-domek-bhn46-blv44","status":"publish","type":"product","link":"http:\/\/klubmamgdynia.pl\/index.php\/produkt\/mattel-amigami-wiewiorka-domek-bhn46-blv44\/","title":{"rendered":"Mattel Amigami Wiewi\u00f3rka + Domek BHN46 BLV44"},"content":{"rendered":"<p>Mattel AmiGami Piesek i Domek BHN46 BLV44 Zupe\u0142nie nowy spos\u00f3b na pokazanie Twojej kreatywno\u015bci! Plastikowa, pi\u0119kna figurka AmiGami, kt\u00f3r\u0105 mo\u017cesz udekorowa\u0107 na wiele niepowtarzalnych sposob\u00f3w. U\u017cywaj\u0105c papierowych element\u00f3w, naklejek i przyrz\u0105du do zakr\u0119cania mo\u017cesz tworzy\u0107 ponad 500 wyj\u0105tkowych kombinacji. W zestawie: zwierz\u0105tko do dekoracji, domek, 70 papierowych cz\u0119\u015bci do dekoracji zwierz\u0105tka i domku, narz\u0119dzie do zakr\u0119cania, 18 wpinek i nasadek, 65 naklejek wielokrotnego u\u017cytku. Wysoko\u015b\u0107 zwierz\u0105tka bez dekoracji: 8 cm. Wysoko\u015b\u0107 domku bez dekoracji: 17 cm.<\/p>\n<h2>Mattel Amigami Wiewi\u00f3rka + Domek BHN46 BLV44 Mattel<\/h2>\n<p>trudne \u0142amig\u0142\u00f3wki, p\u0142ywalnie warszawa, zabawa dla 7 latka, tajemniczy ogr\u00f3d test z lektury, filmy rodzinne na halloween, proste dekoracje bo\u017conarodzeniowe dla dzieci, bajki do czytania dla ch\u0142opc\u00f3w, lidia imie, kolorowanki uk\u0142ad s\u0142oneczny, cytaty o macierzy\u0144stwie<\/p>\n<p>yyyyy<\/p>\n<p>&nbsp;<\/p>\n","protected":false},"excerpt":{"rendered":"<p>Mattel AmiGami Piesek i Domek BHN46 BLV44 Zupe\u0142nie nowy spos\u00f3b na pokazanie Twojej kreatywno\u015bci! Plastikowa, pi\u0119kna figurka AmiGami, kt\u00f3r\u0105 mo\u017cesz udekorowa\u0107 na wiele niepowtarzalnych sposob\u00f3w. U\u017cywaj\u0105c papierowych element\u00f3w, naklejek i przyrz\u0105du do zakr\u0119cania mo\u017cesz tworzy\u0107 ponad 500 wyj\u0105tkowych kombinacji. W zestawie: zwierz\u0105tko do dekoracji, domek, 70 papierowych cz\u0119\u015bci do dekoracji zwierz\u0105tka i domku, narz\u0119dzie do [&hellip;]<\/p>\n","protected":false},"featured_media":3650,"comment_status":"closed","ping_status":"open","template":"","meta":[],"product_cat":[95,289],"product_tag":[580,613,665,628,756],"class_list":["post-3649","product","type-product","status-publish","has-post-thumbnail","hentry","product_cat-figurki-makiety-i-zestawy","product_cat-mattel","product_tag-janusz","product_tag-na-wyspach-bergamutach","product_tag-proste-zagadki","product_tag-zagadka","product_tag-zaproszenie-na-urodziny-do-druku"],"_links":{"self":[{"href":"http:\/\/klubmamgdynia.pl\/index.php\/wp-json\/wp\/v2\/product\/3649","targetHints":{"allow":["GET"]}}],"collection":[{"href":"http:\/\/klubmamgdynia.pl\/index.php\/wp-json\/wp\/v2\/product"}],"about":[{"href":"http:\/\/klubmamgdynia.pl\/index.php\/wp-json\/wp\/v2\/types\/product"}],"replies":[{"embeddable":true,"href":"http:\/\/klubmamgdynia.pl\/index.php\/wp-json\/wp\/v2\/comments?post=3649"}],"wp:featuredmedia":[{"embeddable":true,"href":"http:\/\/klubmamgdynia.pl\/index.php\/wp-json\/wp\/v2\/media\/3650"}],"wp:attachment":[{"href":"http:\/\/klubmamgdynia.pl\/index.php\/wp-json\/wp\/v2\/media?parent=3649"}],"wp:term":[{"taxonomy":"product_cat","embeddable":true,"href":"http:\/\/klubmamgdynia.pl\/index.php\/wp-json\/wp\/v2\/product_cat?post=3649"},{"taxonomy":"product_tag","embeddable":true,"href":"http:\/\/klubmamgdynia.pl\/index.php\/wp-json\/wp\/v2\/product_tag?post=3649"}],"curies":[{"name":"wp","href":"https:\/\/api.w.org\/{rel}","templated":true}]}}