{"id":365,"date":"2020-03-03T16:36:44","date_gmt":"2020-03-03T15:36:44","guid":{"rendered":"http:\/\/klubmamgdynia.pl\/index.php\/produkt\/carrera-grandprix3-80s-9o-one-size-64\/"},"modified":"2026-04-18T16:03:17","modified_gmt":"2026-04-18T14:03:17","slug":"carrera-grandprix3-80s-9o-one-size-64","status":"publish","type":"product","link":"http:\/\/klubmamgdynia.pl\/index.php\/produkt\/carrera-grandprix3-80s-9o-one-size-64\/","title":{"rendered":"Carrera GRANDPRIX3 80S\/9O ONE SIZE (64)"},"content":{"rendered":"<p>Carrera Historia Carrery rozpocz\u0119\u0142a si\u0119 w 1956 roku, kiedy Wilhelm Anger zdecydowa\u0142 si\u0119 nazwa\u0107 swoj\u0105 firm\u0119 produkuj\u0105c\u0105 sportowe gogle na cze\u015b\u0107 najd\u0142u\u017cszego, najszybszego i najbardziej niebezpiecznego wy\u015bcigu na \u015bwiecie \u2013 Carrera Panamericana. Dzisiaj, przy wykorzystaniu najnowszej technologii, Carrera perfekcyjnie \u0142\u0105czy w sobie miejski styl ze swoim sportowym dziedzictwem. Dla kogo? Okulary przeciws\u0142oneczne Carrera GRANDPRIX3 80S\/9O s\u0105 cz\u0119\u015bci\u0105 najnowszej kolekcji marki Carrera, kt\u00f3ra zosta\u0142a starannie przygotowana dla m\u0119\u017cczyzn. Elegancki model z pe\u0142nymi oprawkami odzwierciedla najnowsze trendy w\u015br\u00f3d okular\u00f3w wsp\u00f3\u0142czesnych projektant\u00f3w, a jego pilotkowy kszta\u0142t sprawia, \u017ce Carrera GRANDPRIX3 stanowi idealny wyb\u00f3r szczeg\u00f3lnie dla okr\u0105g\u0142ej, owalnej lub kwadratowej twarzy. Materia\u0142y Materia\u0142 u\u017cyty do wytworzenia oprawek to lekkie tworzywo sztuczne, kt\u00f3re zapewnia wyj\u0105tkow\u0105 niezawodno\u015b\u0107 i trwa\u0142o\u015b\u0107. Soczewki zaprojektowano tak, aby blokowa\u0142y 100% szkodliwego promieniowania UV. Darmowa dostawa Kup okulary Carrera GRANDPRIX3 80S\/9O na eyerim ju\u017c teraz i skorzystaj z bezp\u0142atnej dostawy w oryginalnym opakowaniu ochronnym bezpo\u015brednio pod Twoje drzwi.<\/p>\n<h2>Carrera GRANDPRIX3 80S\/9O ONE SIZE (64) Carrera<\/h2>\n<p>kolorowanki do wydruku, pomys\u0142 na prezent dla nastolatki, prezent dla nastolatk\u00f3w ch\u0142opc\u00f3w, quiz o dinozaurach, bajki dla niemowl\u0105t do czytania, kolorowanki pokemon do druku, prezenty na roczek, ilona, sporty po francusku, zima z\u0142a tekst, zagadki dla dzieci 9-10 lat z odpowiedziami, miasto dzieci.pl, r\u00f3\u017ca imie, zaproszenia do druku<\/p>\n<p>yyyyy<\/p>\n<p>&nbsp;<\/p>\n","protected":false},"excerpt":{"rendered":"<p>Carrera Historia Carrery rozpocz\u0119\u0142a si\u0119 w 1956 roku, kiedy Wilhelm Anger zdecydowa\u0142 si\u0119 nazwa\u0107 swoj\u0105 firm\u0119 produkuj\u0105c\u0105 sportowe gogle na cze\u015b\u0107 najd\u0142u\u017cszego, najszybszego i najbardziej niebezpiecznego wy\u015bcigu na \u015bwiecie \u2013 Carrera Panamericana. Dzisiaj, przy wykorzystaniu najnowszej technologii, Carrera perfekcyjnie \u0142\u0105czy w sobie miejski styl ze swoim sportowym dziedzictwem. Dla kogo? Okulary przeciws\u0142oneczne Carrera GRANDPRIX3 80S\/9O [&hellip;]<\/p>\n","protected":false},"featured_media":366,"comment_status":"closed","ping_status":"open","template":"","meta":[],"product_cat":[140,154],"product_tag":[740,807,870,812],"class_list":["post-365","product","type-product","status-publish","has-post-thumbnail","hentry","product_cat-carrera","product_cat-okulary-przeciwsloneczne-damskie","product_tag-fajne-prezenty-dla-nastolatkow","product_tag-logiczne-zagadki","product_tag-prezent-dla-chlopca-na-roczek","product_tag-zagadki-logiczne-na-inteligencje"],"_links":{"self":[{"href":"http:\/\/klubmamgdynia.pl\/index.php\/wp-json\/wp\/v2\/product\/365","targetHints":{"allow":["GET"]}}],"collection":[{"href":"http:\/\/klubmamgdynia.pl\/index.php\/wp-json\/wp\/v2\/product"}],"about":[{"href":"http:\/\/klubmamgdynia.pl\/index.php\/wp-json\/wp\/v2\/types\/product"}],"replies":[{"embeddable":true,"href":"http:\/\/klubmamgdynia.pl\/index.php\/wp-json\/wp\/v2\/comments?post=365"}],"wp:featuredmedia":[{"embeddable":true,"href":"http:\/\/klubmamgdynia.pl\/index.php\/wp-json\/wp\/v2\/media\/366"}],"wp:attachment":[{"href":"http:\/\/klubmamgdynia.pl\/index.php\/wp-json\/wp\/v2\/media?parent=365"}],"wp:term":[{"taxonomy":"product_cat","embeddable":true,"href":"http:\/\/klubmamgdynia.pl\/index.php\/wp-json\/wp\/v2\/product_cat?post=365"},{"taxonomy":"product_tag","embeddable":true,"href":"http:\/\/klubmamgdynia.pl\/index.php\/wp-json\/wp\/v2\/product_tag?post=365"}],"curies":[{"name":"wp","href":"https:\/\/api.w.org\/{rel}","templated":true}]}}