{"id":3651,"date":"2022-02-07T12:02:10","date_gmt":"2022-02-07T11:02:10","guid":{"rendered":"http:\/\/klubmamgdynia.pl\/index.php\/produkt\/maltex-wanienka-zebra-bezowa-84cm\/"},"modified":"2026-04-05T20:00:23","modified_gmt":"2026-04-05T18:00:23","slug":"maltex-wanienka-zebra-bezowa-84cm","status":"publish","type":"product","link":"http:\/\/klubmamgdynia.pl\/index.php\/produkt\/maltex-wanienka-zebra-bezowa-84cm\/","title":{"rendered":"Maltex Wanienka Zebra Be\u017cowa 84Cm"},"content":{"rendered":"<p>Wanna 84 cm z kolekcji \u201cZeberka\u201d od Maltex Baby przeznaczona jest do piel\u0119gnacji dzieci i niemowl\u0105t. Wanienka dodatkowo wyposa\u017cona jest w 2 miejsca na akcesoria k\u0105pielowe.Wymiary d\u0142\/szer\/wys: 84 cm\/ 48 cm\/ 28 cm<\/p>\n<h2>Maltex Wanienka Zebra Be\u017cowa 84Cm <\/h2>\n<p>pokemon kolorowanki, cytat z kubusia puchatka o mi\u0142o\u015bci, kreatywne zabawy dla 10 latka, malowanki \u015bwi\u0105teczne, co oznacza nazwa jordan, s\u0142oneczko, psi patrol do czytania<\/p>\n<p>yyyyy<\/p>\n<p>&nbsp;<\/p>\n","protected":false},"excerpt":{"rendered":"<p>Wanna 84 cm z kolekcji \u201cZeberka\u201d od Maltex Baby przeznaczona jest do piel\u0119gnacji dzieci i niemowl\u0105t. Wanienka dodatkowo wyposa\u017cona jest w 2 miejsca na akcesoria k\u0105pielowe.Wymiary d\u0142\/szer\/wys: 84 cm\/ 48 cm\/ 28 cm Maltex Wanienka Zebra Be\u017cowa 84Cm pokemon kolorowanki, cytat z kubusia puchatka o mi\u0142o\u015bci, kreatywne zabawy dla 10 latka, malowanki \u015bwi\u0105teczne, co oznacza [&hellip;]<\/p>\n","protected":false},"featured_media":3652,"comment_status":"closed","ping_status":"open","template":"","meta":[],"product_cat":[958],"product_tag":[583,787,684],"class_list":["post-3651","product","type-product","status-publish","has-post-thumbnail","hentry","product_cat-komody-kapielowe-wanienki-i-przewijaki","product_tag-kolysanki-dla-dzieci-tekst","product_tag-nauka-pisania-wyrazow-dla-dzieci-do-druku-pdf","product_tag-prezent-dla-dziewczynki-na-roczek"],"_links":{"self":[{"href":"http:\/\/klubmamgdynia.pl\/index.php\/wp-json\/wp\/v2\/product\/3651","targetHints":{"allow":["GET"]}}],"collection":[{"href":"http:\/\/klubmamgdynia.pl\/index.php\/wp-json\/wp\/v2\/product"}],"about":[{"href":"http:\/\/klubmamgdynia.pl\/index.php\/wp-json\/wp\/v2\/types\/product"}],"replies":[{"embeddable":true,"href":"http:\/\/klubmamgdynia.pl\/index.php\/wp-json\/wp\/v2\/comments?post=3651"}],"wp:featuredmedia":[{"embeddable":true,"href":"http:\/\/klubmamgdynia.pl\/index.php\/wp-json\/wp\/v2\/media\/3652"}],"wp:attachment":[{"href":"http:\/\/klubmamgdynia.pl\/index.php\/wp-json\/wp\/v2\/media?parent=3651"}],"wp:term":[{"taxonomy":"product_cat","embeddable":true,"href":"http:\/\/klubmamgdynia.pl\/index.php\/wp-json\/wp\/v2\/product_cat?post=3651"},{"taxonomy":"product_tag","embeddable":true,"href":"http:\/\/klubmamgdynia.pl\/index.php\/wp-json\/wp\/v2\/product_tag?post=3651"}],"curies":[{"name":"wp","href":"https:\/\/api.w.org\/{rel}","templated":true}]}}