{"id":3655,"date":"2024-05-12T09:44:18","date_gmt":"2024-05-12T07:44:18","guid":{"rendered":"http:\/\/klubmamgdynia.pl\/?post_type=product&#038;p=3655"},"modified":"2026-04-06T01:29:52","modified_gmt":"2026-04-05T23:29:52","slug":"duzy-zestaw-do-piasku-slonik-foremki-konewka-273","status":"publish","type":"product","link":"http:\/\/klubmamgdynia.pl\/index.php\/produkt\/duzy-zestaw-do-piasku-slonik-foremki-konewka-273\/","title":{"rendered":"DU\u017bY ZESTAW DO PIASKU S\u0141ONIK FOREMKI KONEWKA 273"},"content":{"rendered":"<p>Du\u017cy zestaw do piasku piaskownicy s\u0142onik foremki konewka podwodny \u015bwiat HG-273Zestaw na lato i nie tylko! Prezentujemy \u015bwietny zestaw do piasku, piaskownicy, ogrodu i na pla\u017c\u0119. Zestaw do piasku to zabawka, kt\u00f3re na d\u0142ugi czas zajmie Twoje dziecko. \u015awietna kolorystyka i du\u017co element\u00f3w pe\u0142ni\u0105cych r\u00f3\u017cne funkcje uatrakcyjni\u0105 dodatkowo zabaw\u0119.Taka zabawa nie tylko dobrze rozwijaj\u0105 zdolno\u015bci motoryczne dziecka, ale tak\u017ce pomagaj\u0105 pozna\u0107 nazwy zwierz\u0105tek morskich.Zabawa piaskiem rozwija kreatywno\u015b\u0107 oraz wyobra\u017ani\u0119 przestrzenn\u0105. Zabawa w piasku wspomaga koordynacj\u0119 wzrokowo ruchow\u0105, rozwija zr\u0119czno\u015b\u0107 oraz precyzj\u0119.Sprawdzi si\u0119 zar\u00f3wno na pla\u017cy jak i w domowej piaskownicy. Intensywne kolory i \u015bliczne kszta\u0142ty na pewno spodobaj\u0105 si\u0119 najm\u0142odszym.Wymiary wiaderka s\u0142onika: wys. 11 x szer. 17 x g\u0142. 16 cmWymiary wiaderka z r\u0105czk\u0105: wys. 23 x szer. 17 x g\u0142. 16 cmWymiary konewki z r\u0105czk\u0105: wys. 13 x szer. 11 x g\u0142. 8 cmWymiary foremek: ok. 12 x 10 cmWymiary \u0142opatki: 18 x 8 x 4 cmWymiary grabek: 18 x 8 x 4 cmWiek: 3+Zabawka posiada certyfikat CE, EN71.W sk\u0142ad zestawu wchodzi:Wiaderko z sylikonowym uchwytemKonewka z sylikonowym uchwytem3 foremki (rozgwiazda, krab, o\u015bmiorniczka)\u0141opatkaGrabkiZabawka zapakowana w siateczk\u0119, idealnie nadaje si\u0119 na prezent&#8230;.<\/p>\n<h2>DU\u017bY ZESTAW DO PIASKU S\u0141ONIK FOREMKI KONEWKA 273 Luxma<\/h2>\n<p>imi\u0119 pola, zagadki dla 6 latka, \u0142amig\u0142\u00f3wki dla dzieci, bajki dla niemowl\u0105t, cytaty dla dzieci, mariola, zagadki zimowe dla dzieci, przek\u0105ski na urodziny dziecka, quiz o usa, jak narysowa\u0107 \u017cab\u0119, narodziny dziecka cytaty, estera<\/p>\n<p>yyyyy<\/p>\n<p>&nbsp;<\/p>\n","protected":false},"excerpt":{"rendered":"<p>Du\u017cy zestaw do piasku piaskownicy s\u0142onik foremki konewka podwodny \u015bwiat HG-273Zestaw na lato i nie tylko! Prezentujemy \u015bwietny zestaw do piasku, piaskownicy, ogrodu i na pla\u017c\u0119. Zestaw do piasku to zabawka, kt\u00f3re na d\u0142ugi czas zajmie Twoje dziecko. \u015awietna kolorystyka i du\u017co element\u00f3w pe\u0142ni\u0105cych r\u00f3\u017cne funkcje uatrakcyjni\u0105 dodatkowo zabaw\u0119.Taka zabawa nie tylko dobrze rozwijaj\u0105 zdolno\u015bci [&hellip;]<\/p>\n","protected":false},"featured_media":3656,"comment_status":"closed","ping_status":"open","template":"","meta":[],"product_cat":[327,295],"product_tag":[765,637,625,762,693,796],"class_list":["post-3655","product","type-product","status-publish","has-post-thumbnail","hentry","product_cat-luxma","product_cat-pozostale-zabawki","product_tag-atrakcje-dla-dzieci-warszawa","product_tag-niech-zyja-wakacje-tekst","product_tag-trojmiasto-atrakcje-dla-dzieci","product_tag-trudne-zagadki-dla-dzieci","product_tag-zagadki-dla-doroslych","product_tag-zagatki"],"_links":{"self":[{"href":"http:\/\/klubmamgdynia.pl\/index.php\/wp-json\/wp\/v2\/product\/3655","targetHints":{"allow":["GET"]}}],"collection":[{"href":"http:\/\/klubmamgdynia.pl\/index.php\/wp-json\/wp\/v2\/product"}],"about":[{"href":"http:\/\/klubmamgdynia.pl\/index.php\/wp-json\/wp\/v2\/types\/product"}],"replies":[{"embeddable":true,"href":"http:\/\/klubmamgdynia.pl\/index.php\/wp-json\/wp\/v2\/comments?post=3655"}],"wp:featuredmedia":[{"embeddable":true,"href":"http:\/\/klubmamgdynia.pl\/index.php\/wp-json\/wp\/v2\/media\/3656"}],"wp:attachment":[{"href":"http:\/\/klubmamgdynia.pl\/index.php\/wp-json\/wp\/v2\/media?parent=3655"}],"wp:term":[{"taxonomy":"product_cat","embeddable":true,"href":"http:\/\/klubmamgdynia.pl\/index.php\/wp-json\/wp\/v2\/product_cat?post=3655"},{"taxonomy":"product_tag","embeddable":true,"href":"http:\/\/klubmamgdynia.pl\/index.php\/wp-json\/wp\/v2\/product_tag?post=3655"}],"curies":[{"name":"wp","href":"https:\/\/api.w.org\/{rel}","templated":true}]}}