{"id":3657,"date":"2011-09-10T22:02:43","date_gmt":"2011-09-10T20:02:43","guid":{"rendered":"http:\/\/klubmamgdynia.pl\/index.php\/produkt\/smily-play-zawieszka-grzechotka-lis-pluszowy\/"},"modified":"2026-05-17T22:39:04","modified_gmt":"2026-05-17T20:39:04","slug":"smily-play-zawieszka-grzechotka-lis-pluszowy","status":"publish","type":"product","link":"http:\/\/klubmamgdynia.pl\/index.php\/produkt\/smily-play-zawieszka-grzechotka-lis-pluszowy\/","title":{"rendered":"Smily Play Zawieszka Grzechotka Lis Pluszowy"},"content":{"rendered":"<p>Zawieszka grzechotka Lis PluszowyPrzytulaczek zwierz\u0105tko, zaciekawi Twoje dziecko wieloma weso\u0142ymi funkcjami. Zabawka o \u017cywych, radosnych kolorach najbardziej spodoba si\u0119 najm\u0142odszym dzieciom. Tw\u00f3j maluszek z pewno\u015bci\u0105 pokocha zabaw\u0119 z przyjacielskim zwierzakiem!Zabawki graj\u0105ce Smily Play s\u0105 skierowane do najm\u0142odszych dzieci. Wiadomo, \u017ce zabawki powinny towarzyszy\u0107 dziecku w jego rozwoju, inspirowa\u0107 i zach\u0119ca\u0107 do aktywno\u015bci. Dlatego powsta\u0142 pomys\u0142 na pluszowe zawieszki.Pluszak na swoim brzuszku posiada kolorowy przycisk funkcyjny, kt\u00f3ry uruchamia r\u00f3\u017cne melodie i \u015bwiate\u0142ka. Dodatkowo ca\u0142y jest mi\u0119ciutki. Po kilku minutach bez zabawy, sam si\u0119 wy\u0142\u0105cza.Co zyskuje Twoje dziecko?Rozwija sprawno\u015b\u0107 manualn\u0105 dziecka.Stymuluje zmys\u0142 wzroku i s\u0142uchu.Wspaniale pobudza wyobra\u017ani\u0119 staj\u0105c si\u0119 towarzyszem zabaw.Informacje o produkcieNr katalogowy720021Wymagania wiekowe od 3 miesi\u0119cyP\u0142e\u0107 Ch\u0142opcyDziewczynkiProdukt na baterie TakBaterie w zestawie TakZasilanie Baterie\/akumulatory AAAKolor WielokolorowyWymiary20 x 22,8 x 8,3 cm<\/p>\n<h2>Smily Play Zawieszka Grzechotka Lis Pluszowy Smily Play<\/h2>\n<p>rzadkie imiona japo\u0144skie, alan znaczenie imienia, el\u017cbieta imi\u0119, cyferki do druku, alfons, spongebob kolorowanka, maski do wydruku, skye kolorowanka, prezent dla jedenastolatki, ida swieta wielkanocne ida swieta, zagadki dla 7 latk\u00f3w<\/p>\n<p>yyyyy<\/p>\n<p>&nbsp;<\/p>\n","protected":false},"excerpt":{"rendered":"<p>Zawieszka grzechotka Lis PluszowyPrzytulaczek zwierz\u0105tko, zaciekawi Twoje dziecko wieloma weso\u0142ymi funkcjami. Zabawka o \u017cywych, radosnych kolorach najbardziej spodoba si\u0119 najm\u0142odszym dzieciom. Tw\u00f3j maluszek z pewno\u015bci\u0105 pokocha zabaw\u0119 z przyjacielskim zwierzakiem!Zabawki graj\u0105ce Smily Play s\u0105 skierowane do najm\u0142odszych dzieci. Wiadomo, \u017ce zabawki powinny towarzyszy\u0107 dziecku w jego rozwoju, inspirowa\u0107 i zach\u0119ca\u0107 do aktywno\u015bci. Dlatego powsta\u0142 pomys\u0142 [&hellip;]<\/p>\n","protected":false},"featured_media":3658,"comment_status":"closed","ping_status":"open","template":"","meta":[],"product_cat":[63,62],"product_tag":[681,755,745,616,601],"class_list":["post-3657","product","type-product","status-publish","has-post-thumbnail","hentry","product_cat-grzechotki-i-gryzaki","product_cat-smily-play","product_tag-flagi-europy-quiz","product_tag-henryk","product_tag-prezent-dla-15-latki","product_tag-test-mikolajek-25-pytan","product_tag-zagadki-co-to-jest"],"_links":{"self":[{"href":"http:\/\/klubmamgdynia.pl\/index.php\/wp-json\/wp\/v2\/product\/3657","targetHints":{"allow":["GET"]}}],"collection":[{"href":"http:\/\/klubmamgdynia.pl\/index.php\/wp-json\/wp\/v2\/product"}],"about":[{"href":"http:\/\/klubmamgdynia.pl\/index.php\/wp-json\/wp\/v2\/types\/product"}],"replies":[{"embeddable":true,"href":"http:\/\/klubmamgdynia.pl\/index.php\/wp-json\/wp\/v2\/comments?post=3657"}],"wp:featuredmedia":[{"embeddable":true,"href":"http:\/\/klubmamgdynia.pl\/index.php\/wp-json\/wp\/v2\/media\/3658"}],"wp:attachment":[{"href":"http:\/\/klubmamgdynia.pl\/index.php\/wp-json\/wp\/v2\/media?parent=3657"}],"wp:term":[{"taxonomy":"product_cat","embeddable":true,"href":"http:\/\/klubmamgdynia.pl\/index.php\/wp-json\/wp\/v2\/product_cat?post=3657"},{"taxonomy":"product_tag","embeddable":true,"href":"http:\/\/klubmamgdynia.pl\/index.php\/wp-json\/wp\/v2\/product_tag?post=3657"}],"curies":[{"name":"wp","href":"https:\/\/api.w.org\/{rel}","templated":true}]}}