{"id":3661,"date":"2017-05-12T06:15:51","date_gmt":"2017-05-12T04:15:51","guid":{"rendered":"http:\/\/klubmamgdynia.pl\/index.php\/produkt\/casdon-poczta-zabawkowa-stoisko-waga-kartki-akcesoria-zabawka\/"},"modified":"2026-04-26T17:32:43","modified_gmt":"2026-04-26T15:32:43","slug":"casdon-poczta-zabawkowa-stoisko-waga-kartki-akcesoria-zabawka","status":"publish","type":"product","link":"http:\/\/klubmamgdynia.pl\/index.php\/produkt\/casdon-poczta-zabawkowa-stoisko-waga-kartki-akcesoria-zabawka\/","title":{"rendered":"Casdon Poczta Zabawkowa Stoisko Waga Kartki Akcesoria &#8211; Zabawka"},"content":{"rendered":"<p>Zabawkowa poczta dla dzieci 30 element\u00f3wZosta\u0142a stworzona przez szybko rozwijaj\u0105c\u0105 si\u0119 angielsk\u0105 firm\u0119 Casdon, kt\u00f3ra z my\u015bl\u0105 o dzieciach uwielbiaj\u0105cych wciela\u0107 si\u0119 w rol\u0119 doros\u0142ych projektuje wysokiej jako\u015bci zabawki imituj\u0105ce sprz\u0119ty AGD.Poczta jest wykonana z materia\u0142\u00f3w wysokiej jako\u015bci w kolorze czerwonym z \u017c\u00f3\u0142to-szarymi elementami, co sprawia, \u017ce ca\u0142o\u015b\u0107 wygl\u0105da bardzo estetycznie i zach\u0119ca do zabawy.Stoisko pocztowe wyposa\u017cone jest we wszystkie niezb\u0119dne akcesoria takie jak: waga, skrytka pocztowa, banknoty oraz monety, druczki pocztowe, znaczki, koperty, gazety oraz kartki okoliczno\u015bciowe, notatnik oraz o\u0142\u00f3wek. Dzi\u0119ki wszystkim tym elementom zabawa poczt\u0105 Casdon jest jeszcze bardziej realistyczna i daje mn\u00f3stwo rado\u015bci dzieciom.Poczta zabawkowa to doskona\u0142a zabawka dla ka\u017cdego dziecka, kt\u00f3re fascynuje si\u0119 codziennym \u017cyciem doros\u0142ych. Zabawka stymuluje rozw\u00f3j dziecka: rozwija wyobra\u017anie oraz umiej\u0119tno\u015bci spo\u0142eczne, wspomaga koordynacj\u0119 ruchowo-wzrokow\u0105, kszta\u0142tuje zdolno\u015bci motoryczne, uczy rozwi\u0105zywania problem\u00f3w oraz pomaga w nauce liczenia. To doskona\u0142y pomys\u0142 na prezent, kt\u00f3ry uczy poprzez zabaw\u0119.w zestawie: stoisko pocztowe oraz akcesoriazabawka przeznaczona od 3 roku \u017cyciawymiary opakowania: 28 x 24,5 x 9 cmzabawka wykonana z plastikukod produktu: 53250<\/p>\n<h2>Casdon Poczta Zabawkowa Stoisko Waga Kartki Akcesoria &#8211; Zabawka Casdon<\/h2>\n<p>basen \u015bl\u0105sk, prezent na urodziny dla nastolatk\u00f3w, zagadki o zwierz\u0119tach, zagadki z odpowiedziami \u015bmieszne, kajko i kokosz szko\u0142a latania test z odpowiedziami, kolorowanka lego friends, test opowie\u015b\u0107 wigilijna, co dla rocznego dziecka, kolorowanki star wars<\/p>\n<p>yyyyy<\/p>\n<p>&nbsp;<\/p>\n","protected":false},"excerpt":{"rendered":"<p>Zabawkowa poczta dla dzieci 30 element\u00f3wZosta\u0142a stworzona przez szybko rozwijaj\u0105c\u0105 si\u0119 angielsk\u0105 firm\u0119 Casdon, kt\u00f3ra z my\u015bl\u0105 o dzieciach uwielbiaj\u0105cych wciela\u0107 si\u0119 w rol\u0119 doros\u0142ych projektuje wysokiej jako\u015bci zabawki imituj\u0105ce sprz\u0119ty AGD.Poczta jest wykonana z materia\u0142\u00f3w wysokiej jako\u015bci w kolorze czerwonym z \u017c\u00f3\u0142to-szarymi elementami, co sprawia, \u017ce ca\u0142o\u015b\u0107 wygl\u0105da bardzo estetycznie i zach\u0119ca do zabawy.Stoisko [&hellip;]<\/p>\n","protected":false},"featured_media":3662,"comment_status":"closed","ping_status":"open","template":"","meta":[],"product_cat":[1097,53],"product_tag":[676,755,594,629,581,597],"class_list":["post-3661","product","type-product","status-publish","has-post-thumbnail","hentry","product_cat-casdon","product_cat-kaciki-zabaw","product_tag-bursztynek","product_tag-henryk","product_tag-podchwytliwe-zagadki-dla-dzieci","product_tag-smieszne-zagadki-z-odpowiedziami","product_tag-zagadki-dla-8-latka","product_tag-zagadki-o-zimie"],"_links":{"self":[{"href":"http:\/\/klubmamgdynia.pl\/index.php\/wp-json\/wp\/v2\/product\/3661","targetHints":{"allow":["GET"]}}],"collection":[{"href":"http:\/\/klubmamgdynia.pl\/index.php\/wp-json\/wp\/v2\/product"}],"about":[{"href":"http:\/\/klubmamgdynia.pl\/index.php\/wp-json\/wp\/v2\/types\/product"}],"replies":[{"embeddable":true,"href":"http:\/\/klubmamgdynia.pl\/index.php\/wp-json\/wp\/v2\/comments?post=3661"}],"wp:featuredmedia":[{"embeddable":true,"href":"http:\/\/klubmamgdynia.pl\/index.php\/wp-json\/wp\/v2\/media\/3662"}],"wp:attachment":[{"href":"http:\/\/klubmamgdynia.pl\/index.php\/wp-json\/wp\/v2\/media?parent=3661"}],"wp:term":[{"taxonomy":"product_cat","embeddable":true,"href":"http:\/\/klubmamgdynia.pl\/index.php\/wp-json\/wp\/v2\/product_cat?post=3661"},{"taxonomy":"product_tag","embeddable":true,"href":"http:\/\/klubmamgdynia.pl\/index.php\/wp-json\/wp\/v2\/product_tag?post=3661"}],"curies":[{"name":"wp","href":"https:\/\/api.w.org\/{rel}","templated":true}]}}