{"id":3665,"date":"2012-06-25T06:49:24","date_gmt":"2012-06-25T04:49:24","guid":{"rendered":"http:\/\/klubmamgdynia.pl\/index.php\/produkt\/waga-szalkowa-edukacyjna-nauka-liczenia-pies-mala\/"},"modified":"2026-05-17T22:03:09","modified_gmt":"2026-05-17T20:03:09","slug":"waga-szalkowa-edukacyjna-nauka-liczenia-pies-mala","status":"publish","type":"product","link":"http:\/\/klubmamgdynia.pl\/index.php\/produkt\/waga-szalkowa-edukacyjna-nauka-liczenia-pies-mala\/","title":{"rendered":"Waga szalkowa edukacyjna nauka liczenia pies ma\u0142a"},"content":{"rendered":"<p>WAGA SZALKOWA EDUKACYJNA NAUKA LICZENIA PIES MA\u0141AZabawka z funkcj\u0105 motywowania do nauki matematyki!Sympatyczny piesek dostarczy Twojemu maluchowi mn\u00f3stwa \u015bwietnej, warto\u015bciowej zabawy. Dodatkowo pomo\u017ce zrozumie\u0107 podstawy matematyki.Uroczy zestaw psiak\u00f3w sprawi, \u017ce Twoje dziecko z ch\u0119ci\u0105 pozna \u015bwiat liczb.Waga zosta\u0142a wykona z dba\u0142o\u015bci\u0105 o ka\u017cdy szczeg\u00f3\u0142.W estetycznym pude\u0142ku znajdziesz: wag\u0119 z pieskiem ma\u0142ych szczeniak\u00f3w cyfr kart z r\u00f3\u017cnymi dzia\u0142aniami matematycznymiMo\u017cesz samemu wymy\u015bla\u0107 zabawy i zadania, a w razie braku pomys\u0142\u00f3w pos\u0142u\u017cy\u0107 si\u0119 jedn\u0105 z kart z przyk\u0142adowymi \u0142amig\u0142\u00f3wkami.R\u00f3\u017cnorodno\u015b\u0107 form zabawy sprawi, \u017ce ka\u017cde dziecko znajdzie co\u015b dla siebie.Ka\u017cdy ma\u0142y piesek wa\u017cy tyle co cyferka 1. Dwa pieski maj\u0105 tak\u0105 wag\u0119, co cyfra 2 itd. Zabawka pomaga dziecku zrozumie\u0107 czym jest waga, r\u00f3wnowaga, uczy go podstawowych dzia\u0142a\u0144 matematycznych i rozwija logiczne my\u015blenie, a to wszystko w ramach wspania\u0142ej zabawy!Waga b\u0119dzie te\u017c doskona\u0142ym uzupe\u0142nieniem zabawy w sklep.Ogromna liczba element\u00f3w daje mo\u017cliwo\u015b\u0107 nieko\u0144cz\u0105cej si\u0119 zabawy i nauki.Waga b\u0119dzie doskona\u0142ym pretekstem do sp\u0119dzania czasu razem z dzieckiem, a maluchowi pozwoli nauczy\u0107 si\u0119 wsp\u00f3\u0142pracy i sprawnej komunikacji.Zabawka pobudza wyobra\u017ani\u0119, zach\u0119ca do kreatywnego i nieszablonowego my\u015blenia, a tak\u017ce wspaniale rozwija zdolno\u015bci manualne u najm\u0142odszych.Nasycona kolorystyka i niebanalny kszta\u0142t przyci\u0105gnie uwag\u0119 ka\u017cdego dziecka i zach\u0119ci do pog\u0142\u0119biania wiedzy dotycz\u0105cej dzia\u0142a\u0144 matematycznych. DANE TECHNICZNETworzywo: plastikWymiary wagi:Wymiary jednego pieska:Wymiary cyferki:Wymiary opakowania: &#8230;<\/p>\n<h2>Waga szalkowa edukacyjna nauka liczenia pies ma\u0142a Kontext<\/h2>\n<p>cytaty dla dzieci, kolorowanki dla dziewczynek, dyplomy do druku, jak narysowa\u0107 anio\u0142ka, zagadki na inteligencje, zagadki logiczne matematyczne dla dzieci, krzy\u017c\u00f3wki dla dzieci do druku, bajki dla dzieci na dobranoc do czytania, cukierku ty \u0142obuzie test, dzie\u0144 mamy sentencje, ciekawe zagadki i odpowiedzi, kolorowanka ninjago, \u015bwi\u0105teczne filmy familijne, kolorowanki super zings, testy z lektury opowie\u015bci z narnii lew czarownica i stara szafa, \u015bmieszne zagadki z odpowiedziami, karnawa\u0142 maska karnawa\u0142owa szablon, quiz o usa, test opowie\u015b\u0107 wigilijna<\/p>\n<p>yyyyy<\/p>\n<p>&nbsp;<\/p>\n","protected":false},"excerpt":{"rendered":"<p>WAGA SZALKOWA EDUKACYJNA NAUKA LICZENIA PIES MA\u0141AZabawka z funkcj\u0105 motywowania do nauki matematyki!Sympatyczny piesek dostarczy Twojemu maluchowi mn\u00f3stwa \u015bwietnej, warto\u015bciowej zabawy. Dodatkowo pomo\u017ce zrozumie\u0107 podstawy matematyki.Uroczy zestaw psiak\u00f3w sprawi, \u017ce Twoje dziecko z ch\u0119ci\u0105 pozna \u015bwiat liczb.Waga zosta\u0142a wykona z dba\u0142o\u015bci\u0105 o ka\u017cdy szczeg\u00f3\u0142.W estetycznym pude\u0142ku znajdziesz: wag\u0119 z pieskiem ma\u0142ych szczeniak\u00f3w cyfr kart z [&hellip;]<\/p>\n","protected":false},"featured_media":3666,"comment_status":"closed","ping_status":"open","template":"","meta":[],"product_cat":[20,537],"product_tag":[727,605,641],"class_list":["post-3665","product","type-product","status-publish","has-post-thumbnail","hentry","product_cat-kontext","product_cat-pozostale-zabawki-edukacyjne","product_tag-godlo-polski-do-druku","product_tag-milena","product_tag-trudne-zagadki-logiczne"],"_links":{"self":[{"href":"http:\/\/klubmamgdynia.pl\/index.php\/wp-json\/wp\/v2\/product\/3665","targetHints":{"allow":["GET"]}}],"collection":[{"href":"http:\/\/klubmamgdynia.pl\/index.php\/wp-json\/wp\/v2\/product"}],"about":[{"href":"http:\/\/klubmamgdynia.pl\/index.php\/wp-json\/wp\/v2\/types\/product"}],"replies":[{"embeddable":true,"href":"http:\/\/klubmamgdynia.pl\/index.php\/wp-json\/wp\/v2\/comments?post=3665"}],"wp:featuredmedia":[{"embeddable":true,"href":"http:\/\/klubmamgdynia.pl\/index.php\/wp-json\/wp\/v2\/media\/3666"}],"wp:attachment":[{"href":"http:\/\/klubmamgdynia.pl\/index.php\/wp-json\/wp\/v2\/media?parent=3665"}],"wp:term":[{"taxonomy":"product_cat","embeddable":true,"href":"http:\/\/klubmamgdynia.pl\/index.php\/wp-json\/wp\/v2\/product_cat?post=3665"},{"taxonomy":"product_tag","embeddable":true,"href":"http:\/\/klubmamgdynia.pl\/index.php\/wp-json\/wp\/v2\/product_tag?post=3665"}],"curies":[{"name":"wp","href":"https:\/\/api.w.org\/{rel}","templated":true}]}}