{"id":3669,"date":"2014-09-23T17:26:50","date_gmt":"2014-09-23T15:26:50","guid":{"rendered":"http:\/\/klubmamgdynia.pl\/index.php\/produkt\/bigtoys-wozek-parasolka-bwoz5918\/"},"modified":"2026-04-28T13:45:33","modified_gmt":"2026-04-28T11:45:33","slug":"bigtoys-wozek-parasolka-bwoz5918","status":"publish","type":"product","link":"http:\/\/klubmamgdynia.pl\/index.php\/produkt\/bigtoys-wozek-parasolka-bwoz5918\/","title":{"rendered":"Bigtoys W\u00f3zek parasolka BWOZ5918"},"content":{"rendered":"<p>Sk\u0142adany w\u00f3zek dla lalek w modnym szarym kolorze ! Ka\u017cda dziecko, kt\u00f3re lubi opiekowa\u0107 si\u0119 lalkami czy misiami potrzebuje wygodnego transportu dla swojego podopiecznego &#8211; lekki i stabilny w\u00f3zeczek to idealne rozwi\u0105zanie ! \u0142adne wykonanie z trwa\u0142ych materia\u0142\u00f3w szybkie sk\u0142adanie wygodne uchwyty p\u0142ynnie je\u017cd\u017c\u0105ce, podw\u00f3jne k\u00f3\u0142ka Wymiary ok: 59,5 x 11 x 6,5 cm Doskona\u0142a zabawka, kt\u00f3ra umo\u017cliwi dziecku wzi\u0105\u0107 swoj\u0105 ukochan\u0105 lalk\u0119 czy misia na spacer. Super pomys\u0142 na prezent !<\/p>\n<h2>Bigtoys W\u00f3zek parasolka BWOZ5918 Bigtoys<\/h2>\n<p>kolorowanki jesie\u0144 do druku, prezent dla rocznej dziewczynki, gabriela imie, trudne zadania matematyczne, dzie\u0144 nauczyciela teksty, rzadkie imiona \u017ce\u0144skie polskie, asiunia pytania do lektury, gabriel, zagadki o lesie, kolorowanki do druku zwierz\u0119ta, nela w krainie wombat\u00f3w, ci\u0119\u017ckie zagadki, cicha noc po angielsku tekst, prezent na roczek dziewczynka, walentynka dla syna, imi\u0119 iwo, wzruszajace cytaty o rodzinie, mitologia grecka test wiedzy<\/p>\n<p>yyyyy<\/p>\n<p>&nbsp;<\/p>\n","protected":false},"excerpt":{"rendered":"<p>Sk\u0142adany w\u00f3zek dla lalek w modnym szarym kolorze ! Ka\u017cda dziecko, kt\u00f3re lubi opiekowa\u0107 si\u0119 lalkami czy misiami potrzebuje wygodnego transportu dla swojego podopiecznego &#8211; lekki i stabilny w\u00f3zeczek to idealne rozwi\u0105zanie ! \u0142adne wykonanie z trwa\u0142ych materia\u0142\u00f3w szybkie sk\u0142adanie wygodne uchwyty p\u0142ynnie je\u017cd\u017c\u0105ce, podw\u00f3jne k\u00f3\u0142ka Wymiary ok: 59,5 x 11 x 6,5 cm Doskona\u0142a [&hellip;]<\/p>\n","protected":false},"featured_media":3670,"comment_status":"closed","ping_status":"open","template":"","meta":[],"product_cat":[331,1098],"product_tag":[707,644,795,751,625,632,623],"class_list":["post-3669","product","type-product","status-publish","has-post-thumbnail","hentry","product_cat-bigtoys","product_cat-wozki-dla-lalek","product_tag-karty-pracy-dla-dzieci-z-ukrainy","product_tag-mia","product_tag-mini-zoo-warszawa","product_tag-psi-patrol-kolorowanka","product_tag-trojmiasto-atrakcje-dla-dzieci","product_tag-warszawa-atrakcje-dla-mlodziezy","product_tag-zagadki-logiczne-smieszne"],"_links":{"self":[{"href":"http:\/\/klubmamgdynia.pl\/index.php\/wp-json\/wp\/v2\/product\/3669","targetHints":{"allow":["GET"]}}],"collection":[{"href":"http:\/\/klubmamgdynia.pl\/index.php\/wp-json\/wp\/v2\/product"}],"about":[{"href":"http:\/\/klubmamgdynia.pl\/index.php\/wp-json\/wp\/v2\/types\/product"}],"replies":[{"embeddable":true,"href":"http:\/\/klubmamgdynia.pl\/index.php\/wp-json\/wp\/v2\/comments?post=3669"}],"wp:featuredmedia":[{"embeddable":true,"href":"http:\/\/klubmamgdynia.pl\/index.php\/wp-json\/wp\/v2\/media\/3670"}],"wp:attachment":[{"href":"http:\/\/klubmamgdynia.pl\/index.php\/wp-json\/wp\/v2\/media?parent=3669"}],"wp:term":[{"taxonomy":"product_cat","embeddable":true,"href":"http:\/\/klubmamgdynia.pl\/index.php\/wp-json\/wp\/v2\/product_cat?post=3669"},{"taxonomy":"product_tag","embeddable":true,"href":"http:\/\/klubmamgdynia.pl\/index.php\/wp-json\/wp\/v2\/product_tag?post=3669"}],"curies":[{"name":"wp","href":"https:\/\/api.w.org\/{rel}","templated":true}]}}