{"id":3673,"date":"2022-06-25T11:45:28","date_gmt":"2022-06-25T09:45:28","guid":{"rendered":"http:\/\/klubmamgdynia.pl\/index.php\/produkt\/tommee-tippee-sliniak-1-razowy-635259\/"},"modified":"2026-04-04T03:58:08","modified_gmt":"2026-04-04T01:58:08","slug":"tommee-tippee-sliniak-1-razowy-635259","status":"publish","type":"product","link":"http:\/\/klubmamgdynia.pl\/index.php\/produkt\/tommee-tippee-sliniak-1-razowy-635259\/","title":{"rendered":"Tommee Tippee \u015aliniak 1-Razowy (635259)"},"content":{"rendered":"<p>Dzi\u0119ki \u015bliniakom jednorazowym unikniesz zabrudze\u0144 i stresu karmi\u0105c dziecko poza domem. Nasze \u015bliniaki jednorazowe maj\u0105 wszystkie sprytne rozwi\u0105zania, jakie s\u0105 potrzebne, by Wasze posi\u0142ki poza domem pozostawia\u0142y mniej \u015blad\u00f3w \u2013 no i nie trzeba ich pra\u0107! S\u0105 mi\u0119kkie a zarazem mocne, wyposa\u017cone w nieprzemakalny podk\u0142ad chroni\u0105cy przed zamoczeniem ubranka, a nawet kieszonk\u0119 na okruchy. G\u0141\u00d3WNE CECHY: Pakowane po 20 sztuk Kieszonka na resztki jedzenia i picia Nieprzemakalny podk\u0142ad Odpowiednie dla dzieci w wieku 4 miesi\u0119cy+ Nie zawieraj\u0105 bisfenolu A (BPA) SPECYFIKACJA PRODUKTU: W opakowaniu: 20 x \u015bliniak jednorazowy<\/p>\n<h2>Tommee Tippee \u015aliniak 1-Razowy (635259) Tommee<\/h2>\n<p>mia imie, zgadywanki dla dzieci, prezent na pierwsze urodziny, kolorowanka lego friends, \u017carty prima aprilis, zaproszenia na urodziny dla dzieci do druku, quizy o flagach, rozrywka dla dzieci, marcelina imi\u0119, znaki drogowe do druku, mira imie, plecak torba i walizka, zagadki dla 6 latka, zagadki o wielkanocy dla dzieci<\/p>\n<p>yyyyy<\/p>\n<p>&nbsp;<\/p>\n","protected":false},"excerpt":{"rendered":"<p>Dzi\u0119ki \u015bliniakom jednorazowym unikniesz zabrudze\u0144 i stresu karmi\u0105c dziecko poza domem. Nasze \u015bliniaki jednorazowe maj\u0105 wszystkie sprytne rozwi\u0105zania, jakie s\u0105 potrzebne, by Wasze posi\u0142ki poza domem pozostawia\u0142y mniej \u015blad\u00f3w \u2013 no i nie trzeba ich pra\u0107! S\u0105 mi\u0119kkie a zarazem mocne, wyposa\u017cone w nieprzemakalny podk\u0142ad chroni\u0105cy przed zamoczeniem ubranka, a nawet kieszonk\u0119 na okruchy. G\u0141\u00d3WNE [&hellip;]<\/p>\n","protected":false},"featured_media":3674,"comment_status":"closed","ping_status":"open","template":"","meta":[],"product_cat":[1100,1099],"product_tag":[797,785,732,841,625],"class_list":["post-3673","product","type-product","status-publish","has-post-thumbnail","hentry","product_cat-sliniaki-i-fartuszki","product_cat-tommee","product_tag-kiekrz","product_tag-prezent-dla-nastolatkow","product_tag-prezent-dla-rocznego-chlopca","product_tag-quiz-o-flagach","product_tag-trojmiasto-atrakcje-dla-dzieci"],"_links":{"self":[{"href":"http:\/\/klubmamgdynia.pl\/index.php\/wp-json\/wp\/v2\/product\/3673","targetHints":{"allow":["GET"]}}],"collection":[{"href":"http:\/\/klubmamgdynia.pl\/index.php\/wp-json\/wp\/v2\/product"}],"about":[{"href":"http:\/\/klubmamgdynia.pl\/index.php\/wp-json\/wp\/v2\/types\/product"}],"replies":[{"embeddable":true,"href":"http:\/\/klubmamgdynia.pl\/index.php\/wp-json\/wp\/v2\/comments?post=3673"}],"wp:featuredmedia":[{"embeddable":true,"href":"http:\/\/klubmamgdynia.pl\/index.php\/wp-json\/wp\/v2\/media\/3674"}],"wp:attachment":[{"href":"http:\/\/klubmamgdynia.pl\/index.php\/wp-json\/wp\/v2\/media?parent=3673"}],"wp:term":[{"taxonomy":"product_cat","embeddable":true,"href":"http:\/\/klubmamgdynia.pl\/index.php\/wp-json\/wp\/v2\/product_cat?post=3673"},{"taxonomy":"product_tag","embeddable":true,"href":"http:\/\/klubmamgdynia.pl\/index.php\/wp-json\/wp\/v2\/product_tag?post=3673"}],"curies":[{"name":"wp","href":"https:\/\/api.w.org\/{rel}","templated":true}]}}