{"id":3675,"date":"2011-07-29T22:45:20","date_gmt":"2011-07-29T20:45:20","guid":{"rendered":"http:\/\/klubmamgdynia.pl\/index.php\/produkt\/cybex-platinum-priam-2-0-deep-black-gleboko-spacerowy-fotelik\/"},"modified":"2026-04-06T08:36:26","modified_gmt":"2026-04-06T06:36:26","slug":"cybex-platinum-priam-2-0-deep-black-gleboko-spacerowy-fotelik","status":"publish","type":"product","link":"http:\/\/klubmamgdynia.pl\/index.php\/produkt\/cybex-platinum-priam-2-0-deep-black-gleboko-spacerowy-fotelik\/","title":{"rendered":"Cybex Platinum Priam 2.0 Deep Black G\u0142\u0119boko Spacerowy + Fotelik"},"content":{"rendered":"<p>Cybex Priam 2.0 na stela\u017cu Chrome Black w zestawie 3w1, wyposa\u017conym w gondol\u0119 LUX 2.0 oraz w pe\u0142ni regulowane siedzisko LUX Priam, kt\u00f3re mo\u017cna zamontowa\u0107 na stela\u017cu w obu kierunkach jazdy. Model Priam 2.0, to wyrafinowany design, panoramiczna gondola, komfortowe siedzisko, amortyzacja na wszystkie ko\u0142a i szereg innych funkcjonalno\u015bci sprawiaj\u0105cych, \u017ce w\u00f3zek nie tylko cieszy oko, ale zapewnia przede wszystkim \u0142atwe i przyjemne u\u017cytkowanie.Rodzaj k\u00f3\u0142: bezd\u0119tkoweSkr\u0119tne ko\u0142a:Regulowana r\u0105czka:Sk\u0142adany z siedziskiem:Monta\u017c siedziska prz\u00f3d\/ty\u0142:Regulowane siedzisko:Producent: Cybex (Niemcy)Gwarancja: 24 miesi\u0105cePE\u0141NA KOLORYSTYKA FOTELIK\u00d3W CYBEX<\/p>\n<h2>Cybex Platinum Priam 2.0 Deep Black G\u0142\u0119boko Spacerowy + Fotelik Cybex<\/h2>\n<p>atrakcje dla dzieci wroc\u0142aw, zagadki o przyborach szkolnych, cytaty o nauczycielach, opis o rodzinie, szlaczki literopodobne do wydruku, atrakcje we wroc\u0142awiu dla dzieci, imi\u0119 kuba, prank na prima aprilis, psi patrol kolorowanki, miko\u0142ajek quiz, quizy o koniach, paj\u0105czek na rowerze test, z\u0142ote my\u015bli kubu\u015b puchatek cytaty, \u015bmieszne zagadki dla dzieci 10 lat, test z lektury felix net i nika oraz gang niewidzialnych ludzi, ma\u0142o nas do pieczenia chleba, quizy o miko\u0142ajku, kolorowanki andrzejkowe, miko\u0142ajek quiz, zabawy dla 10 latk\u00f3w, przysz\u0142a zima bia\u0142a<\/p>\n<p>yyyyy<\/p>\n<p>&nbsp;<\/p>\n","protected":false},"excerpt":{"rendered":"<p>Cybex Priam 2.0 na stela\u017cu Chrome Black w zestawie 3w1, wyposa\u017conym w gondol\u0119 LUX 2.0 oraz w pe\u0142ni regulowane siedzisko LUX Priam, kt\u00f3re mo\u017cna zamontowa\u0107 na stela\u017cu w obu kierunkach jazdy. Model Priam 2.0, to wyrafinowany design, panoramiczna gondola, komfortowe siedzisko, amortyzacja na wszystkie ko\u0142a i szereg innych funkcjonalno\u015bci sprawiaj\u0105cych, \u017ce w\u00f3zek nie tylko cieszy [&hellip;]<\/p>\n","protected":false},"featured_media":3676,"comment_status":"closed","ping_status":"open","template":"","meta":[],"product_cat":[34,110],"product_tag":[691,826,703,592],"class_list":["post-3675","product","type-product","status-publish","has-post-thumbnail","hentry","product_cat-cybex","product_cat-wozki-wielofunkcyjne","product_tag-gabriel","product_tag-prezent-dla-15-latka","product_tag-prezent-dla-nastolatki","product_tag-zagadki-dla-dzieci"],"_links":{"self":[{"href":"http:\/\/klubmamgdynia.pl\/index.php\/wp-json\/wp\/v2\/product\/3675","targetHints":{"allow":["GET"]}}],"collection":[{"href":"http:\/\/klubmamgdynia.pl\/index.php\/wp-json\/wp\/v2\/product"}],"about":[{"href":"http:\/\/klubmamgdynia.pl\/index.php\/wp-json\/wp\/v2\/types\/product"}],"replies":[{"embeddable":true,"href":"http:\/\/klubmamgdynia.pl\/index.php\/wp-json\/wp\/v2\/comments?post=3675"}],"wp:featuredmedia":[{"embeddable":true,"href":"http:\/\/klubmamgdynia.pl\/index.php\/wp-json\/wp\/v2\/media\/3676"}],"wp:attachment":[{"href":"http:\/\/klubmamgdynia.pl\/index.php\/wp-json\/wp\/v2\/media?parent=3675"}],"wp:term":[{"taxonomy":"product_cat","embeddable":true,"href":"http:\/\/klubmamgdynia.pl\/index.php\/wp-json\/wp\/v2\/product_cat?post=3675"},{"taxonomy":"product_tag","embeddable":true,"href":"http:\/\/klubmamgdynia.pl\/index.php\/wp-json\/wp\/v2\/product_tag?post=3675"}],"curies":[{"name":"wp","href":"https:\/\/api.w.org\/{rel}","templated":true}]}}