{"id":3677,"date":"2020-03-31T16:27:06","date_gmt":"2020-03-31T14:27:06","guid":{"rendered":"http:\/\/klubmamgdynia.pl\/index.php\/produkt\/zestaw-agd-odkurzacz-wozek-akcesoria\/"},"modified":"2026-04-19T17:13:37","modified_gmt":"2026-04-19T15:13:37","slug":"zestaw-agd-odkurzacz-wozek-akcesoria","status":"publish","type":"product","link":"http:\/\/klubmamgdynia.pl\/index.php\/produkt\/zestaw-agd-odkurzacz-wozek-akcesoria\/","title":{"rendered":"Zestaw AGD Odkurzacz + W\u00f3zek akcesoria"},"content":{"rendered":"<p>Zestaw sprz\u0105taj\u0105cy dla ma\u0142ych gospody\u0144 to zabawka przeznaczona dla dzieci od 3-go roku \u017cycia. Zestaw sk\u0142ada si\u0119 z: odkurzacza, mopa i wiaderka, miot\u0142y, szufelki, zmiotki, szczotki oraz miska. Wszystkie rzeczy do sprz\u0105tania mo\u017cna u\u0142o\u017cy\u0107 na w\u00f3zku, kt\u00f3ry wyposa\u017cony jest w k\u00f3\u0142ka, kt\u00f3re u\u0142atwiaj\u0105 przesuwanie. Odkurzacz zasilany jest bateriami typu 4 x AA (brak w zestawie). Potrafi naprawd\u0119 odkurza\u0107, doskonale wci\u0105ga styropianowe kuleczki (w zestawie). Podczas odkurzania \u015bwiec\u0105 si\u0119 k\u00f3\u0142eczka i \u015bwiate\u0142ka w przedniej cz\u0119\u015bci odkurzacza.Z t\u0105 zabawk\u0105, Twoje dziecko nauczy si\u0119 dba\u0107 o porz\u0105dek i sprz\u0105ta\u0107 sw\u00f3j w\u0142asny pok\u00f3j.<br \/>\nZawarto\u015b\u0107 zestawu:<\/p>\n<p>w\u00f3zek na k\u00f3\u0142kach,<br \/>\nodkurzacz,<br \/>\nmop z wiadrem,<br \/>\nmiot\u0142a,<br \/>\nszufelka ze zmiotk\u0105,<br \/>\nmiska,<br \/>\nimitacja sprayu,<br \/>\nzestaw styropianowych kuleczek,<br \/>\ninstrukcja monta\u017cu.<\/p>\n<p>Wymiary:<\/p>\n<p>w\u00f3zek ok. 47 cm x 26 cm x 39 cm,<br \/>\nodkurzacz bez w\u0119\u017ca i rurki ok. 23 cm x 16 cm x 16 cm ,<br \/>\nmop ok. 63 cm x 6,5 cm<br \/>\nwiadro ok. 17 cm x 18.5 cm,<br \/>\nmiot\u0142a ok. 52,5 cm x 14 cm,<br \/>\nszufelka ok. 21,5 cm x 12,5 cm,<br \/>\nzmiotka ok. 16,5 cm x 4 cm,<br \/>\nmiska ok. 14 cm x 5 cm,<br \/>\nimitacja sprayu ok. 15 cm x 8 cm,<br \/>\nopakowanie ok. 55 cm x 41,5 cm x 17,5 cm.<\/p>\n<h2>Zestaw AGD Odkurzacz + W\u00f3zek akcesoria Ramiz<\/h2>\n<p>kr\u00f3tkie zagadki dla dzieci, nauka polskiego dla dzieci z ukrainy, quiz o miko\u0142ajku, prezent dla 17 latki, kolorowe kanapki kanapki dla dzieci, kolorowanki lol surprise, znaki drogowe test, stare wiersze dla dzieci, quiz o psie kt\u00f3ry je\u017adzi\u0142 kolej\u0105, koty rysunki, zagadki wielkanocne przedszkole, u\u015bmiech dziecka wiersz, ksi\u0105\u017cka dla dzieci online, prezent dla trzynastolatki, znaki drogowe test online, krzy\u017c\u00f3wki dla dzieci do druku, desery dla dzieci, prezent dla ch\u0142opca na roczek, traktor z przyczep\u0105 kolorowanka, warszawa atrakcje dla dzieci<\/p>\n<p>yyyyy<\/p>\n<p>&nbsp;<\/p>\n","protected":false},"excerpt":{"rendered":"<p>Zestaw sprz\u0105taj\u0105cy dla ma\u0142ych gospody\u0144 to zabawka przeznaczona dla dzieci od 3-go roku \u017cycia. Zestaw sk\u0142ada si\u0119 z: odkurzacza, mopa i wiaderka, miot\u0142y, szufelki, zmiotki, szczotki oraz miska. Wszystkie rzeczy do sprz\u0105tania mo\u017cna u\u0142o\u017cy\u0107 na w\u00f3zku, kt\u00f3ry wyposa\u017cony jest w k\u00f3\u0142ka, kt\u00f3re u\u0142atwiaj\u0105 przesuwanie. Odkurzacz zasilany jest bateriami typu 4 x AA (brak w zestawie). [&hellip;]<\/p>\n","protected":false},"featured_media":3678,"comment_status":"closed","ping_status":"open","template":"","meta":[],"product_cat":[537,36],"product_tag":[686,696,626,803],"class_list":["post-3677","product","type-product","status-publish","has-post-thumbnail","hentry","product_cat-pozostale-zabawki-edukacyjne","product_cat-ramiz","product_tag-co-na-roczek-dla-chlopca","product_tag-film-rodzinny-o-swietach","product_tag-jacek","product_tag-szlaczki-do-druku"],"_links":{"self":[{"href":"http:\/\/klubmamgdynia.pl\/index.php\/wp-json\/wp\/v2\/product\/3677","targetHints":{"allow":["GET"]}}],"collection":[{"href":"http:\/\/klubmamgdynia.pl\/index.php\/wp-json\/wp\/v2\/product"}],"about":[{"href":"http:\/\/klubmamgdynia.pl\/index.php\/wp-json\/wp\/v2\/types\/product"}],"replies":[{"embeddable":true,"href":"http:\/\/klubmamgdynia.pl\/index.php\/wp-json\/wp\/v2\/comments?post=3677"}],"wp:featuredmedia":[{"embeddable":true,"href":"http:\/\/klubmamgdynia.pl\/index.php\/wp-json\/wp\/v2\/media\/3678"}],"wp:attachment":[{"href":"http:\/\/klubmamgdynia.pl\/index.php\/wp-json\/wp\/v2\/media?parent=3677"}],"wp:term":[{"taxonomy":"product_cat","embeddable":true,"href":"http:\/\/klubmamgdynia.pl\/index.php\/wp-json\/wp\/v2\/product_cat?post=3677"},{"taxonomy":"product_tag","embeddable":true,"href":"http:\/\/klubmamgdynia.pl\/index.php\/wp-json\/wp\/v2\/product_tag?post=3677"}],"curies":[{"name":"wp","href":"https:\/\/api.w.org\/{rel}","templated":true}]}}