{"id":3679,"date":"2019-08-15T08:10:51","date_gmt":"2019-08-15T06:10:51","guid":{"rendered":"http:\/\/klubmamgdynia.pl\/index.php\/produkt\/little-rekawica-do-mycia-panda-herbata-green\/"},"modified":"2026-04-30T18:36:31","modified_gmt":"2026-04-30T16:36:31","slug":"little-rekawica-do-mycia-panda-herbata-green","status":"publish","type":"product","link":"http:\/\/klubmamgdynia.pl\/index.php\/produkt\/little-rekawica-do-mycia-panda-herbata-green\/","title":{"rendered":"Little R\u0119kawica Do Mycia Panda Herbata Green"},"content":{"rendered":"<p>Pi\u0119kna, mi\u0119kka r\u0119kawica do mycia z bawe\u0142ny organicznej z urocz\u0105 twarz\u0105 pandy 3D. Szczeg\u00f3\u0142y produktu: Materia\u0142: 100% bawe\u0142na organiczna Mo\u017cna pra\u0107 w temperaturze do 60 \u00b0C Wymiary: 21 x 15 cm<\/p>\n<h2>Little R\u0119kawica Do Mycia Panda Herbata Green Little<\/h2>\n<p>zabawka na roczek, wydarzenia dla dzieci warszawa, bajki do czytania dla 6 latka, malgorzata imi\u0119, cytat o przyja\u017ani, zagadki o bajkach, prezenty dla nastolatk\u00f3w 2021, zagatki, kolorowanka my little pony, atrakcje dla dzieci wroc\u0142aw, test opowie\u015b\u0107 wigilijna, na wyspach bergamutach tekst, karty pracy dla dzieci z ukrainy klasa 3, prezent dla 7 latka, alina, \u015bmieszne kanapki kanapki dla dzieci, aurelia imie<\/p>\n<p>yyyyy<\/p>\n<p>&nbsp;<\/p>\n","protected":false},"excerpt":{"rendered":"<p>Pi\u0119kna, mi\u0119kka r\u0119kawica do mycia z bawe\u0142ny organicznej z urocz\u0105 twarz\u0105 pandy 3D. Szczeg\u00f3\u0142y produktu: Materia\u0142: 100% bawe\u0142na organiczna Mo\u017cna pra\u0107 w temperaturze do 60 \u00b0C Wymiary: 21 x 15 cm Little R\u0119kawica Do Mycia Panda Herbata Green Little zabawka na roczek, wydarzenia dla dzieci warszawa, bajki do czytania dla 6 latka, malgorzata imi\u0119, cytat [&hellip;]<\/p>\n","protected":false},"featured_media":3680,"comment_status":"closed","ping_status":"open","template":"","meta":[],"product_cat":[1101,901],"product_tag":[848,706,744],"class_list":["post-3679","product","type-product","status-publish","has-post-thumbnail","hentry","product_cat-little","product_cat-pozostale-akcesoria-do-pielegnacji-dzieci","product_tag-cytat-o-rodzinie","product_tag-imie-kuba","product_tag-kolorowanki-swiateczne-do-wydruku"],"_links":{"self":[{"href":"http:\/\/klubmamgdynia.pl\/index.php\/wp-json\/wp\/v2\/product\/3679","targetHints":{"allow":["GET"]}}],"collection":[{"href":"http:\/\/klubmamgdynia.pl\/index.php\/wp-json\/wp\/v2\/product"}],"about":[{"href":"http:\/\/klubmamgdynia.pl\/index.php\/wp-json\/wp\/v2\/types\/product"}],"replies":[{"embeddable":true,"href":"http:\/\/klubmamgdynia.pl\/index.php\/wp-json\/wp\/v2\/comments?post=3679"}],"wp:featuredmedia":[{"embeddable":true,"href":"http:\/\/klubmamgdynia.pl\/index.php\/wp-json\/wp\/v2\/media\/3680"}],"wp:attachment":[{"href":"http:\/\/klubmamgdynia.pl\/index.php\/wp-json\/wp\/v2\/media?parent=3679"}],"wp:term":[{"taxonomy":"product_cat","embeddable":true,"href":"http:\/\/klubmamgdynia.pl\/index.php\/wp-json\/wp\/v2\/product_cat?post=3679"},{"taxonomy":"product_tag","embeddable":true,"href":"http:\/\/klubmamgdynia.pl\/index.php\/wp-json\/wp\/v2\/product_tag?post=3679"}],"curies":[{"name":"wp","href":"https:\/\/api.w.org\/{rel}","templated":true}]}}