{"id":3681,"date":"2021-02-23T10:17:32","date_gmt":"2021-02-23T09:17:32","guid":{"rendered":"http:\/\/klubmamgdynia.pl\/index.php\/produkt\/doris-koraliki-wodne-1000-elementow-zestaw-do-tworzenia-3d\/"},"modified":"2026-04-28T14:07:27","modified_gmt":"2026-04-28T12:07:27","slug":"doris-koraliki-wodne-1000-elementow-zestaw-do-tworzenia-3d","status":"publish","type":"product","link":"http:\/\/klubmamgdynia.pl\/index.php\/produkt\/doris-koraliki-wodne-1000-elementow-zestaw-do-tworzenia-3d\/","title":{"rendered":"Doris Koraliki Wodne 1000 Element\u00f3w Zestaw Do Tworzenia 3D"},"content":{"rendered":"<p>Koraliki wodne 1000 element\u00f3w to zestaw do tworzenia kreatywnych obrazk\u00f3w z koralik\u00f3w. Tworzenie rysunk\u00f3w rozwija zdolno\u015bci plastyczne i manualne oraz kreatywno\u015b\u0107. Zestaw daje nieograniczone mo\u017cliwo\u015bci tworzenia rysunk\u00f3w, breloczk\u00f3w a nawet bi\u017cuterii. Jak to dzia\u0142a? -Uk\u0142adamy koraliki w szablonie w dowolny obrazek lub kszta\u0142t przy pomocy do\u0142\u0105czonego aplikatora. -Spryskujemy wod\u0105 z odleg\u0142o\u015bci ok 10cm. Przy zbyt ma\u0142ej ilo\u015bci wody koraliki si\u0119 nie sklej\u0105, dlatego nale\u017cy spryska\u0107 kilka razy. -Przechyl podk\u0142adk\u0119 aby si\u0119 pozby\u0107 nadmiaru wody. -Pozostaw obrazek do wyschni\u0119cia na minimum godzin\u0119. -Nie nale\u017cy dotyka\u0107 koralik\u00f3w przed wyschni\u0119ciem. -Kiedy wszystko wyschnie ostro\u017cnie wyjmij wz\u00f3r z koralik\u00f3w z podk\u0142adki do uk\u0142adania. Zestaw zawiera: -Koraliki w 10 kolorach, -Podk\u0142adk\u0119 kwadratow\u0105, -Podk\u0142adk\u0119 sze\u015bciok\u0105tn\u0105, -1 p\u0119set\u0119, -1 aplikator, -1 spryskiwacz, -4 szt. zawieszek, -Ksi\u0105\u017ceczk\u0119 z przyk\u0142adowymi wzorami, -Oryginalne opakowanie. Wiek: 5+ Wymiary pude\u0142ka: 18,5 x 22 x 4 cm<\/p>\n<h2>Doris Koraliki Wodne 1000 Element\u00f3w Zestaw Do Tworzenia 3D Doris<\/h2>\n<p>transformers kolorowanka, ka\u0142u\u017cy\u015bci, sentencje napisy cytaty o rodzinie, dekorowanie kanapek dla dzieci, zagadki dla dzieci 9-10 lat z odpowiedziami, literki dla dzieci, stare piosenki dla dzieci teksty<\/p>\n<p>yyyyy<\/p>\n<p>&nbsp;<\/p>\n","protected":false},"excerpt":{"rendered":"<p>Koraliki wodne 1000 element\u00f3w to zestaw do tworzenia kreatywnych obrazk\u00f3w z koralik\u00f3w. Tworzenie rysunk\u00f3w rozwija zdolno\u015bci plastyczne i manualne oraz kreatywno\u015b\u0107. Zestaw daje nieograniczone mo\u017cliwo\u015bci tworzenia rysunk\u00f3w, breloczk\u00f3w a nawet bi\u017cuterii. Jak to dzia\u0142a? -Uk\u0142adamy koraliki w szablonie w dowolny obrazek lub kszta\u0142t przy pomocy do\u0142\u0105czonego aplikatora. -Spryskujemy wod\u0105 z odleg\u0142o\u015bci ok 10cm. Przy zbyt [&hellip;]<\/p>\n","protected":false},"featured_media":3682,"comment_status":"closed","ping_status":"open","template":"","meta":[],"product_cat":[338,537],"product_tag":[819,719,654,590,602],"class_list":["post-3681","product","type-product","status-publish","has-post-thumbnail","hentry","product_cat-doris","product_cat-pozostale-zabawki-edukacyjne","product_tag-co-kupic-nastolatce-na-swieta","product_tag-dziecko-cytaty-zlote-mysli","product_tag-krotkie-bajki-dla-dzieci-do-czytania","product_tag-plac-zabaw-warszawa","product_tag-quiz-o-zwierzetach-domowych"],"_links":{"self":[{"href":"http:\/\/klubmamgdynia.pl\/index.php\/wp-json\/wp\/v2\/product\/3681","targetHints":{"allow":["GET"]}}],"collection":[{"href":"http:\/\/klubmamgdynia.pl\/index.php\/wp-json\/wp\/v2\/product"}],"about":[{"href":"http:\/\/klubmamgdynia.pl\/index.php\/wp-json\/wp\/v2\/types\/product"}],"replies":[{"embeddable":true,"href":"http:\/\/klubmamgdynia.pl\/index.php\/wp-json\/wp\/v2\/comments?post=3681"}],"wp:featuredmedia":[{"embeddable":true,"href":"http:\/\/klubmamgdynia.pl\/index.php\/wp-json\/wp\/v2\/media\/3682"}],"wp:attachment":[{"href":"http:\/\/klubmamgdynia.pl\/index.php\/wp-json\/wp\/v2\/media?parent=3681"}],"wp:term":[{"taxonomy":"product_cat","embeddable":true,"href":"http:\/\/klubmamgdynia.pl\/index.php\/wp-json\/wp\/v2\/product_cat?post=3681"},{"taxonomy":"product_tag","embeddable":true,"href":"http:\/\/klubmamgdynia.pl\/index.php\/wp-json\/wp\/v2\/product_tag?post=3681"}],"curies":[{"name":"wp","href":"https:\/\/api.w.org\/{rel}","templated":true}]}}