{"id":3683,"date":"2017-01-28T14:55:34","date_gmt":"2017-01-28T13:55:34","guid":{"rendered":"http:\/\/klubmamgdynia.pl\/index.php\/produkt\/cybex-priam-2-0-mountain-blue-gleboko-spacerowy\/"},"modified":"2026-04-07T12:44:40","modified_gmt":"2026-04-07T10:44:40","slug":"cybex-priam-2-0-mountain-blue-gleboko-spacerowy","status":"publish","type":"product","link":"http:\/\/klubmamgdynia.pl\/index.php\/produkt\/cybex-priam-2-0-mountain-blue-gleboko-spacerowy\/","title":{"rendered":"Cybex Priam 2.0 Mountain Blue G\u0142\u0119boko Spacerowy"},"content":{"rendered":"<p>Od urodzenia a\u017c do 17 kg (ok. 4 lat)!Cybex to marka znana ze \u015bwietnej jako\u015bci, niezwyk\u0142ej praktyczno\u015bci i niebanalnego designu i te cechy stawiaj\u0105ca na szczycie wymaga\u0144 wobec tworzonych przez siebie produkt\u00f3w. Ukoronowaniem takiej filozofii jest w\u00f3zek g\u0142\u0119boko-spacerowy Cybex Priam \u2013 wykonany z materia\u0142\u00f3w najwy\u017cszej pr\u00f3by, innowacyjny w zakresie funkcjonalno\u015bci i inspirowany stylem designerskich ikon \u2013 ma\u0142\u017ce\u0144stwa Eams\u00f3w, wyznawc\u00f3w zasady, \u017ce styl musi i\u015b\u0107 w parze z przydatno\u015bci\u0105.W nowej kolekcji 2019 Cybex postanowi\u0142 od\u015bwie\u017cy\u0107 wygl\u0105d swojego najbardziej designerskiego modelu. W w\u00f3zku g\u0142\u0119boko-spacerowym Cybex Priam 2 gondola jest du\u017ca o bardziej zaokr\u0105glonych kszta\u0142tach. Dzi\u0119ki mo\u017cliwo\u015bci odpi\u0119cia cz\u0119\u015bci materia\u0142u sta\u0142a si\u0119 panoramiczna. Nowo\u015bci\u0105 s\u0105 tak\u017ce r\u00f3\u017cne kolory stela\u017ca, kt\u00f3re mo\u017cna dowolnie komponowa\u0107 z kolorem tapicerek. Trekkingowe ko\u0142a o wyra\u017anym bie\u017cniku gwarantuj\u0105 dobr\u0105 przyczepno\u015b\u0107 oraz \u0142atwe pokonywanie przeszk\u00f3d.STELA\u017bDopasowanie do ka\u017cdego terenuDu\u017ce terenowe ko\u0142a o wyra\u017anym bie\u017cniku. Amortyzacja na obie osie.Komfortowe spacery nawet zim\u0105!Mo\u017cliwo\u015b\u0107 zast\u0105pienia przednich k\u00f3\u0142 nartamiDla wysokich i niskichR\u0105czka regulowana teleskopowo. Du\u017cy wygodny przycisk.Proste pokonywanie przeszk\u00f3dTryb dwuko\u0142owy &#8211; idealny na piasek lub do pokonywania stopni.Wszystkie drobiazgi zawsze pod r\u0119k\u0105Du\u017cy, pakowny kosz z \u0142atwym dost\u0119pem.Dopasuj w\u00f3zek do siebieR\u00f3\u017cne kolory stela\u017ca mo\u017cna dowolnie komponowa\u0107 z tapicerkami.GONDOLAPanoramiczna gondolaPrzewiewny panel z przedniej cz\u0119\u015bci gondoli i w budce.Obszerna i przestronnaObszerna gondola. Op\u0142ywowy kszta\u0142t.Komfortowy sen dzieckaOddychaj\u0105cy materacyk wykonany z bawe\u0142ny. Mi\u0119kka wy\u015bci\u00f3\u0142ka.Spacery podczas ka\u017cdej pogodyDodatkowy daszek przeciws\u0142oneczny. Ciep\u0142a os\u0142onka na n\u00f3\u017cki.Wygoda podczas transportuUchwyt do przenoszenia w szczycie budki.SIEDZISKO SPACEROWEWystarczy na d\u0142ugoSiedzisko montowane przodem i ty\u0142em do rodzica.Gwarantowane bezpiecze\u0144stwoPa\u0142\u0105k bezpiecze\u0144stwa, pi\u0119ciopunktowe szelki z mi\u0119kkimi otulinkami.Regulowana wysoko\u015b\u0107 szelek.Wygodne drzemki podczas spacer\u00f3wOparcie rozk\u0142adane do pozycji le\u017c\u0105cej. Regulowany podn\u00f3\u017cek.Szybkie i proste sk\u0142adanieStela\u017c sk\u0142adany razem z siedziskiem spacerowym. \u0141atwe przechowywanie i transport.\u015awietna ochrona podczas ka\u017cdej pogodyDu\u017ca regulowana budka z okienkiem w szczycie i filtrem UVP 50+.Idealna wysoko\u015b\u0107Funkcja krzese\u0142ka do karmienia.STELA\u017bw kolekcji 2019 kolor stela\u017ca do wyboru**w Uwagach do zam\u00f3wienia prosimy o podanie koloru wybranego stela\u017ca;przemy\u015blany, praktyczny stela\u017c, kt\u00f3ry niesie mo\u017cliwo\u015b\u0107 wielu rozwi\u0105za\u0144 i konfiguracji;lekka, aluminiowa konstrukcja stela\u017ca;waga stela\u017ca z siedziskiem \u2013 12,1 kg;wydajny i \u0142atwy system sk\u0142adania \u2013 nie obci\u0105\u017ca kr\u0119gos\u0142upa rodzica, sk\u0142adanie w dw\u00f3ch nieskomplikowanych ruchach, praktycznie bez pochylania;w\u00f3zek mo\u017ce s\u0142u\u017cy\u0107 jako krzese\u0142ko do karmienia, dlatego ma odpowiedni\u0105 wysoko\u015b\u0107 dostosowan\u0105 do typowej wysoko\u015bci sto\u0142u;mo\u017cliwe jest przej\u015bcie na system dwuko\u0142owy, by pokonywa\u0107 szczeg\u00f3lnie trudne przeszkody, np. stopnie;mo\u017cliwo\u015b\u0107 dokupienia i zamontowania nart w miejsce przednich k\u00f3\u0142, by cieszy\u0107 si\u0119 spacerem nawet, gdy spadnie \u015bnieg;hamulec umieszczony na tylnej osi;pe\u0142na amortyzacja na wszystkie ko\u0142a;niezwykle pojemny koszyk, obci\u0105\u017cenie do 5 kg;r\u0105czka w\u00f3zka jest regulowana teleskopowo przy u\u017cyciu guzika znajduj\u0105cego si\u0119 na jej szczycie, ustawianie wysoko\u015bcijedn\u0105 r\u0119k\u0105;smycz asekuracyjna \u2013 \u0142\u0105czy por\u0119cz z r\u0119k\u0105 rodzica \u2013 system zaczerpni\u0119ty z w\u00f3zk\u00f3w biegowych;jeden rodzaj k\u00f3\u0142 &#8211; ko\u0142a terenoweowe;kolor stela\u017ca mo\u017cna dowolnie komponowa\u0107 z kolorami tapicerek;GONDOLAwpinana na stela\u017c bez dodatkowych adapter\u00f3w;oddychaj\u0105cy, wykonany z bawe\u0142ny materacyk;wymiary (DxS): 78&#215;32 cm;regulowana budka z dodatkowym daszkiem przeciws\u0142onecznym;odpinany panel z przewiewnej siateczki w daszku;panoramiczna gondola &#8211; odpinany fragment materia\u0142u w przedniej cz\u0119\u015bci gondoli, pod tapicerk\u0105 ukryty siateczkowy, przewiewny panel;uchwyt do przenoszenia w szczycie budki;ciep\u0142a os\u0142onka na n\u00f3\u017cki w zestawie;SIEDZISKO SPACEROWEklasyczna konstrukcja \u2013 osobno regulowane oparcie i podn\u00f3\u017cek;mo\u017cna zamontowa\u0107 siedzisko zar\u00f3wno przodem, jak i ty\u0142em do kierunku jazdy;wymiary \u2013 wysoko\u015b\u0107: 47 cm, szeroko\u015b\u0107: 24 cm, g\u0142\u0119boko\u015b\u0107 20 cm;budka jest obszerna, posiada dodatkowe przed\u0142u\u017cenie uzyskiwane przez odpi\u0119cie suwaka, mo\u017cna j\u0105 ustawi\u0107 w czterech pozycjach;foliowane okienko na szczycie budki pozwala zajrze\u0107 do malucha w trakcie jazdy;regulowane oparcie (4 pozycje) i podn\u00f3\u017cek (3 pozycje);pi\u0119ciopunktowe pasy obite mi\u0119kkim materia\u0142em posiadaj\u0105 standardowy system zapinania;wypinany pa\u0142\u0105k obity ekosk\u00f3r\u0105;w kolekcji 2019 stopa podn\u00f3\u017cka wykonana z praktycznego tworzywa, kt\u00f3re \u0142atwo utrzyma\u0107 w czysto\u015bci;w kolekcji 2019 w oparciu siedziska spacerowego kieszonka na drobiazgi;AKCESORIA W ZESTAWIEw zestawie znajduje si\u0119 uniwersalna folia przeciwdeszczowa;AKCESORIA DODATKOWEosobno dokupi\u0107 mo\u017cna tak\u017ce wiele innych akcesori\u00f3w, w tym narty, zast\u0119puj\u0105ce zim\u0105 przednie ko\u0142a, parasol, uchwyt na kubek, \u015bpiw\u00f3r, torb\u0119 piel\u0119gnacyjn\u0105;MO\u017bLIWO\u015a\u0106 WPI\u0118CIA FOTELIK\u00d3Wmo\u017cliwo\u015b\u0107 wpi\u0119cia fotelik\u00f3w marki Cybex, w tym rozk\u0142adaj\u0105cego si\u0119 do pozycji le\u017c\u0105cej Cybex Cloud Q lub montowanego na obrotowej bazie Cybex Cloud Z i-Size. Fotele \u0142atwo wpinamy na stela\u017c przy u\u017cyciu specjalnych adapter\u00f3w. Znajduj\u0105 si\u0119 one w zestawie;GWARANCJAw\u00f3zek obj\u0119ty dwuletni\u0105 gwarancj\u0105 oraz serwisowany w systemie Door to Door.Kraj pochodzenia: Niemcy<\/p>\n<h2>Cybex Priam 2.0 Mountain Blue G\u0142\u0119boko Spacerowy Cybex<\/h2>\n<p>farma dyni poznan, kolysanki tekst, lato lato lato czeka tekst, atrakcje we wroc\u0142awiu dla dzieci<\/p>\n<p>yyyyy<\/p>\n<p>&nbsp;<\/p>\n","protected":false},"excerpt":{"rendered":"<p>Od urodzenia a\u017c do 17 kg (ok. 4 lat)!Cybex to marka znana ze \u015bwietnej jako\u015bci, niezwyk\u0142ej praktyczno\u015bci i niebanalnego designu i te cechy stawiaj\u0105ca na szczycie wymaga\u0144 wobec tworzonych przez siebie produkt\u00f3w. Ukoronowaniem takiej filozofii jest w\u00f3zek g\u0142\u0119boko-spacerowy Cybex Priam \u2013 wykonany z materia\u0142\u00f3w najwy\u017cszej pr\u00f3by, innowacyjny w zakresie funkcjonalno\u015bci i inspirowany stylem designerskich ikon [&hellip;]<\/p>\n","protected":false},"featured_media":3684,"comment_status":"closed","ping_status":"open","template":"","meta":[],"product_cat":[34,110],"product_tag":[692,591,868,608],"class_list":["post-3683","product","type-product","status-publish","has-post-thumbnail","hentry","product_cat-cybex","product_cat-wozki-wielofunkcyjne","product_tag-prezenty-na-roczek","product_tag-quiz-o-minecraft","product_tag-quizy-dla-dzieci","product_tag-zagadki-i-odpowiedzi"],"_links":{"self":[{"href":"http:\/\/klubmamgdynia.pl\/index.php\/wp-json\/wp\/v2\/product\/3683","targetHints":{"allow":["GET"]}}],"collection":[{"href":"http:\/\/klubmamgdynia.pl\/index.php\/wp-json\/wp\/v2\/product"}],"about":[{"href":"http:\/\/klubmamgdynia.pl\/index.php\/wp-json\/wp\/v2\/types\/product"}],"replies":[{"embeddable":true,"href":"http:\/\/klubmamgdynia.pl\/index.php\/wp-json\/wp\/v2\/comments?post=3683"}],"wp:featuredmedia":[{"embeddable":true,"href":"http:\/\/klubmamgdynia.pl\/index.php\/wp-json\/wp\/v2\/media\/3684"}],"wp:attachment":[{"href":"http:\/\/klubmamgdynia.pl\/index.php\/wp-json\/wp\/v2\/media?parent=3683"}],"wp:term":[{"taxonomy":"product_cat","embeddable":true,"href":"http:\/\/klubmamgdynia.pl\/index.php\/wp-json\/wp\/v2\/product_cat?post=3683"},{"taxonomy":"product_tag","embeddable":true,"href":"http:\/\/klubmamgdynia.pl\/index.php\/wp-json\/wp\/v2\/product_tag?post=3683"}],"curies":[{"name":"wp","href":"https:\/\/api.w.org\/{rel}","templated":true}]}}