{"id":3687,"date":"2013-03-25T17:57:00","date_gmt":"2013-03-25T16:57:00","guid":{"rendered":"http:\/\/klubmamgdynia.pl\/index.php\/produkt\/lozko-180x80cm-babydreams-grafika-straz-pozarna-kolor-bialo-zielony\/"},"modified":"2026-04-05T21:22:59","modified_gmt":"2026-04-05T19:22:59","slug":"lozko-180x80cm-babydreams-grafika-straz-pozarna-kolor-bialo-zielony","status":"publish","type":"product","link":"http:\/\/klubmamgdynia.pl\/index.php\/produkt\/lozko-180x80cm-babydreams-grafika-straz-pozarna-kolor-bialo-zielony\/","title":{"rendered":"\u0141\u00f3\u017cko 180X80Cm Babydreams Grafika Stra\u017c Po\u017carna Kolor Bia\u0142o-Zielony"},"content":{"rendered":"<p>\u0141\u00f3\u017cko 180x80cm BABYDREAMS grafika STRA\u017b PO\u017bARNA(bez szuflady) kolor bia\u0142o-zielony Kolekcja mebli Babydreams pomaga stworzy\u0107 przytulny nastr\u00f3j w pokoju dziecka. Dedykowana dla m\u0142odszych dzieci. \u0141\u00f3\u017cka zdobione wizerunkami ba\u015bniowych postaci, zwierz\u0105tek jak i pojazd\u00f3w. Laminowane obrazki rozwin\u0105 kreatywno\u015b\u0107 i wyobra\u017ani\u0119 Twojego dziecka &#8211; dodatkowo wprowadz\u0105 do pomieszczenia niepowtarzalny urok i styl. Podaruj swojemu dziecku \u0142\u00f3\u017cko, w kt\u00f3rym poczuje niezale\u017cno\u015b\u0107 i wygod\u0119. Wiele wzor\u00f3w jak i kolor\u00f3w sprawia, \u017ce \u0142\u00f3\u017cka b\u0119d\u0105 idealnym wyborem dla ch\u0142opca jak i dziewczynki. Do produkcji zosta\u0142y u\u017cyte hipoalergiczne lakiery i naklejki. Kraw\u0119dzie mebli s\u0105 zaokr\u0105glone i dodatkowo zabezpieczone specjalnym mi\u0119kkim w dotyku profilem co podnosi bezpiecze\u0144stwo u\u017cytkowania przez malucha. Dba\u0142o\u015b\u0107 o szczeg\u00f3\u0142y zapewnia najwy\u017csz\u0105 jako\u015b\u0107. Kolekcja dost\u0119pna jest r\u00f3wnie\u017c bez naklejek. Funkcjonalne i wygodne \u0142\u00f3\u017cko wykonane jest z wysokiej jako\u015bci laminowanej wi\u00f3rowej p\u0142yty meblowej o grubo\u015bci 18 mm Posiada zaokr\u0105glone kraw\u0119dzie, kt\u00f3re zapewniaj\u0105 bezpiecze\u0144stwo u\u017cytkowania Produkowane jest jako dwustronne, przy monta\u017cu wybieramy po kt\u00f3rej stronie b\u0119dzie ruchoma barierka Barierka o d\u0142ugo\u015bci 100cm zapewni dziecku bezpieczny sen. Dodatkowo jest ona przesuwana i na dzie\u0144 mo\u017cna j\u0105 zdj\u0105\u0107 Stela\u017c na materac wykonany jest z klejonych warstwowo listew brzozowych &#8211; odporny na obci\u0105\u017cenia Wyprofilowany w lekki \u0142uk zwi\u0119kszy komfort, a materac b\u0119dzie mia\u0142 zapewnione odpowiednie podparcie oraz wentylacj\u0119 Sk\u0142ada si\u0119 z rz\u0119du listew spi\u0119tych syntetycznymi pasami o du\u017cej wytrzyma\u0142o\u015bci &#8211; gwarantuje to trwa\u0142e i r\u00f3wnomierne roz\u0142o\u017cenie listew na ramie \u0142\u00f3\u017cka \u0141\u00f3\u017cko montowane jest na \u015brubach \u015bci\u0105gaj\u0105cych dzi\u0119ki czemu wytrzymuje obci\u0105\u017cenie do 100 kg i spokojnie rodzic mo\u017ce po\u0142o\u017cy\u0107 si\u0119 z maluchem podczas czytania bajki na dobranoc Posiada certyfikaty i europejskie normy higieniczno\u015bci klasy E1 o poziomie emisji formaldehydu zgodnej z europejskim modelem EN165146 Fronty \u0142\u00f3\u017cka posiadaj\u0105 laminowany obrazek, kt\u00f3ry pomo\u017ce Twojemu dziecku polubi\u0107 por\u0119 snu Obrazek jest trwa\u0142y i odporny na \u015brodki czyszcz\u0105ce Zaprojektowane z my\u015bl\u0105 o najm\u0142odszych u\u017cytkownikach W pe\u0142ni dopasowuje si\u0119 do oczekiwa\u0144 dziecka jak i rodzica Do \u0142\u00f3\u017cka do\u0142\u0105czony jest stela\u017c spr\u0119\u017cynuj\u0105cy flex, instrukcja oraz akcesoria monta\u017cowe<\/p>\n<h2>\u0141\u00f3\u017cko 180X80Cm Babydreams Grafika Stra\u017c Po\u017carna Kolor Bia\u0142o-Zielony Kocot-Meble<\/h2>\n<p>wierszyki na lany poniedzia\u0142ek, kolorowanka harry potter, opowiadanie o jesieni dla dzieci, maski karnawa\u0142owe dla dzieci szablony, quiz zemsta, wpad\u0142a bomba do piwnicy<\/p>\n<p>yyyyy<\/p>\n<p>&nbsp;<\/p>\n","protected":false},"excerpt":{"rendered":"<p>\u0141\u00f3\u017cko 180x80cm BABYDREAMS grafika STRA\u017b PO\u017bARNA(bez szuflady) kolor bia\u0142o-zielony Kolekcja mebli Babydreams pomaga stworzy\u0107 przytulny nastr\u00f3j w pokoju dziecka. Dedykowana dla m\u0142odszych dzieci. \u0141\u00f3\u017cka zdobione wizerunkami ba\u015bniowych postaci, zwierz\u0105tek jak i pojazd\u00f3w. Laminowane obrazki rozwin\u0105 kreatywno\u015b\u0107 i wyobra\u017ani\u0119 Twojego dziecka &#8211; dodatkowo wprowadz\u0105 do pomieszczenia niepowtarzalny urok i styl. Podaruj swojemu dziecku \u0142\u00f3\u017cko, w kt\u00f3rym [&hellip;]<\/p>\n","protected":false},"featured_media":3688,"comment_status":"closed","ping_status":"open","template":"","meta":[],"product_cat":[987,935],"product_tag":[662,711,635],"class_list":["post-3687","product","type-product","status-publish","has-post-thumbnail","hentry","product_cat-kocot-meble","product_cat-lozeczka-dzieciece","product_tag-bajki-na-dobranoc","product_tag-prezenty-dla-nastolatkow","product_tag-znaki-drogowe-do-druku"],"_links":{"self":[{"href":"http:\/\/klubmamgdynia.pl\/index.php\/wp-json\/wp\/v2\/product\/3687","targetHints":{"allow":["GET"]}}],"collection":[{"href":"http:\/\/klubmamgdynia.pl\/index.php\/wp-json\/wp\/v2\/product"}],"about":[{"href":"http:\/\/klubmamgdynia.pl\/index.php\/wp-json\/wp\/v2\/types\/product"}],"replies":[{"embeddable":true,"href":"http:\/\/klubmamgdynia.pl\/index.php\/wp-json\/wp\/v2\/comments?post=3687"}],"wp:featuredmedia":[{"embeddable":true,"href":"http:\/\/klubmamgdynia.pl\/index.php\/wp-json\/wp\/v2\/media\/3688"}],"wp:attachment":[{"href":"http:\/\/klubmamgdynia.pl\/index.php\/wp-json\/wp\/v2\/media?parent=3687"}],"wp:term":[{"taxonomy":"product_cat","embeddable":true,"href":"http:\/\/klubmamgdynia.pl\/index.php\/wp-json\/wp\/v2\/product_cat?post=3687"},{"taxonomy":"product_tag","embeddable":true,"href":"http:\/\/klubmamgdynia.pl\/index.php\/wp-json\/wp\/v2\/product_tag?post=3687"}],"curies":[{"name":"wp","href":"https:\/\/api.w.org\/{rel}","templated":true}]}}