{"id":3689,"date":"2014-05-06T01:44:42","date_gmt":"2014-05-05T23:44:42","guid":{"rendered":"http:\/\/klubmamgdynia.pl\/index.php\/produkt\/pilka-gumowa-pvc-23cm-plazowa-kolorowa-do-zabawy\/"},"modified":"2026-04-28T15:41:50","modified_gmt":"2026-04-28T13:41:50","slug":"pilka-gumowa-pvc-23cm-plazowa-kolorowa-do-zabawy","status":"publish","type":"product","link":"http:\/\/klubmamgdynia.pl\/index.php\/produkt\/pilka-gumowa-pvc-23cm-plazowa-kolorowa-do-zabawy\/","title":{"rendered":"Pi\u0142ka Gumowa Pvc 23cm Pla\u017cowa Kolorowa Do Zabawy"},"content":{"rendered":"<p>AKTYWNA I WESO\u0141A ZABAWA Z GUMOW\u0104 PI\u0141K\u0104! Doskona\u0142a do zabawy na podw\u00f3rku, ogrodzie czy na pla\u017cy. \u015arednica ok 23 cm Wysy\u0142ana pi\u0142ka jest nienapompowana Pompowanie standardow\u0105 ig\u0142\u0105 i pompk\u0105 Cena dotyczy 1 pi\u0142ki 3 kolory mix<\/p>\n<h2>Pi\u0142ka Gumowa Pvc 23cm Pla\u017cowa Kolorowa Do Zabawy Bigtoys<\/h2>\n<p>bajki do czytania psi patrol, zabawy tematyczne przyk\u0142ady, pikachu kolorowanka, list do \u015bw miko\u0142aja &#8212; wz\u00f3r, quiz znaki drogowe, jedzie poci\u0105g z daleka tekst<\/p>\n<p>yyyyy<\/p>\n<p>&nbsp;<\/p>\n","protected":false},"excerpt":{"rendered":"<p>AKTYWNA I WESO\u0141A ZABAWA Z GUMOW\u0104 PI\u0141K\u0104! Doskona\u0142a do zabawy na podw\u00f3rku, ogrodzie czy na pla\u017cy. \u015arednica ok 23 cm Wysy\u0142ana pi\u0142ka jest nienapompowana Pompowanie standardow\u0105 ig\u0142\u0105 i pompk\u0105 Cena dotyczy 1 pi\u0142ki 3 kolory mix Pi\u0142ka Gumowa Pvc 23cm Pla\u017cowa Kolorowa Do Zabawy Bigtoys bajki do czytania psi patrol, zabawy tematyczne przyk\u0142ady, pikachu kolorowanka, [&hellip;]<\/p>\n","protected":false},"featured_media":3690,"comment_status":"closed","ping_status":"open","template":"","meta":[],"product_cat":[331,1102],"product_tag":[706,841,586,712],"class_list":["post-3689","product","type-product","status-publish","has-post-thumbnail","hentry","product_cat-bigtoys","product_cat-sprzet-plazowy","product_tag-imie-kuba","product_tag-quiz-o-flagach","product_tag-smieszne-zagadki","product_tag-zagadki-o-zwierzetach"],"_links":{"self":[{"href":"http:\/\/klubmamgdynia.pl\/index.php\/wp-json\/wp\/v2\/product\/3689","targetHints":{"allow":["GET"]}}],"collection":[{"href":"http:\/\/klubmamgdynia.pl\/index.php\/wp-json\/wp\/v2\/product"}],"about":[{"href":"http:\/\/klubmamgdynia.pl\/index.php\/wp-json\/wp\/v2\/types\/product"}],"replies":[{"embeddable":true,"href":"http:\/\/klubmamgdynia.pl\/index.php\/wp-json\/wp\/v2\/comments?post=3689"}],"wp:featuredmedia":[{"embeddable":true,"href":"http:\/\/klubmamgdynia.pl\/index.php\/wp-json\/wp\/v2\/media\/3690"}],"wp:attachment":[{"href":"http:\/\/klubmamgdynia.pl\/index.php\/wp-json\/wp\/v2\/media?parent=3689"}],"wp:term":[{"taxonomy":"product_cat","embeddable":true,"href":"http:\/\/klubmamgdynia.pl\/index.php\/wp-json\/wp\/v2\/product_cat?post=3689"},{"taxonomy":"product_tag","embeddable":true,"href":"http:\/\/klubmamgdynia.pl\/index.php\/wp-json\/wp\/v2\/product_tag?post=3689"}],"curies":[{"name":"wp","href":"https:\/\/api.w.org\/{rel}","templated":true}]}}