{"id":369,"date":"2012-08-28T23:38:32","date_gmt":"2012-08-28T21:38:32","guid":{"rendered":"http:\/\/klubmamgdynia.pl\/?post_type=product&#038;p=369"},"modified":"2026-04-27T08:55:48","modified_gmt":"2026-04-27T06:55:48","slug":"small-foot-karuzela-dzwonkow","status":"publish","type":"product","link":"http:\/\/klubmamgdynia.pl\/index.php\/produkt\/small-foot-karuzela-dzwonkow\/","title":{"rendered":"Small Foot Karuzela Dzwonk\u00f3w"},"content":{"rendered":"<p>Pastelowy zestaw muzyczny &#8211; gitara, b\u0119ben, ksylofon Small FootTen zestaw instrument\u00f3w muzycznych sk\u0142adaj\u0105cy si\u0119 z gitary, ksylofonu i b\u0119bna w delikatnych, pastelowych kolorach zapewnia znakomit\u0105 muzyczn\u0105 zabaw\u0119. Trzy atrakcyjnie zaprojektowane instrumenty zamieni\u0105 pok\u00f3j dzieci\u0119cy w sal\u0119 koncertow\u0105.Wymiary:Gitara:- 54 x 16 x 6 cmB\u0119bnek:- 8 cm, \u00d8 18 cm<\/p>\n<h2>Small Foot Karuzela Dzwonk\u00f3w Small Foot Design<\/h2>\n<p>prezent dla nastolatk\u00f3w ch\u0142opc\u00f3w, dyplomy do druku, malowanki, zagadki dla 5 latka, zagadki na logiczne my\u015blenie, skalne miasto, zagadki o zawodach, piosenki dla dzieci tekst, jesienne piosenki dla dzieci, kolorowanka minionki, bajki terapeutyczne o emocjach pdf, lilianna, co kupic na roczek, mira imi\u0119, literki dla dzieci<\/p>\n<p>yyyyy<\/p>\n<p>&nbsp;<\/p>\n","protected":false},"excerpt":{"rendered":"<p>Pastelowy zestaw muzyczny &#8211; gitara, b\u0119ben, ksylofon Small FootTen zestaw instrument\u00f3w muzycznych sk\u0142adaj\u0105cy si\u0119 z gitary, ksylofonu i b\u0119bna w delikatnych, pastelowych kolorach zapewnia znakomit\u0105 muzyczn\u0105 zabaw\u0119. Trzy atrakcyjnie zaprojektowane instrumenty zamieni\u0105 pok\u00f3j dzieci\u0119cy w sal\u0119 koncertow\u0105.Wymiary:Gitara:- 54 x 16 x 6 cmB\u0119bnek:- 8 cm, \u00d8 18 cm Small Foot Karuzela Dzwonk\u00f3w Small Foot Design [&hellip;]<\/p>\n","protected":false},"featured_media":370,"comment_status":"closed","ping_status":"open","template":"","meta":[],"product_cat":[147,155],"product_tag":[610,722,673,780,857],"class_list":["post-369","product","type-product","status-publish","has-post-thumbnail","hentry","product_cat-small-foot-design","product_cat-zabawki-muzyczne","product_tag-co-na-prezent-dla-nastolatkow","product_tag-cytaty-o-przyjazni","product_tag-juz-blisko-koleda-tekst","product_tag-krecik-bajka","product_tag-zagadki-dla-dzieci-7-8-lat"],"_links":{"self":[{"href":"http:\/\/klubmamgdynia.pl\/index.php\/wp-json\/wp\/v2\/product\/369","targetHints":{"allow":["GET"]}}],"collection":[{"href":"http:\/\/klubmamgdynia.pl\/index.php\/wp-json\/wp\/v2\/product"}],"about":[{"href":"http:\/\/klubmamgdynia.pl\/index.php\/wp-json\/wp\/v2\/types\/product"}],"replies":[{"embeddable":true,"href":"http:\/\/klubmamgdynia.pl\/index.php\/wp-json\/wp\/v2\/comments?post=369"}],"wp:featuredmedia":[{"embeddable":true,"href":"http:\/\/klubmamgdynia.pl\/index.php\/wp-json\/wp\/v2\/media\/370"}],"wp:attachment":[{"href":"http:\/\/klubmamgdynia.pl\/index.php\/wp-json\/wp\/v2\/media?parent=369"}],"wp:term":[{"taxonomy":"product_cat","embeddable":true,"href":"http:\/\/klubmamgdynia.pl\/index.php\/wp-json\/wp\/v2\/product_cat?post=369"},{"taxonomy":"product_tag","embeddable":true,"href":"http:\/\/klubmamgdynia.pl\/index.php\/wp-json\/wp\/v2\/product_tag?post=369"}],"curies":[{"name":"wp","href":"https:\/\/api.w.org\/{rel}","templated":true}]}}