{"id":3691,"date":"2011-06-16T23:03:42","date_gmt":"2011-06-16T21:03:42","guid":{"rendered":"http:\/\/klubmamgdynia.pl\/index.php\/produkt\/luxma-elektryczny-czajnik-na-wode-para-agd-3254-zabawka\/"},"modified":"2026-05-02T01:49:48","modified_gmt":"2026-05-01T23:49:48","slug":"luxma-elektryczny-czajnik-na-wode-para-agd-3254-zabawka","status":"publish","type":"product","link":"http:\/\/klubmamgdynia.pl\/index.php\/produkt\/luxma-elektryczny-czajnik-na-wode-para-agd-3254-zabawka\/","title":{"rendered":"Luxma Elektryczny Czajnik Na Wod\u0119 Para Agd 3254 &#8211; Zabawka"},"content":{"rendered":"<p>Elektryczny niebieski czajnik dzbanek elektryczny na wod\u0119 para dla dzieci AGDTwoje dziecko lubi pomaga\u0107 Ci w codziennych obowi\u0105zkach domowych? Ta zabawka jest zatem idealnym rozwi\u0105zaniem. \u015awietne funkcje ucz\u0105 podstaw funkcjonowania drobnego sprz\u0119tu AGD poprzez fajn\u0105 zabaw\u0119!Rzeczywiste odzwierciedlenie funkcji prawdziwego czajnika sprawi\u0105, \u017ce Twoja pociecha podczas super zabawy nauczy si\u0119 r\u00f3wnie\u017c czego\u015b po\u017cytecznego.Wymiary czajnika: wys. 18,5 x szer. 14 x g\u0142. 12 cmWiek: 3+Baterie: 3 x AA (brak w zestawie)Zabawka posiada certyfikat CE, EN71.1. Otw\u00f3rz g\u00f3rn\u0105 pokryw\u0119 czajnika, wlej wody do zaznaczonego poziomu (uwzgl\u0119dniaj\u0105c przedni\u0105 komor\u0119) i zamknij.2. Naci\u015bnij w\u0142\u0105cznik.3. Uruchamia si\u0119 d\u017awi\u0119k gotuj\u0105cej si\u0119 wody i \u015bwiate\u0142ko w kolorze czerwonym oraz z przodu wydobywa si\u0119 PARA (bezpieczna dla dziecka).4.Na koniec wylej wod\u0119 jak z prawdziwego czajnika do zlewu, albo do fili\u017caneczek (brak w zestawie) dzi\u0119ki otwieranej pokrywie.Wymiary opakowania: 20 x 17,5 x 13,5 cmBaterie: 3 x AA (brak w zestawie)Wiek: 3+Zabawka posiada certyfikat CE, EN71.Zabawka zapakowana w \u0142adne kolorowe pude\u0142ko z okienkiem, idealnie nadaje si\u0119 na prezent&#8230;.<\/p>\n<h2>Luxma Elektryczny Czajnik Na Wod\u0119 Para Agd 3254 &#8211; Zabawka Luxma<\/h2>\n<p>glupie zagadki, m\u0105dre prezenty dla 7 latki, leon imi\u0119, cytat z ma\u0142ego ksi\u0119cia o przyja\u017ani, krecik bajka, testy z lektury zemsta, rysunki do druku, kolorowanka dla dziewczynki, m\u0105dre prezenty dla 7 latki, felix net i nika oraz gang niewidzialnych ludzi quiz, zagadki dla m\u0142odzie\u017cy, quiz o akademii pana kleksa, kolorowanki super zings, kucyki pony kolorowanka, kwiaty polne nazwy i zdj\u0119cia, warszawa dla dzieci<\/p>\n<p>yyyyy<\/p>\n<p>&nbsp;<\/p>\n","protected":false},"excerpt":{"rendered":"<p>Elektryczny niebieski czajnik dzbanek elektryczny na wod\u0119 para dla dzieci AGDTwoje dziecko lubi pomaga\u0107 Ci w codziennych obowi\u0105zkach domowych? Ta zabawka jest zatem idealnym rozwi\u0105zaniem. \u015awietne funkcje ucz\u0105 podstaw funkcjonowania drobnego sprz\u0119tu AGD poprzez fajn\u0105 zabaw\u0119!Rzeczywiste odzwierciedlenie funkcji prawdziwego czajnika sprawi\u0105, \u017ce Twoja pociecha podczas super zabawy nauczy si\u0119 r\u00f3wnie\u017c czego\u015b po\u017cytecznego.Wymiary czajnika: wys. 18,5 [&hellip;]<\/p>\n","protected":false},"featured_media":3692,"comment_status":"closed","ping_status":"open","template":"","meta":[],"product_cat":[53,327],"product_tag":[834,819,807,843,824],"class_list":["post-3691","product","type-product","status-publish","has-post-thumbnail","hentry","product_cat-kaciki-zabaw","product_cat-luxma","product_tag-bajka-do-czytania-na-dobranoc","product_tag-co-kupic-nastolatce-na-swieta","product_tag-logiczne-zagadki","product_tag-smieszne-zagadki-dla-dzieci","product_tag-warszawa-atrakcje-dla-dzieci"],"_links":{"self":[{"href":"http:\/\/klubmamgdynia.pl\/index.php\/wp-json\/wp\/v2\/product\/3691","targetHints":{"allow":["GET"]}}],"collection":[{"href":"http:\/\/klubmamgdynia.pl\/index.php\/wp-json\/wp\/v2\/product"}],"about":[{"href":"http:\/\/klubmamgdynia.pl\/index.php\/wp-json\/wp\/v2\/types\/product"}],"replies":[{"embeddable":true,"href":"http:\/\/klubmamgdynia.pl\/index.php\/wp-json\/wp\/v2\/comments?post=3691"}],"wp:featuredmedia":[{"embeddable":true,"href":"http:\/\/klubmamgdynia.pl\/index.php\/wp-json\/wp\/v2\/media\/3692"}],"wp:attachment":[{"href":"http:\/\/klubmamgdynia.pl\/index.php\/wp-json\/wp\/v2\/media?parent=3691"}],"wp:term":[{"taxonomy":"product_cat","embeddable":true,"href":"http:\/\/klubmamgdynia.pl\/index.php\/wp-json\/wp\/v2\/product_cat?post=3691"},{"taxonomy":"product_tag","embeddable":true,"href":"http:\/\/klubmamgdynia.pl\/index.php\/wp-json\/wp\/v2\/product_tag?post=3691"}],"curies":[{"name":"wp","href":"https:\/\/api.w.org\/{rel}","templated":true}]}}