{"id":3693,"date":"2017-10-09T21:44:27","date_gmt":"2017-10-09T19:44:27","guid":{"rendered":"http:\/\/klubmamgdynia.pl\/index.php\/produkt\/smily-play-owoce-i-warzywa-do-zabawy-sp83920-zabawka\/"},"modified":"2026-04-19T10:57:09","modified_gmt":"2026-04-19T08:57:09","slug":"smily-play-owoce-i-warzywa-do-zabawy-sp83920-zabawka","status":"publish","type":"product","link":"http:\/\/klubmamgdynia.pl\/index.php\/produkt\/smily-play-owoce-i-warzywa-do-zabawy-sp83920-zabawka\/","title":{"rendered":"Smily Play Owoce I Warzywa Do Zabawy Sp83920 &#8211; Zabawka"},"content":{"rendered":"<p>\u0141adne, realistyczne owoce i warzywa. Ka\u017cdy produkt jest znakomitym odwzorowaniem prawdziwych owoc\u00f3w i warzyw, dzi\u0119ki czemu zabawa staje si\u0119 jeszcze atrakcyjniejsza. Produkty wykonane s\u0105 z mi\u0142ego w dotyku, wysokiej jako\u015bci plastiku. Mo\u017cna je my\u0107, s\u0105 bezpieczne dla dzieci. Idealne do zabawy w restauracj\u0119, gotowanie, dom. Zabawa pomo\u017ce zach\u0119ci\u0107 dziecko do zdrowego od\u017cywiania. Jest te\u017c doskona\u0142ym \u0107wiczeniem ma\u0142ej motoryki. Owoce i warzywa mo\u017cna przekroi\u0107 do\u0142\u0105czonym bezpiecznym, plastikowym no\u017cem,&#8230;<\/p>\n<h2>Smily Play Owoce I Warzywa Do Zabawy Sp83920 &#8211; Zabawka Smily Play<\/h2>\n<p>dinozaur bajka, zagadki dla dzieci 10 12 lat z odpowiedziami, m.i.a., ozdoby choinkowe dla dzieci, tekst ko\u0142ysanki, nauka zegara do druku, liwia, p\u0142atki \u015bniegu szablon, zagadki co to jest, bezpieczne kosmetyki do makija\u017cu dla dzieci, kolorowanka lego friends, ksi\u0105\u017cka dla dzieci online, prezent dla dziewczynki 7 lat, zagadki dla 7 latk\u00f3w, quiz znaki drogowe<\/p>\n<p>yyyyy<\/p>\n<p>&nbsp;<\/p>\n","protected":false},"excerpt":{"rendered":"<p>\u0141adne, realistyczne owoce i warzywa. Ka\u017cdy produkt jest znakomitym odwzorowaniem prawdziwych owoc\u00f3w i warzyw, dzi\u0119ki czemu zabawa staje si\u0119 jeszcze atrakcyjniejsza. Produkty wykonane s\u0105 z mi\u0142ego w dotyku, wysokiej jako\u015bci plastiku. Mo\u017cna je my\u0107, s\u0105 bezpieczne dla dzieci. Idealne do zabawy w restauracj\u0119, gotowanie, dom. Zabawa pomo\u017ce zach\u0119ci\u0107 dziecko do zdrowego od\u017cywiania. Jest te\u017c doskona\u0142ym [&hellip;]<\/p>\n","protected":false},"featured_media":3694,"comment_status":"closed","ping_status":"open","template":"","meta":[],"product_cat":[53,62],"product_tag":[802,699,775,645,720,726],"class_list":["post-3693","product","type-product","status-publish","has-post-thumbnail","hentry","product_cat-kaciki-zabaw","product_cat-smily-play","product_tag-co-kupic-dziewczynce-na-roczek","product_tag-kolorowanki-do-druku-dla-dziewczyn","product_tag-kolorowanki-do-druku-pokemon","product_tag-latwe-zagadki","product_tag-malowanki","product_tag-quiz-zemsta"],"_links":{"self":[{"href":"http:\/\/klubmamgdynia.pl\/index.php\/wp-json\/wp\/v2\/product\/3693","targetHints":{"allow":["GET"]}}],"collection":[{"href":"http:\/\/klubmamgdynia.pl\/index.php\/wp-json\/wp\/v2\/product"}],"about":[{"href":"http:\/\/klubmamgdynia.pl\/index.php\/wp-json\/wp\/v2\/types\/product"}],"replies":[{"embeddable":true,"href":"http:\/\/klubmamgdynia.pl\/index.php\/wp-json\/wp\/v2\/comments?post=3693"}],"wp:featuredmedia":[{"embeddable":true,"href":"http:\/\/klubmamgdynia.pl\/index.php\/wp-json\/wp\/v2\/media\/3694"}],"wp:attachment":[{"href":"http:\/\/klubmamgdynia.pl\/index.php\/wp-json\/wp\/v2\/media?parent=3693"}],"wp:term":[{"taxonomy":"product_cat","embeddable":true,"href":"http:\/\/klubmamgdynia.pl\/index.php\/wp-json\/wp\/v2\/product_cat?post=3693"},{"taxonomy":"product_tag","embeddable":true,"href":"http:\/\/klubmamgdynia.pl\/index.php\/wp-json\/wp\/v2\/product_tag?post=3693"}],"curies":[{"name":"wp","href":"https:\/\/api.w.org\/{rel}","templated":true}]}}