{"id":3695,"date":"2014-04-23T05:23:44","date_gmt":"2014-04-23T03:23:44","guid":{"rendered":"http:\/\/klubmamgdynia.pl\/index.php\/produkt\/kids-euroswan-domek-aktywnosci-z-efektami-dzwiekowymi-peppa-pig\/"},"modified":"2026-05-01T14:45:14","modified_gmt":"2026-05-01T12:45:14","slug":"kids-euroswan-domek-aktywnosci-z-efektami-dzwiekowymi-peppa-pig","status":"publish","type":"product","link":"http:\/\/klubmamgdynia.pl\/index.php\/produkt\/kids-euroswan-domek-aktywnosci-z-efektami-dzwiekowymi-peppa-pig\/","title":{"rendered":"Kids Euroswan Domek Aktywno\u015bci Z Efektami D\u017awi\u0119kowymi Peppa Pig"},"content":{"rendered":"<h2>Kids Euroswan Domek Aktywno\u015bci Z Efektami D\u017awi\u0119kowymi Peppa Pig Kids Euroswan<\/h2>\n<p>sabina, kira imi\u0119, na roczek dla ch\u0142opca, test z lektury asiunia, quizy dla dzieci z bajek, kolorowanka wr\u00f3\u017cka, praktyczny prezent dla rocznego dziecka, podchwytliwe zagadki, iwo, imi\u0119 nadia, \u0142amig\u0142\u00f3wki matematyczne, zaproszenia do druku, ilona, fajne \u017carty na prima aprilis, co \u0142apie ale nie rzuca, my little pony kolorowanki celestia, bajki halloween, ch\u0142opcy z placu broni &#8211; test z odpowiedziami, kajko i kokosz szko\u0142a latania &#8211; test do wydruku<\/p>\n<p>yyyyy<\/p>\n<p>&nbsp;<\/p>\n","protected":false},"excerpt":{"rendered":"<p>Kids Euroswan Domek Aktywno\u015bci Z Efektami D\u017awi\u0119kowymi Peppa Pig Kids Euroswan sabina, kira imi\u0119, na roczek dla ch\u0142opca, test z lektury asiunia, quizy dla dzieci z bajek, kolorowanka wr\u00f3\u017cka, praktyczny prezent dla rocznego dziecka, podchwytliwe zagadki, iwo, imi\u0119 nadia, \u0142amig\u0142\u00f3wki matematyczne, zaproszenia do druku, ilona, fajne \u017carty na prima aprilis, co \u0142apie ale nie rzuca, [&hellip;]<\/p>\n","protected":false},"featured_media":3696,"comment_status":"closed","ping_status":"open","template":"","meta":[],"product_cat":[1103,61],"product_tag":[845,837,852,675,647],"class_list":["post-3695","product","type-product","status-publish","has-post-thumbnail","hentry","product_cat-kids-euroswan","product_cat-zabawki-edukacyjne-dla-niemowlat","product_tag-ach-spij-kochanie-tekst","product_tag-cicha-noc-po-angielsku","product_tag-jak-zrobic-samolot-z-papieru","product_tag-test-z-lektury-kajko-i-kokosz-szkola-latania","product_tag-warszawa-z-dzieckiem"],"_links":{"self":[{"href":"http:\/\/klubmamgdynia.pl\/index.php\/wp-json\/wp\/v2\/product\/3695","targetHints":{"allow":["GET"]}}],"collection":[{"href":"http:\/\/klubmamgdynia.pl\/index.php\/wp-json\/wp\/v2\/product"}],"about":[{"href":"http:\/\/klubmamgdynia.pl\/index.php\/wp-json\/wp\/v2\/types\/product"}],"replies":[{"embeddable":true,"href":"http:\/\/klubmamgdynia.pl\/index.php\/wp-json\/wp\/v2\/comments?post=3695"}],"wp:featuredmedia":[{"embeddable":true,"href":"http:\/\/klubmamgdynia.pl\/index.php\/wp-json\/wp\/v2\/media\/3696"}],"wp:attachment":[{"href":"http:\/\/klubmamgdynia.pl\/index.php\/wp-json\/wp\/v2\/media?parent=3695"}],"wp:term":[{"taxonomy":"product_cat","embeddable":true,"href":"http:\/\/klubmamgdynia.pl\/index.php\/wp-json\/wp\/v2\/product_cat?post=3695"},{"taxonomy":"product_tag","embeddable":true,"href":"http:\/\/klubmamgdynia.pl\/index.php\/wp-json\/wp\/v2\/product_tag?post=3695"}],"curies":[{"name":"wp","href":"https:\/\/api.w.org\/{rel}","templated":true}]}}