{"id":3697,"date":"2015-09-13T19:47:09","date_gmt":"2015-09-13T17:47:09","guid":{"rendered":"http:\/\/klubmamgdynia.pl\/index.php\/produkt\/cybex-beyla-twist-nosidlo-love-red\/"},"modified":"2026-05-17T23:01:07","modified_gmt":"2026-05-17T21:01:07","slug":"cybex-beyla-twist-nosidlo-love-red","status":"publish","type":"product","link":"http:\/\/klubmamgdynia.pl\/index.php\/produkt\/cybex-beyla-twist-nosidlo-love-red\/","title":{"rendered":"Cybex Beyla Twist Nosid\u0142o Love Red"},"content":{"rendered":"<p>Cybex BEYLA TWIST noside\u0142ko od urodzenia, zapi\u0119cie typu &#8222;click&#8221;, 4 pozycje noszenia Kolor: Love | Red Nosid\u0142o BEYLA Twist z kolekcji CYBEX Gold &#8211; zaprojektowano w unikalny spos\u00f3b umo\u017cliwiaj\u0105cy 4 ergonomiczne pozycje noszenia &#8211; przodem lub ty\u0142em do rodzica. BEYLA Twist zapewnia poczucie blisko\u015bci pomi\u0119dzy dzieckiem a rodzicem, gwarantuje bezpiecze\u0144stwo i wygod\u0119. System szybkiego mocowania jednym klikni\u0119ciem &#8211; dopasowanie i zdj\u0119cie nosid\u0142a w kilka sekund. Ergonomiczne ukszta\u0142towane siedzisko i podparcie plec\u00f3w, wspiera naturaln\u0105, zaokr\u0105glon\u0105 pozycj\u0119 i gwarantuje prawid\u0142owy rozw\u00f3j bioder dziecka. Regulowana wysoko\u015b\u0107 i szeroko\u015b\u0107 siedziska w BEYLA Twist umo\u017cliwia zastosowanie nosid\u0142a od pierwszych dni \u017cycia dziecka do chodz\u0105cego maluszka (ok. 2 lata). Nowa niesamowita kolorowa i wyr\u00f3\u017cniaj\u0105ca si\u0119 kolekcja Cybex Gold Fashion Collection! Kolekcja w kt\u00f3rej ka\u017cdy kolor wyra\u017ca jakie\u015b emocje: Niebieski &#8211; Trust &#8211; Zaufanie Zielony &#8211; Respect &#8211; Szacunek Czerwony &#8211; Love &#8211; Mi\u0142\u00f3\u015b\u0107 Czarny &#8211; Strenght &#8211; Si\u0142a Kolekcja stworzona dla wszystkich kt\u00f3rzy lubi\u0105 si\u0119 wyr\u00f3\u017cnia\u0107 w t\u0142umie, nikt nie przejdzie oboj\u0119tnie obok tego wyj\u0105tkowego noside\u0142ka. NATURALNA POZYCJA Zalecana przez specjalist\u00f3w i najlepsze mi\u0119dzynarodowe instytucje promuj\u0105ce zdrowy rozw\u00f3j dziecka, naturalna dla dziecka pozycja z szeroko rozstawionymi bioderkami. Wspiera prawid\u0142owy rozw\u00f3j i zapewnia komfort. Beyla Twist uzyska\u0142a pozytywna opini\u0119 specjalist\u00f3w oraz certyfikat INTERNATIONAL HIP DYSPLASIA INSTITUTE. BEYLA TWIST DOCENIONE PRZEZ SPECJALIST\u00d3W REGULACJA SIEDZISKA, ZDROWA POZYCJA OD NOWORODKA DO MALUSZKA Noside\u0142ko Cybex BEYLA TWIST wyposa\u017cone w regulowan\u0105 szeroko\u015b\u0107 i wysoko\u015b\u0107 siedziska umo\u017cliwia u\u017cycie w szerokim zakresie, przeznaczony jest dla dzieci o wadze od ok 3,5 kg do ok 15 kg. Indywidualne dopasowanie to zdrowa i komfortowa pozycja dla Twojego dziecka i wygoda noszenia dla Ciebie. WIELOFUNKCYJNY UNIWERSALNY ZAG\u0141\u00d3WEK Wsparcie dla g\u0142\u00f3wki i szyi dziecka w najwa\u017cniejszym okresie rozwoju. Intuicyjna regulacja i mo\u017cliwo\u015b\u0107 schowania. BEZPIECZNY MECHANIZM ZAPI\u0118CIA CLICK &#8211; \u0142atwy w u\u017cyciu, bezpieczny, intuicyjny system zapi\u0119cia noside\u0142ka. Zmiana rodzica nios\u0105cego dziecko jest jeszcze prostsza i szybsza, wszystko dla Twojej wygody i bezpiecze\u0144stwa Twojej pociechy. KOMFORTOWY DLA CIEBIE Zale\u017cnie od Twojej postury, upodoba\u0144 i przyzwyczaje\u0144 &#8211; skrzy\u017cowane lub r\u00f3wnolegle poprowadzone pasy do noszenia. Pasek \u0142\u0105cz\u0105cy je w pozycji r\u00f3wnoleg\u0142ej znajduje si\u0119 w zestawie. CECHY I SPECYFIKACJA Przeznaczone dla dzieci od ok. 3,5 do 15 kg, mechanizm zapi\u0119cia CLICK, regulacja siedziska, szeroko\u015b\u0107 i wysoko\u015b\u0107, regulacja zag\u0142\u00f3wka, mo\u017cliwo\u015b\u0107 schowania, naturalna, zdrowa, wygodna pozycja &#8211; rozstawione bioderka, 3 wygodne pozycje noszenia dziecka: z przodu przodem do rodzica (od urodzenia), z przodu ty\u0142em do rodzica (powy\u017cej 6 miesi\u0105ca, zaleca si\u0119 aby zaczyna\u0107 od kr\u00f3tkich ok. 15 minutowych sesji noszenia ty\u0142em do rodzica), z boku (od oko\u0142o 3 miesi\u0105ca &#8211; kiedy samodzielnie utrzymuje g\u0142\u00f3wk\u0119), z ty\u0142u (od oko\u0142o 6 miesi\u0105ca), BEYLA TWIST jest odporna na pranie w temperaturze do 30\u00b0C.<\/p>\n<h2>Cybex Beyla Twist Nosid\u0142o Love Red Cybex<\/h2>\n<p>aurelia imie, hymn g\u00f3rniczy, ksi\u0105\u017cka dla dzieci online, kolorowanka lol surprise, wroclaw atrakcje dla dzieci, cytaty o macierzy\u0144stwie, kolorowanka peppa, marianna imi\u0119<\/p>\n<p>yyyyy<\/p>\n<p>&nbsp;<\/p>\n","protected":false},"excerpt":{"rendered":"<p>Cybex BEYLA TWIST noside\u0142ko od urodzenia, zapi\u0119cie typu &#8222;click&#8221;, 4 pozycje noszenia Kolor: Love | Red Nosid\u0142o BEYLA Twist z kolekcji CYBEX Gold &#8211; zaprojektowano w unikalny spos\u00f3b umo\u017cliwiaj\u0105cy 4 ergonomiczne pozycje noszenia &#8211; przodem lub ty\u0142em do rodzica. BEYLA Twist zapewnia poczucie blisko\u015bci pomi\u0119dzy dzieckiem a rodzicem, gwarantuje bezpiecze\u0144stwo i wygod\u0119. System szybkiego mocowania [&hellip;]<\/p>\n","protected":false},"featured_media":3698,"comment_status":"closed","ping_status":"open","template":"","meta":[],"product_cat":[34,1104],"product_tag":[598,695,587,796],"class_list":["post-3697","product","type-product","status-publish","has-post-thumbnail","hentry","product_cat-cybex","product_cat-nosidelka-i-chusty","product_tag-co-na-roczek-dla-dziewczynki","product_tag-rzadkie-imiona-zenskie","product_tag-skalne-miasto","product_tag-zagatki"],"_links":{"self":[{"href":"http:\/\/klubmamgdynia.pl\/index.php\/wp-json\/wp\/v2\/product\/3697","targetHints":{"allow":["GET"]}}],"collection":[{"href":"http:\/\/klubmamgdynia.pl\/index.php\/wp-json\/wp\/v2\/product"}],"about":[{"href":"http:\/\/klubmamgdynia.pl\/index.php\/wp-json\/wp\/v2\/types\/product"}],"replies":[{"embeddable":true,"href":"http:\/\/klubmamgdynia.pl\/index.php\/wp-json\/wp\/v2\/comments?post=3697"}],"wp:featuredmedia":[{"embeddable":true,"href":"http:\/\/klubmamgdynia.pl\/index.php\/wp-json\/wp\/v2\/media\/3698"}],"wp:attachment":[{"href":"http:\/\/klubmamgdynia.pl\/index.php\/wp-json\/wp\/v2\/media?parent=3697"}],"wp:term":[{"taxonomy":"product_cat","embeddable":true,"href":"http:\/\/klubmamgdynia.pl\/index.php\/wp-json\/wp\/v2\/product_cat?post=3697"},{"taxonomy":"product_tag","embeddable":true,"href":"http:\/\/klubmamgdynia.pl\/index.php\/wp-json\/wp\/v2\/product_tag?post=3697"}],"curies":[{"name":"wp","href":"https:\/\/api.w.org\/{rel}","templated":true}]}}