{"id":3703,"date":"2013-07-11T01:27:27","date_gmt":"2013-07-10T23:27:27","guid":{"rendered":"http:\/\/klubmamgdynia.pl\/index.php\/produkt\/miniland-zabawka-sensoryczna-rafa-kolarowa\/"},"modified":"2026-04-06T02:50:56","modified_gmt":"2026-04-06T00:50:56","slug":"miniland-zabawka-sensoryczna-rafa-kolarowa","status":"publish","type":"product","link":"http:\/\/klubmamgdynia.pl\/index.php\/produkt\/miniland-zabawka-sensoryczna-rafa-kolarowa\/","title":{"rendered":"Miniland Zabawka Sensoryczna Rafa Kolarowa"},"content":{"rendered":"<p>Stymulacja sensoryczna to jedna z najwa\u017cniejszych i najlepszych rzeczy dla Twojego dziecka. B\u0119d\u0105 si\u0119 \u015bwietnie bawi\u0107 dzi\u0119ki patrzeniu, dotykaniu, gryzieniu czy s\u0142uchaniu d\u017awi\u0119k\u00f3w grzechotki tej mi\u0119ciutkiej rafy koralowej. Odkrywanie tajemnic rafy mo\u017cna zacz\u0105\u0107 od potrz\u0105sania grzechotk\u0105, kt\u00f3ra jest w kszta\u0142cie o\u015bmiornicy. Pozw\u00f3l swojemu dziecku odkrywa\u0107 tajemnice g\u0142\u0119bin oceanu ju\u017c od najm\u0142odszych lat! Elementy multisensoryczneZabawka zawiera wiele element\u00f3w rozwijaj\u0105cych zmys\u0142y dziecka: r\u00f3\u017cne tekstury przyjemne w dotyku, idealne gryzaki dla dzi\u0105se\u0142, mi\u0119kka wyjmowana grzechotka, \u015bwietne kolory kontrastuj\u0105ce oraz lusterko.Wyjmowana grzechotka Ma\u0142a o\u015bmiorniczka b\u0119dzie bardzo \u0142atwa do uchwycenia w ma\u0142ych r\u0105czkach dziecka, a jej przyjemny d\u017awi\u0119k, pomo\u017ce rozwin\u0105\u0107 s\u0142uch.Na spacery, wycieczki lub w domuW zestawie praktyczny pasek do zawieszenia na w\u00f3zku, \u0142\u00f3\u017ceczku lub innym elemencie, dzi\u0119ki czemu mo\u017cna zabawk\u0119 wygodnie zabra\u0107 ze sob\u0105 w ka\u017cde miejsce.Dzieci naucz\u0105 si\u0119 szanowa\u0107 \u015bwiat, w kt\u00f3rym \u017cyjemyPodczas zabawy dzieci ju\u017c od najm\u0142odszych lat dowiedz\u0105 si\u0119, jak wa\u017cne jest dbanie o dno oceanu i \u015brodowisko, w kt\u00f3rym \u017cyj\u0105.EAN: 8413082750015Waga: 0.225 kgWiek: 0-18Wymiary: 140.00 x 180.00 x 160.00<\/p>\n<h2>Miniland Zabawka Sensoryczna Rafa Kolarowa Miniland<\/h2>\n<p>jak narysowac kota, zadania logiczne dla dzieci, quizy ortograficzne trudne, testy z lektury opowie\u015bci z narnii lew czarownica i stara szafa, kolorowanka ninjago, szablony do wyklejania plastelin\u0105, prima aprilis pomys\u0142y, prezenty urodzinowe dla nastolatk\u00f3w, kolorowanka my little pony, mira imi\u0119, po\u0142\u0105cz kropki do wydruku pdf, \u015bwinka peppa kolorowanka, opowie\u015bci z narni test, imi\u0119 nela, zagatki, sentencje o przyja\u017ani, krak\u00f3w atrakcje dla dzieci, pieski, kolorowanki konie do druku, zagadki logiczne trudne<\/p>\n<p>yyyyy<\/p>\n<p>&nbsp;<\/p>\n","protected":false},"excerpt":{"rendered":"<p>Stymulacja sensoryczna to jedna z najwa\u017cniejszych i najlepszych rzeczy dla Twojego dziecka. B\u0119d\u0105 si\u0119 \u015bwietnie bawi\u0107 dzi\u0119ki patrzeniu, dotykaniu, gryzieniu czy s\u0142uchaniu d\u017awi\u0119k\u00f3w grzechotki tej mi\u0119ciutkiej rafy koralowej. Odkrywanie tajemnic rafy mo\u017cna zacz\u0105\u0107 od potrz\u0105sania grzechotk\u0105, kt\u00f3ra jest w kszta\u0142cie o\u015bmiornicy. Pozw\u00f3l swojemu dziecku odkrywa\u0107 tajemnice g\u0142\u0119bin oceanu ju\u017c od najm\u0142odszych lat! Elementy multisensoryczneZabawka zawiera [&hellip;]<\/p>\n","protected":false},"featured_media":3704,"comment_status":"closed","ping_status":"open","template":"","meta":[],"product_cat":[1105,61],"product_tag":[671,826,606,597],"class_list":["post-3703","product","type-product","status-publish","has-post-thumbnail","hentry","product_cat-miniland","product_cat-zabawki-edukacyjne-dla-niemowlat","product_tag-cicha-noc-po-angielsku-tekst","product_tag-prezent-dla-15-latka","product_tag-stala-pod-sniegiem","product_tag-zagadki-o-zimie"],"_links":{"self":[{"href":"http:\/\/klubmamgdynia.pl\/index.php\/wp-json\/wp\/v2\/product\/3703","targetHints":{"allow":["GET"]}}],"collection":[{"href":"http:\/\/klubmamgdynia.pl\/index.php\/wp-json\/wp\/v2\/product"}],"about":[{"href":"http:\/\/klubmamgdynia.pl\/index.php\/wp-json\/wp\/v2\/types\/product"}],"replies":[{"embeddable":true,"href":"http:\/\/klubmamgdynia.pl\/index.php\/wp-json\/wp\/v2\/comments?post=3703"}],"wp:featuredmedia":[{"embeddable":true,"href":"http:\/\/klubmamgdynia.pl\/index.php\/wp-json\/wp\/v2\/media\/3704"}],"wp:attachment":[{"href":"http:\/\/klubmamgdynia.pl\/index.php\/wp-json\/wp\/v2\/media?parent=3703"}],"wp:term":[{"taxonomy":"product_cat","embeddable":true,"href":"http:\/\/klubmamgdynia.pl\/index.php\/wp-json\/wp\/v2\/product_cat?post=3703"},{"taxonomy":"product_tag","embeddable":true,"href":"http:\/\/klubmamgdynia.pl\/index.php\/wp-json\/wp\/v2\/product_tag?post=3703"}],"curies":[{"name":"wp","href":"https:\/\/api.w.org\/{rel}","templated":true}]}}