{"id":3709,"date":"2013-10-06T02:09:14","date_gmt":"2013-10-06T00:09:14","guid":{"rendered":"http:\/\/klubmamgdynia.pl\/index.php\/produkt\/tommee-tippee-pojemniki-do-zamrazania-pokarmu-4szt-rozowe-5009\/"},"modified":"2026-04-19T19:16:16","modified_gmt":"2026-04-19T17:16:16","slug":"tommee-tippee-pojemniki-do-zamrazania-pokarmu-4szt-rozowe-5009","status":"publish","type":"product","link":"http:\/\/klubmamgdynia.pl\/index.php\/produkt\/tommee-tippee-pojemniki-do-zamrazania-pokarmu-4szt-rozowe-5009\/","title":{"rendered":"Tommee Tippee Pojemniki Do Zamra\u017cania Pokarmu 4Szt R\u00f3\u017cowe 5009"},"content":{"rendered":"<p>Pojemniki do mro\u017cenia pokarmu Explora 4 szt. Tommee Tippee Pojemniczki do zamra\u017cania pokarmu z serii Explora to prosty i bezpieczny spos\u00f3b na przechowywanie domowych zupek. Dzi\u0119ki naszym pojemniczkom z mi\u0119kk\u0105 podstaw\u0105 i tacce zamra\u017canie dzieci\u0119cych zupek sta\u0142o si\u0119 dziecinnie proste. Ich wielko\u015b\u0107 idealnie pasuje do wielko\u015bci porcji pierwszych posi\u0142k\u00f3w. Wystarczy w blenderze przygotowa\u0107 jedzenie, a potem niewykorzystan\u0105 cz\u0119\u015b\u0107 zamrozi\u0107 w pojemniczkach i poda\u0107 dziecku p\u00f3\u017aniej. Wypychane dno u\u0142atwia wyjmowanie zawarto\u015bci bez wysi\u0142ku i konieczno\u015bci jej rozmra\u017cania. W opakowaniu: 4 pojemnik do zamra\u017cania pokarmu o pojemno\u015bci 60 ml, 1 tacka 4 pojemniczki o pojemno\u015bci 60 ml ze szczelnymi, przymocowanymi na sta\u0142e pokrywkami Mo\u017cna je \u0142atwo stawia\u0107 jeden na drugim w zamra\u017carce lub lod\u00f3wce Mi\u0119kkie, wypychane dno Niewielki rozmiar \u2013 idealne do wprowadzania pierwszych pokarm\u00f3w sta\u0142ych Mog\u0105 by\u0107 stosowane w zmywarce, kuchence mikrofalowej oraz sterylizatorze Odpowiednie dla dzieci w wieku 4 m+ Nie zawieraj\u0105 bisfenolu A (BPA)<\/p>\n<h2>Tommee Tippee Pojemniki Do Zamra\u017cania Pokarmu 4Szt R\u00f3\u017cowe 5009 Tommee<\/h2>\n<p>\u0142amig\u0142\u00f3wki do druku, zaproszenia do druku, podzi\u0119kowania dla nauczyciela cytaty, zaproszenie na urodziny do druku pdf, zabawy dla 6 latk\u00f3w, prezent na pierwsze urodziny, labirynty dla dzieci, pomys\u0142y na prezent na roczek, iwo imi\u0119, bajka terapeutyczna o z\u0142o\u015bci pdf, jaki prezent na roczek, ferie zimowe 2022 warszawa, szablon krokus kolorowanka, by\u0142a sobie \u017cabka ma\u0142a tekst, wakacje kolorowanka, spiderman do druku<\/p>\n<p><a href=\"https:\/\/aspekto.pl\/pl\/p\/Exost-Sterowany-Samochod-Super-Wheel-Truck-Girl-Auto-5-\/115780\">truck girl<\/a><\/p>\n<p>&nbsp;<\/p>\n","protected":false},"excerpt":{"rendered":"<p>Pojemniki do mro\u017cenia pokarmu Explora 4 szt. Tommee Tippee Pojemniczki do zamra\u017cania pokarmu z serii Explora to prosty i bezpieczny spos\u00f3b na przechowywanie domowych zupek. Dzi\u0119ki naszym pojemniczkom z mi\u0119kk\u0105 podstaw\u0105 i tacce zamra\u017canie dzieci\u0119cych zupek sta\u0142o si\u0119 dziecinnie proste. Ich wielko\u015b\u0107 idealnie pasuje do wielko\u015bci porcji pierwszych posi\u0142k\u00f3w. Wystarczy w blenderze przygotowa\u0107 jedzenie, a [&hellip;]<\/p>\n","protected":false},"featured_media":3710,"comment_status":"closed","ping_status":"open","template":"","meta":[],"product_cat":[215,1099],"product_tag":[765,814,621,850],"class_list":["post-3709","product","type-product","status-publish","has-post-thumbnail","hentry","product_cat-naczynia-i-sztucce-dla-dzieci","product_cat-tommee","product_tag-atrakcje-dla-dzieci-warszawa","product_tag-prezenty-dla-nastolatek","product_tag-prezenty-roczek","product_tag-wroclaw-atrakcje-dla-dzieci"],"_links":{"self":[{"href":"http:\/\/klubmamgdynia.pl\/index.php\/wp-json\/wp\/v2\/product\/3709","targetHints":{"allow":["GET"]}}],"collection":[{"href":"http:\/\/klubmamgdynia.pl\/index.php\/wp-json\/wp\/v2\/product"}],"about":[{"href":"http:\/\/klubmamgdynia.pl\/index.php\/wp-json\/wp\/v2\/types\/product"}],"replies":[{"embeddable":true,"href":"http:\/\/klubmamgdynia.pl\/index.php\/wp-json\/wp\/v2\/comments?post=3709"}],"wp:featuredmedia":[{"embeddable":true,"href":"http:\/\/klubmamgdynia.pl\/index.php\/wp-json\/wp\/v2\/media\/3710"}],"wp:attachment":[{"href":"http:\/\/klubmamgdynia.pl\/index.php\/wp-json\/wp\/v2\/media?parent=3709"}],"wp:term":[{"taxonomy":"product_cat","embeddable":true,"href":"http:\/\/klubmamgdynia.pl\/index.php\/wp-json\/wp\/v2\/product_cat?post=3709"},{"taxonomy":"product_tag","embeddable":true,"href":"http:\/\/klubmamgdynia.pl\/index.php\/wp-json\/wp\/v2\/product_tag?post=3709"}],"curies":[{"name":"wp","href":"https:\/\/api.w.org\/{rel}","templated":true}]}}