{"id":371,"date":"2016-01-08T17:01:25","date_gmt":"2016-01-08T16:01:25","guid":{"rendered":"http:\/\/klubmamgdynia.pl\/index.php\/produkt\/guess-gu2912-029\/"},"modified":"2026-04-08T10:54:58","modified_gmt":"2026-04-08T08:54:58","slug":"guess-gu2912-029","status":"publish","type":"product","link":"http:\/\/klubmamgdynia.pl\/index.php\/produkt\/guess-gu2912-029\/","title":{"rendered":"Guess Gu2912 029"},"content":{"rendered":"<p>O GuessB\u0105d\u017a modny, gdziekolwiek jeste\u015b, z okularami Guess. Nasz wyb\u00f3r s\u0142ynnej ameryka\u0144skiej marki zadowoli wszystkich, poniewa\u017c obejmuje najbardziej kultowe i ponadczasowe kszta\u0142ty, kolory i style. O tych okularach Oprawki kwadratowe doskonale sprawdz\u0105 si\u0119 w przypadku os\u00f3b o diamentowych, owalnych i okr\u0105g\u0142ych twarzach.Te okulary s\u0105 wyposa\u017cone w elastyczne zawiasy zausznik\u00f3w, co jest doskona\u0142ym elementem dla tych, kt\u00f3rzy cz\u0119sto zdejmuj\u0105 okulary!Oprawki s\u0105 w najmodniejszym dost\u0119pnym kolorze r\u00f3\u017cowego z\u0142ota, kt\u00f3ry b\u0119dzie doskona\u0142ym wyborem dla tych z was, kt\u00f3rzy posiadaj\u0105 ciep\u0142\u0105 karnacj\u0119. Materia\u0142em jest metal, kt\u00f3ry jest trwa\u0142y, a tak\u017ce zapewnia elegancki, stylowy wygl\u0105d.Oprawki posiadaj\u0105 eleganckie, matowe wyko\u0144czenie. Oprawki posiadaj\u0105 eleganckie, l\u015bni\u0105ce wyko\u0144czenie.<\/p>\n<h2>Guess Gu2912 029 Guess<\/h2>\n<p>jesienne piosenki dla dzieci, rado\u015b\u0107 dziecka cytaty, \u0142amig\u0142\u00f3wki logiczne, quizy dla dzieci z bajek, gdzie nad wod\u0119 ko\u0142o warszawy, quiz o polsce dla dzieci, zagadki dla starszych dzieci, platformy edukacyjne dla dzieci, zabawka dla rocznej dziewczynki, r\u00f3\u017cne zagadki, nela imi\u0119, kartka walentynkow\u0105 przedszkole, maski do wydruku<\/p>\n<p>yyyyy<\/p>\n<p>&nbsp;<\/p>\n","protected":false},"excerpt":{"rendered":"<p>O GuessB\u0105d\u017a modny, gdziekolwiek jeste\u015b, z okularami Guess. Nasz wyb\u00f3r s\u0142ynnej ameryka\u0144skiej marki zadowoli wszystkich, poniewa\u017c obejmuje najbardziej kultowe i ponadczasowe kszta\u0142ty, kolory i style. O tych okularach Oprawki kwadratowe doskonale sprawdz\u0105 si\u0119 w przypadku os\u00f3b o diamentowych, owalnych i okr\u0105g\u0142ych twarzach.Te okulary s\u0105 wyposa\u017cone w elastyczne zawiasy zausznik\u00f3w, co jest doskona\u0142ym elementem dla tych, [&hellip;]<\/p>\n","protected":false},"featured_media":372,"comment_status":"closed","ping_status":"open","template":"","meta":[],"product_cat":[156,149],"product_tag":[802,750,862,625],"class_list":["post-371","product","type-product","status-publish","has-post-thumbnail","hentry","product_cat-guess","product_cat-okulary-oprawki-i-szkla","product_tag-co-kupic-dziewczynce-na-roczek","product_tag-imie-kostek","product_tag-nasza-zima-zla-tekst","product_tag-trojmiasto-atrakcje-dla-dzieci"],"_links":{"self":[{"href":"http:\/\/klubmamgdynia.pl\/index.php\/wp-json\/wp\/v2\/product\/371","targetHints":{"allow":["GET"]}}],"collection":[{"href":"http:\/\/klubmamgdynia.pl\/index.php\/wp-json\/wp\/v2\/product"}],"about":[{"href":"http:\/\/klubmamgdynia.pl\/index.php\/wp-json\/wp\/v2\/types\/product"}],"replies":[{"embeddable":true,"href":"http:\/\/klubmamgdynia.pl\/index.php\/wp-json\/wp\/v2\/comments?post=371"}],"wp:featuredmedia":[{"embeddable":true,"href":"http:\/\/klubmamgdynia.pl\/index.php\/wp-json\/wp\/v2\/media\/372"}],"wp:attachment":[{"href":"http:\/\/klubmamgdynia.pl\/index.php\/wp-json\/wp\/v2\/media?parent=371"}],"wp:term":[{"taxonomy":"product_cat","embeddable":true,"href":"http:\/\/klubmamgdynia.pl\/index.php\/wp-json\/wp\/v2\/product_cat?post=371"},{"taxonomy":"product_tag","embeddable":true,"href":"http:\/\/klubmamgdynia.pl\/index.php\/wp-json\/wp\/v2\/product_tag?post=371"}],"curies":[{"name":"wp","href":"https:\/\/api.w.org\/{rel}","templated":true}]}}