{"id":3715,"date":"2015-01-12T08:25:08","date_gmt":"2015-01-12T07:25:08","guid":{"rendered":"http:\/\/klubmamgdynia.pl\/index.php\/produkt\/leantoys-auto-terenowe-zdalnie-sterowane-2-4g-4x4-czarne\/"},"modified":"2026-05-17T22:28:59","modified_gmt":"2026-05-17T20:28:59","slug":"leantoys-auto-terenowe-zdalnie-sterowane-2-4g-4x4-czarne","status":"publish","type":"product","link":"http:\/\/klubmamgdynia.pl\/index.php\/produkt\/leantoys-auto-terenowe-zdalnie-sterowane-2-4g-4x4-czarne\/","title":{"rendered":"LeanToys Auto Terenowe Zdalnie Sterowane 2.4G 4&#215;4 Czarne"},"content":{"rendered":"<p>Auto Terenowe Zdalnie Sterowane 2.4G 4&#215;4 CzarneJe\u015bli lubisz terenowe wyprawy, a przede wszystkim auta to ten zdalny pojazd jest dla Ciebie. Wygl\u0105d i funkcje zachwyc\u0105 niejednego ma\u0142ego odkrywce dr\u00f3g. Przedstawiony model wykonany jest w skali 1:10, dzi\u0119ki czemu wygl\u0105da niesamowicie realnie. Zdalnie sterowany pojazd wp\u0142ynie na prawid\u0142owe rozwijanie w dziecku takich umiej\u0119tno\u015bci jak prowadzenie zabawkowego samochodu, a tak\u017ce wzmocnienie koncentracji i rozwini\u0119cie zdolno\u015bci manualnych.Konstrukcja auta jest odporna na wstrz\u0105sy i upadki oraz sprawia, \u017ce auto ma lepsze osi\u0105gi podczas jazdy. Wysoka si\u0142a amortyzatora pozwoli na pokonanie drogi z wzniesieniami. Mi\u0119kkie, gumowe ko\u0142a pojazdu gwarantuj\u0105 du\u017c\u0105 przyczepno\u015b\u0107 auta do r\u00f3\u017cnego rodzaju pod\u0142o\u017ca.W zestawie znajduje si\u0119 wygodny i precyzyjny kontroler. Je\u015bli kiedykolwiek sterowa\u0142e\u015b profesjonalnym autem, wiesz, \u017ce tego typu pilot pozwala czerpa\u0107 maksymaln\u0105 przyjemno\u015b\u0107 z jazdy. Bezprzewodowy pilot, do\u0142\u0105czony do zestawu, pracuje na cz\u0119stotliwo\u015bci 2.4 GHz, dzi\u0119ki czemu mo\u017cna \u015bciga\u0107 si\u0119 w wi\u0119kszym gronie bez obaw o wzajemne zak\u0142\u00f3cenia.Cechy charakterystyczne:- Kolor: czarny- Materia\u0142: Metal, elementy elektroniczne, guma, tworzywo sztuczne- Skala: 1:10- Nap\u0119d: 4&#215;4- Bateria: 7.4 V 1200 mAh, du\u017ca bateria litowa- Cz\u0119stotliwo\u015b\u0107: 2.4G- Czas zdalnego sterowania: 25-30 minut- Czas \u0142adowania: 2-3 godzin- Zasilanie kontrolera do zdalnego sterowania: 2 baterie AA 1.5V (brak w zestawie)- Wiek dziecka: powy\u017cej 6 roku \u017cycia- Rozstaw k\u00f3\u0142: 15 cm- Szeroko\u015b\u0107 ko\u0142a: 9,5 cmElementy zestawu:- samoch\u00f3d zdalnie sterowany- kontroler do zdalnego sterowania- akumulator 1200 mAh 7.4V- \u0142adowarka do akumulatoraWymiary element\u00f3w zestawu:- samoch\u00f3d zdalnie sterowany: 40 cm x 23 cm x 20 cm- kontroler do zdalnego sterowania: 19,5 cm x 16 cm x 7 cmWymiary pude\u0142ka:49 cm x 27 cm x 26 cmZabawka przeznaczona jest dla dzieci powy\u017cej 6. roku \u017cycia. Zestaw posiada certyfikat CE i jest zgodny z norm\u0105 EN 71. Zapakowany jest w kartonik z przezroczyst\u0105 witrynk\u0105, dzi\u0119ki czemu nadaje si\u0119 idealnie na prezent.<\/p>\n<h2>LeanToys Auto Terenowe Zdalnie Sterowane 2.4G 4&#215;4 Czarne Lean Toys<\/h2>\n<p>atrakcje dla dzieci warszawa i okolice, zabawy ruchowe dla dzieci, test z asiuni lektury, \u017cyczenia bo\u017ce narodzenie oryginalne<\/p>\n<p>yyyyy<\/p>\n<p>&nbsp;<\/p>\n","protected":false},"excerpt":{"rendered":"<p>Auto Terenowe Zdalnie Sterowane 2.4G 4&#215;4 CzarneJe\u015bli lubisz terenowe wyprawy, a przede wszystkim auta to ten zdalny pojazd jest dla Ciebie. Wygl\u0105d i funkcje zachwyc\u0105 niejednego ma\u0142ego odkrywce dr\u00f3g. Przedstawiony model wykonany jest w skali 1:10, dzi\u0119ki czemu wygl\u0105da niesamowicie realnie. Zdalnie sterowany pojazd wp\u0142ynie na prawid\u0142owe rozwijanie w dziecku takich umiej\u0119tno\u015bci jak prowadzenie zabawkowego [&hellip;]<\/p>\n","protected":false},"featured_media":3716,"comment_status":"closed","ping_status":"open","template":"","meta":[],"product_cat":[73,337],"product_tag":[656,842,708,760],"class_list":["post-3715","product","type-product","status-publish","has-post-thumbnail","hentry","product_cat-lean-toys","product_cat-zabawki-zdalnie-sterowane","product_tag-kolorowanki-lol","product_tag-plac-zabaw-poznan","product_tag-zabawy-ruchowe-dla-dzieci","product_tag-zagadka-matematyczna"],"_links":{"self":[{"href":"http:\/\/klubmamgdynia.pl\/index.php\/wp-json\/wp\/v2\/product\/3715","targetHints":{"allow":["GET"]}}],"collection":[{"href":"http:\/\/klubmamgdynia.pl\/index.php\/wp-json\/wp\/v2\/product"}],"about":[{"href":"http:\/\/klubmamgdynia.pl\/index.php\/wp-json\/wp\/v2\/types\/product"}],"replies":[{"embeddable":true,"href":"http:\/\/klubmamgdynia.pl\/index.php\/wp-json\/wp\/v2\/comments?post=3715"}],"wp:featuredmedia":[{"embeddable":true,"href":"http:\/\/klubmamgdynia.pl\/index.php\/wp-json\/wp\/v2\/media\/3716"}],"wp:attachment":[{"href":"http:\/\/klubmamgdynia.pl\/index.php\/wp-json\/wp\/v2\/media?parent=3715"}],"wp:term":[{"taxonomy":"product_cat","embeddable":true,"href":"http:\/\/klubmamgdynia.pl\/index.php\/wp-json\/wp\/v2\/product_cat?post=3715"},{"taxonomy":"product_tag","embeddable":true,"href":"http:\/\/klubmamgdynia.pl\/index.php\/wp-json\/wp\/v2\/product_tag?post=3715"}],"curies":[{"name":"wp","href":"https:\/\/api.w.org\/{rel}","templated":true}]}}