{"id":3719,"date":"2011-11-02T05:49:51","date_gmt":"2011-11-02T04:49:51","guid":{"rendered":"http:\/\/klubmamgdynia.pl\/index.php\/produkt\/coppenrath-verlag-spiegelburg-coppenrath-kamienie-do-malowania-zestaw-love-friends-100-s-g\/"},"modified":"2026-05-17T22:03:30","modified_gmt":"2026-05-17T20:03:30","slug":"coppenrath-verlag-spiegelburg-coppenrath-kamienie-do-malowania-zestaw-love-friends-100-s-g","status":"publish","type":"product","link":"http:\/\/klubmamgdynia.pl\/index.php\/produkt\/coppenrath-verlag-spiegelburg-coppenrath-kamienie-do-malowania-zestaw-love-friends-100-s-g\/","title":{"rendered":"Coppenrath Verlag Spiegelburg Coppenrath Kamienie Do Malowania Zestaw Love &amp; Friends (100% S.G.)"},"content":{"rendered":"<p>Szczeg\u00f3\u0142y produktu: Wiek: od urodzenia Wyjd\u017a na \u0142ono natury, zbieraj kamienie i maluj je! Dzi\u0119ki naklejkom transferowym motywy mo\u017cna \u0142atwo nanie\u015b\u0107 na 3 kamienie znajduj\u0105ce si\u0119 ju\u017c w zestawie i pomalowa\u0107 na 4 pi\u0119kne kolory za pomoc\u0105 do\u0142\u0105czonych pisak\u00f3w do farb akrylowych. Wymiary i waga: Wymiary opakowania (d\u0142ugo\u015b\u0107 x szeroko\u015b\u0107 x wysoko\u015b\u0107): 3,5 x 17 x 22 cm Waga: 0,15 kg W zestawie: SPIEGELBURG COPPENRATH Kamienie do malowania &#8211; Zestaw: 4 wodoodporne pisaki do farb akrylowych, 3 kamienie, 1 arkusz naklejek transferowych, 1 g\u0105bka do przenoszenia naklejek oraz instrukcja.<\/p>\n<h2>Coppenrath Verlag Spiegelburg Coppenrath Kamienie Do Malowania Zestaw Love &amp; Friends (100% S.G.) Coppenrath Verlag<\/h2>\n<p>a \u015bpij kochanie, przys\u0142owia o rodzinie, traktory do druku, \u0142amig\u0142\u00f3wki dla dzieci, izabela imie, cyferki do druku, bajki dla niemowl\u0105t, karnawa\u0142 maska karnawa\u0142owa szablon, lol surprise kolorowanka, cytaty o dziecku i mamie, zagadki matematyczne z odpowiedziami, zak\u0142adka do ksi\u0105\u017cki szablon do druku, quizy \u015bwi\u0105teczne bo\u017ce narodzenie, akademia pana kleksa &#8211; test z odpowiedziami do druku, halszka<\/p>\n<p>yyyyy<\/p>\n<p>&nbsp;<\/p>\n","protected":false},"excerpt":{"rendered":"<p>Szczeg\u00f3\u0142y produktu: Wiek: od urodzenia Wyjd\u017a na \u0142ono natury, zbieraj kamienie i maluj je! Dzi\u0119ki naklejkom transferowym motywy mo\u017cna \u0142atwo nanie\u015b\u0107 na 3 kamienie znajduj\u0105ce si\u0119 ju\u017c w zestawie i pomalowa\u0107 na 4 pi\u0119kne kolory za pomoc\u0105 do\u0142\u0105czonych pisak\u00f3w do farb akrylowych. Wymiary i waga: Wymiary opakowania (d\u0142ugo\u015b\u0107 x szeroko\u015b\u0107 x wysoko\u015b\u0107): 3,5 x 17 [&hellip;]<\/p>\n","protected":false},"featured_media":3720,"comment_status":"closed","ping_status":"open","template":"","meta":[],"product_cat":[1107,537],"product_tag":[832,656,638,710,800],"class_list":["post-3719","product","type-product","status-publish","has-post-thumbnail","hentry","product_cat-coppenrath-verlag","product_cat-pozostale-zabawki-edukacyjne","product_tag-desery-dla-dzieci","product_tag-kolorowanki-lol","product_tag-miastodzieci","product_tag-zagadki-dla-dzieci-10-12-lat","product_tag-zagadki-smieszne"],"_links":{"self":[{"href":"http:\/\/klubmamgdynia.pl\/index.php\/wp-json\/wp\/v2\/product\/3719","targetHints":{"allow":["GET"]}}],"collection":[{"href":"http:\/\/klubmamgdynia.pl\/index.php\/wp-json\/wp\/v2\/product"}],"about":[{"href":"http:\/\/klubmamgdynia.pl\/index.php\/wp-json\/wp\/v2\/types\/product"}],"replies":[{"embeddable":true,"href":"http:\/\/klubmamgdynia.pl\/index.php\/wp-json\/wp\/v2\/comments?post=3719"}],"wp:featuredmedia":[{"embeddable":true,"href":"http:\/\/klubmamgdynia.pl\/index.php\/wp-json\/wp\/v2\/media\/3720"}],"wp:attachment":[{"href":"http:\/\/klubmamgdynia.pl\/index.php\/wp-json\/wp\/v2\/media?parent=3719"}],"wp:term":[{"taxonomy":"product_cat","embeddable":true,"href":"http:\/\/klubmamgdynia.pl\/index.php\/wp-json\/wp\/v2\/product_cat?post=3719"},{"taxonomy":"product_tag","embeddable":true,"href":"http:\/\/klubmamgdynia.pl\/index.php\/wp-json\/wp\/v2\/product_tag?post=3719"}],"curies":[{"name":"wp","href":"https:\/\/api.w.org\/{rel}","templated":true}]}}