{"id":3721,"date":"2014-08-06T13:25:14","date_gmt":"2014-08-06T11:25:14","guid":{"rendered":"http:\/\/klubmamgdynia.pl\/index.php\/produkt\/easywalker-jimmey-spacerowy-indigo-blue\/"},"modified":"2026-05-17T22:23:17","modified_gmt":"2026-05-17T20:23:17","slug":"easywalker-jimmey-spacerowy-indigo-blue","status":"publish","type":"product","link":"http:\/\/klubmamgdynia.pl\/index.php\/produkt\/easywalker-jimmey-spacerowy-indigo-blue\/","title":{"rendered":"Easywalker Jimmey Spacerowy Indigo Blue"},"content":{"rendered":"<p>Easywalker Jimmey Spacerowy                            <\/p>\n<p>W\u00f3zek, kt\u00f3ry ma wszystkoJimmey to zupe\u0142nie nowy model w\u00f3zka g\u0142\u0119boko-spacerowego, zaprojektowany dla maksymalnego komfortu dziecka i rodzica, zar\u00f3wno pod wzgl\u0119dem jazdy w ka\u017cdym terenie, jak i praktycznych rozwi\u0105za\u0144, kt\u00f3re u\u0142atwiaj\u0105 codzienne u\u017cytkowanie. Przy tym wszystkim zachwyca luksusowym designem, perfekcyjnie przemy\u015blanymi detalami, a zr\u00f3wnowa\u017cony proces jego produkcji wpisuje si\u0119 we wsp\u00f3\u0142czesne potrzeby ekologiczne. Na tle innych w\u00f3zk\u00f3w model Jimmey wyr\u00f3\u017cniaj\u0105 m.in.: du\u017ce ko\u0142a z grubymi gumowymi oponami, ciche i wyj\u0105tkowo odporne, du\u017cy regulowany podn\u00f3\u017cek, ultrami\u0119kkie, wy\u015bcie\u0142ane, rozk\u0142adane na p\u0142asko i przestronne siedzisko, ekologiczne i najwy\u017cszej jako\u015bci tkaniny w unikatowych kolorach, daszek przeciws\u0142oneczny oraz budka gondoli w rozmiarze XL z okienkami wentylacyjnymi, a tak\u017ce spory (mie\u015bci 10 kg!) kosz na zakupy z klapk\u0105 na suwak oraz r\u0105czkami do przenoszenia po od\u0142\u0105czeniu od ramy.                            <\/p>\n<p>Wygodne spacery i drzemkiW\u00f3zek Jimmey jest odpowiedni dla dzieci od pierwszych dni \u017cycia, najpierw z przestronn\u0105 gondol\u0105 z materacem antyrefluksowym, wyposa\u017con\u0105 w demontowane uchwyty do przenoszenia oraz \u2013 do ewentualnego dokupienia \u2013 adaptery wysoko\u015bci, potem z siedziskiem \u2013 do 22 kg wagi. Regulowane (4 pozycje, w tym na p\u0142asko) kube\u0142kowe siedzisko oraz regulowany na wysoko\u015b\u0107 wyj\u0105tkowo przestronny podn\u00f3\u017cek zapewniaj\u0105 komfort podr\u00f3\u017cowania. Wysoko\u015b\u0107 siedziska dostosowana jest do dziecka, by mog\u0142o samodzielnie wsiada\u0107 i wysiada\u0107, a ergonomiczne pasy z 5 punktami mocowania zwi\u0119kszaj\u0105 bezpiecze\u0144stwo. Zar\u00f3wno gondola, jej budka i daszek XL w siedzisku posiadaj\u0105 system wentylacyjny (okienka z siatki mesh). Ponadto na pa\u0142\u0105ku w\u00f3zka, dzi\u0119ki oryginalnemu systemowi mocowania, mo\u017cna zamontowa\u0107 dodatkowe akcesoria (jak np. lampk\u0119 LED czy kierownic\u0119 dla dziecka).                            <\/p>\n<p>G\u0142adka jazda w ka\u017cdym terenieKierowanie tym w\u00f3zkiem to przyjemno\u015b\u0107, niezale\u017cnie od trudno\u015bci pod\u0142o\u017ca. Jest stabilny i \u0142atwy do prowadzenia nawet jedn\u0105 r\u0119k\u0105. R\u0105czka ma regulowan\u0105 wysoko\u015b\u0107 i obicie z wysokiej jako\u015bci ekosk\u00f3ry, a du\u017ce ko\u0142a o \u015brednicy 20,5 cm (przednie) i 28 cm (tylne) wyposa\u017cone s\u0105 w wytrzyma\u0142e (odporne nawet na przebicie) grube gumowe opony, kulkowe \u0142o\u017cyska oraz amortyzacj\u0119 (wszystkie cztery) zapewniaj\u0105 p\u0142ynn\u0105 jazd\u0119, nawet po b\u0142ocie czy \u015bniegu. Ponadto s\u0105 wyj\u0105tkowo ciche, a jasny pasek z boku dodaje im stylu i elegancji. Zar\u00f3wno budka gondoli, jak i daszek siedziska mog\u0105 by\u0107 roz\u0142o\u017cone do rozmiaru XL, doskonale chroni\u0105 przed s\u0142o\u0144cem (filtr UPF 50) i wiatrem, dzi\u0119ki czemu spacer mo\u017ce by\u0107 dla malca komfortowy, niezale\u017cnie od warunk\u00f3w pogodowych. Model jest te\u017c wyposa\u017cony w zamykany kosz na zakupy z zapinan\u0105 na suwak pikowan\u0105 klap\u0105 w kolorze w\u00f3zka, mo\u017cliwo\u015bci\u0105 od\u0142\u0105czenia (na klik) i wygodnymi r\u0105czkami do przenoszenia oraz o najwi\u0119kszej na rynku pojemno\u015bci \u2013 a\u017c do 10 kg!                            <\/p>\n<p>Kompaktowo i funkcjonalnieStela\u017c w\u00f3zka Jimmey wykonany jest z najwy\u017cszej jako\u015bci, lekkiego aluminium. Model ten wa\u017cy tylko 11,8 kg z siedziskiem, pa\u0142\u0105kiem i koszem na zakupy. Sk\u0142ada si\u0119 do niewielkich rozmiar\u00f3w, nawet z siedziskiem i bez problem\u00f3w zmie\u015bci si\u0119 w baga\u017cniku samochodu, schowku czy w szafie. Ma proste w demonta\u017cu ko\u0142a, dzi\u0119ki czemu jest nie tylko por\u0119czny do transportu i przechowywania, ale r\u00f3wnie\u017c utrzymania w czysto\u015bci. Ponadto wszystkie pokrycia s\u0105 zdejmowane i nadaj\u0105 si\u0119 do prania r\u0119cznego w 30\u00baC. Co wi\u0119cej, pokrycie materaca w gondoli wykonane zosta\u0142o z naturalnych w\u0142\u00f3kien Tencel\u2122 o w\u0142a\u015bciwo\u015bciach termoregulacyjnych, antyalergicznych i antybakteryjnych.                            <\/p>\n<p>Parametry:w\u00f3zek odpowiedni dla dziecka od pierwszych dni \u017cycia (z gondol\u0105 do 9 kg) do 22 kg wagiprzestronna gondola, dogodna do spania, z grubym (3 cm) wentylowanym, antyrefluksowym materacem o wymiarach 79 x 34 cm, z pokryciem z naturalnych oddychaj\u0105cych w\u0142\u00f3kien Tencel\u2122 i zapinanym na suwak okienkiem z siatki mesh do wentylacji lub podgl\u0105du w tylnej cz\u0119\u015bci kosza gondoli (przy okienku posiada mi\u0119kkie wyko\u0144czenie, chroni\u0105ce g\u0142\u00f3wk\u0119)regulowana budka gondoli rozk\u0142adana do rozmiaru XL z dodatkowym daszkiem do ochrony przed wiatrem i s\u0142o\u0144cem oraz dwoma okienkami wentylacyjnymi, a tak\u017ce z okryciem przypinanym na suwak do g\u00f3rnego brzegu gondoli i podnoszonym elementem do ochrony przed wiatremmi\u0119kko wy\u015bcie\u0142ane kube\u0142kowe siedzisko ze zdejmowanym do prania pokryciem5\u2013punktowe, regulowane, ergonomiczne (dostosowuj\u0105ce si\u0119 do pozycji dziecka), wyposa\u017cone w mi\u0119kkie ochraniacze na ramiona, pasy bezpiecze\u0144stwa z magnetycznym zapi\u0119ciecztery pozycje siedziska \u2013 ustawiane za pomoc\u0105 jednego, g\u0142adko dzia\u0142aj\u0105cego uchwytuwygodny, przestronny, regulowany (4 pozycje) podn\u00f3\u017cek w siedziskubardzo du\u017ca, rozk\u0142adana budka siedziska, chroni\u0105ca dziecko przed promieniowaniem UV (UPF 50) i wiatrem, z dwoma okienkami do wentylacji i podgl\u0105du na dziecko z siatki mesh w tylnej cz\u0119\u015bci oraz wi\u0119kszym daszkiem z przodu do ochrony przed wiatrem i s\u0142o\u0144cemw zestawie pa\u0142\u0105k obity eleganck\u0105 czarn\u0105 ekosk\u00f3r\u0105mi\u0119kkie, wodoodporne, \u0142atwe do czyszczenia (mo\u017cna je zdejmowa\u0107 i pra\u0107) i ekologiczne (powsta\u0142y z recyclingu plastikowych butelek!), najwy\u017cszej jako\u015bci tkaninybardzo du\u017cy i \u0142atwo dost\u0119pny, zamykany na suwak, kosz na zakupy o pojemno\u015bci do 10 kg, z mo\u017cliwo\u015bci\u0105 demonta\u017cu (na klik) i przenoszenia osobno, dzi\u0119ki zintegrowanym r\u0105czkomlekka aluminiowa rama \u2013 \u0142\u0105cznie z siedziskiem, pa\u0142\u0105kiem i koszem na zakupy w\u00f3zek wa\u017cy jedynie 11,8 kgkulkowe \u0142o\u017cyska i amortyzatory we wszystkich czterech ko\u0142ach, co gwarantuje p\u0142ynn\u0105 jazd\u0119, nawet w trudnym tereniedu\u017ce ko\u0142a o \u015brednicy 20,5 cm (przednie) i 28 cm (tylne), u\u0142atwiaj\u0105ce jazd\u0119 po nier\u00f3wnym czy grz\u0105skim terenie oraz w trudnych warunkach atmosferycznychlekkie, bardzo wytrzyma\u0142e, odporne na przebicia, opony z jasnym paskiem z bokublokada obrotu przednich k\u00f3\u0142, z wygodn\u0105 obs\u0142ug\u0105 nog\u0105centralny hamulec no\u017cnyw\u00f3zek \u0142atwy w sk\u0142adaniu i wygodny do przechowywaniami\u0119kka, piankowa, obita eleganck\u0105 czarn\u0105 ekosk\u00f3r\u0105, r\u0105czka z teleskopow\u0105 regulacj\u0105 wysoko\u015bci, zapewnia doskona\u0142\u0105 sterowno\u015b\u0107, do prowadzenia tak\u017ce jedn\u0105 r\u0119k\u0105mo\u017cliwo\u015b\u0107 monta\u017cu modu\u0142owych akcesori\u00f3w na pa\u0142\u0105ku w\u00f3zkadzi\u0119ki adapterom (w ofercie akcesori\u00f3w) w\u00f3zek jest kompatybilny z wi\u0119kszo\u015bci\u0105 fotelik\u00f3w samochodowych, kt\u00f3re mo\u017cna \u0142atwo zamocowa\u0107 na ramie za pomoc\u0105 jednego klikni\u0119ciadzi\u0119ki adapterowi wysoko\u015bci (do kupienia osobno) mo\u017cna zamontowa\u0107 gondol\u0119 lub siedzisko wy\u017cejw\u00f3zek zgodny z rygorystycznymi europejskimi normami bezpiecze\u0144stwa EN1888:2:2018oryginalna kolorystyka: zgaszony granat indygo (Indigo Blue)                            <\/p>\n<p>Dane techniczne:wymiary po roz\u0142o\u017ceniu (z siedziskiem): d\u0142. 96 cm \u2013 szer. 61 cm \u2013 wys. 113 cmwymiary po roz\u0142o\u017ceniu (z gondol\u0105): d\u0142. 96 cm \u2013 szer. 61 cm \u2013 wys. 118 cmwymiary po z\u0142o\u017ceniu (z siedziskiem): d\u0142. 85 \u2013 szer. 61 \u2013 wys. 40 cmwaga ramy: 8,8 kgwaga z siedziskiem: + 4,15 kgwaga z gondol\u0105: + 5,2 kgmaksymalna waga dziecka:w siedzisku &#8211; do 22 kgw gondoli &#8211; do 9 kgmaksymalne obci\u0105\u017cenie kosza: 10 kgr\u0105czka na wysoko\u015bci: 99-113 cmsiedzisko na wysoko\u015bci: 55 cmg\u0142\u0119boko\u015b\u0107 siedziska: 22 cmszeroko\u015b\u0107 siedziska: 35 cmwysoko\u015b\u0107 oparcia: 54 cmszeroko\u015b\u0107 oparcia: 30 cmd\u0142ugo\u015b\u0107 podn\u00f3\u017cka: 26 cmszeroko\u015b\u0107 podn\u00f3\u017cka: 31 cmgondola na wysoko\u015bci: 69 cmwymiary gondoli:wewn\u0105trz: d\u0142. 79 cm x szer. 34 cmna zewn\u0105trz: d\u0142. 83 cm x szer. 46 cmwysoko\u015b\u0107 kosza gondoli: 17 cm\u015brednica przednich k\u00f3\u0142: 20,5 cm\u015brednica tylnych k\u00f3\u0142: 28 cm                            <\/p>\n<p>Holenderska marka Easywalker istnieje na rynku od 1989 roku. S\u0142ynie z prostego stylu, po\u0142\u0105czonego z rewolucyjnymi i funkcjonalnymi rozwi\u0105zaniami, kt\u00f3re zdobywaj\u0105 wiele nagr\u00f3d. Easywalker tworzy z my\u015bl\u0105 o rodzinach, kt\u00f3re uwielbiaj\u0105 wsp\u00f3lne, aktywne sp\u0119dzanie czasu. W\u00f3zki i akcesoria Easywalker maj\u0105 przede wszystkim u\u0142atwia\u0107 rodzicom codzienno\u015b\u0107 z dzieckiem, pozwala\u0107 na celebrowanie wsp\u00f3lnego czasu w spokoju i bez przeszk\u00f3d, niezale\u017cnie od tego, czy podr\u00f3\u017cuj\u0105 czy spaceruj\u0105, w\u0119druj\u0105 przed siebie czy klucz\u0105 uliczkami w pobli\u017cu domu. Wyr\u00f3\u017cnia je wysoka jako\u015b\u0107, dba\u0142o\u015b\u0107 o szczeg\u00f3\u0142y i wyj\u0105tkowy design. \u0141\u0105cz\u0105 wygod\u0119 dziecka z potrzebami rodzica.Easywalker. Life is glorious. Let\u2019s go.<\/p>\n<h2>Easywalker Jimmey Spacerowy Indigo Blue Easywalker<\/h2>\n<p>mini zoo mazowieckie, zawiedziona przyja\u017a\u0144 cytaty, quizy \u015bwi\u0105teczne bo\u017ce narodzenie, sentencje o dzieciach<\/p>\n<p>yyyyy<\/p>\n<p>&nbsp;<\/p>\n","protected":false},"excerpt":{"rendered":"<p>Easywalker Jimmey Spacerowy W\u00f3zek, kt\u00f3ry ma wszystkoJimmey to zupe\u0142nie nowy model w\u00f3zka g\u0142\u0119boko-spacerowego, zaprojektowany dla maksymalnego komfortu dziecka i rodzica, zar\u00f3wno pod wzgl\u0119dem jazdy w ka\u017cdym terenie, jak i praktycznych rozwi\u0105za\u0144, kt\u00f3re u\u0142atwiaj\u0105 codzienne u\u017cytkowanie. Przy tym wszystkim zachwyca luksusowym designem, perfekcyjnie przemy\u015blanymi detalami, a zr\u00f3wnowa\u017cony proces jego produkcji wpisuje si\u0119 we wsp\u00f3\u0142czesne potrzeby ekologiczne. [&hellip;]<\/p>\n","protected":false},"featured_media":3722,"comment_status":"closed","ping_status":"open","template":"","meta":[],"product_cat":[1108,71],"product_tag":[580,677,692,783,635],"class_list":["post-3721","product","type-product","status-publish","has-post-thumbnail","hentry","product_cat-easywalker","product_cat-wozki-spacerowe","product_tag-janusz","product_tag-milosz-imie","product_tag-prezenty-na-roczek","product_tag-prezenty-na-roczek-dla-chlopca","product_tag-znaki-drogowe-do-druku"],"_links":{"self":[{"href":"http:\/\/klubmamgdynia.pl\/index.php\/wp-json\/wp\/v2\/product\/3721","targetHints":{"allow":["GET"]}}],"collection":[{"href":"http:\/\/klubmamgdynia.pl\/index.php\/wp-json\/wp\/v2\/product"}],"about":[{"href":"http:\/\/klubmamgdynia.pl\/index.php\/wp-json\/wp\/v2\/types\/product"}],"replies":[{"embeddable":true,"href":"http:\/\/klubmamgdynia.pl\/index.php\/wp-json\/wp\/v2\/comments?post=3721"}],"wp:featuredmedia":[{"embeddable":true,"href":"http:\/\/klubmamgdynia.pl\/index.php\/wp-json\/wp\/v2\/media\/3722"}],"wp:attachment":[{"href":"http:\/\/klubmamgdynia.pl\/index.php\/wp-json\/wp\/v2\/media?parent=3721"}],"wp:term":[{"taxonomy":"product_cat","embeddable":true,"href":"http:\/\/klubmamgdynia.pl\/index.php\/wp-json\/wp\/v2\/product_cat?post=3721"},{"taxonomy":"product_tag","embeddable":true,"href":"http:\/\/klubmamgdynia.pl\/index.php\/wp-json\/wp\/v2\/product_tag?post=3721"}],"curies":[{"name":"wp","href":"https:\/\/api.w.org\/{rel}","templated":true}]}}