{"id":3725,"date":"2015-04-12T18:45:50","date_gmt":"2015-04-12T16:45:50","guid":{"rendered":"http:\/\/klubmamgdynia.pl\/index.php\/produkt\/smily-play-mata-piankowa-pojazdy-kolorowa\/"},"modified":"2026-04-26T04:22:20","modified_gmt":"2026-04-26T02:22:20","slug":"smily-play-mata-piankowa-pojazdy-kolorowa","status":"publish","type":"product","link":"http:\/\/klubmamgdynia.pl\/index.php\/produkt\/smily-play-mata-piankowa-pojazdy-kolorowa\/","title":{"rendered":"Smily Play Mata Piankowa Pojazdy Kolorowa"},"content":{"rendered":"<p>MATA PIANKOWA POJAZDY SMILY PLAY Uk\u0142adanka z pojazdami mo\u017ce by\u0107 u\u017cywana jako mata oraz jako puzzle do uk\u0142adania. Jest zrobiona z mi\u0119kkiej pianki, mi\u0142ej w dotyku. Mo\u017ce te\u017c pos\u0142u\u017cy\u0107 jako podk\u0142adka przy innych zabawach czy drzemce. Zabawka uczy: spostrzegawczo\u015bci, rozpoznawania kolor\u00f3w i kszta\u0142t\u00f3w, budowania figur przestrzennych, zabawy z wyobra\u017ani\u0105. Pomys\u0142y jak mo\u017cna bawi\u0107 si\u0119 puzzlami: po\u0142\u0105cz z dzieckiem wszystkie elementy i opowiedz, co si\u0119 na nich znajduje. Zbuduj z puzzli figury przestrzenne, np. kostk\u0119 lub pude\u0142ko i wymy\u015blcie wsp\u00f3lnie, jak mo\u017cna si\u0119 nimi bawi\u0107. Zr\u00f3b z nich stolik. Jest wiele mo\u017cliwo\u015bci zabawy, ogranicza was jedynie wasza wyobra\u017ania. Uk\u0142adajcie razem piankowe obrazki. Puzzle w puzzlach! Ka\u017cdy z kwadratowych puzzli ma w sobie wyjmowane pojazdy sk\u0142adaj\u0105ce si\u0119 z kilku element\u00f3w. Maluszek mo\u017ce je wyjmowa\u0107, by nast\u0119pnie pr\u00f3bowa\u0107 dopasowa\u0107 kszta\u0142ty do odpowiednich otwor\u00f3w. Zabawa ta idealnie rozwinie zdolno\u015b\u0107 my\u015blenia logiczno-przestrzennego. Mo\u017cecie tak\u017ce budowa\u0107 piankowe konstrukcje, sze\u015bciany, wie\u017ce, czy piramidy. Puzzle s\u0105 bardzo mi\u0119kkie i przyjemne w dotyku. Jedna ze stron posiada interesuj\u0105c\u0105 wzorkowan\u0105 powierzchni\u0119, druga jest za\u015b g\u0142adka. Zalety: Wykonane z mi\u0142ej w dotyku mi\u0119kkiej i bezpiecznej pianki Spe\u0142niaj\u0105 standardy bezpiecze\u0144stwa CE, EN 71 \u0141atwe w czyszczeniu wystarczy przetrze\u0107 wilgotn\u0105 \u015bciereczk\u0105<\/p>\n<h2>Smily Play Mata Piankowa Pojazdy Kolorowa Smily Play<\/h2>\n<p>zagadki dla 4 latka, zagadki do rozwi\u0105zania, dobre \u017carty na prima aprilis, atrakcje we wroc\u0142awiu dla dzieci, ch\u0142opcy z placu broni &#8211; test, warszawa atrakcje dla dzieci, zagadki dla 5 latka, atrakcje dla dzieci wielkopolska, kolorowanki dla dziewczynek lol, malowanki do wydruku, origami dla dzieci, oskar imi\u0119<\/p>\n<p>yyyyy<\/p>\n<p>&nbsp;<\/p>\n","protected":false},"excerpt":{"rendered":"<p>MATA PIANKOWA POJAZDY SMILY PLAY Uk\u0142adanka z pojazdami mo\u017ce by\u0107 u\u017cywana jako mata oraz jako puzzle do uk\u0142adania. Jest zrobiona z mi\u0119kkiej pianki, mi\u0142ej w dotyku. Mo\u017ce te\u017c pos\u0142u\u017cy\u0107 jako podk\u0142adka przy innych zabawach czy drzemce. Zabawka uczy: spostrzegawczo\u015bci, rozpoznawania kolor\u00f3w i kszta\u0142t\u00f3w, budowania figur przestrzennych, zabawy z wyobra\u017ani\u0105. Pomys\u0142y jak mo\u017cna bawi\u0107 si\u0119 puzzlami: [&hellip;]<\/p>\n","protected":false},"featured_media":3726,"comment_status":"closed","ping_status":"open","template":"","meta":[],"product_cat":[55,62],"product_tag":[662,728,781,853,628],"class_list":["post-3725","product","type-product","status-publish","has-post-thumbnail","hentry","product_cat-maty-edukacyjne","product_cat-smily-play","product_tag-bajki-na-dobranoc","product_tag-bezwarunkowa-milosc-do-dziecka-cytaty","product_tag-cytaty-o-wychowaniu-dzieci","product_tag-kolorowanki-do-druku-dla-doroslych","product_tag-zagadka"],"_links":{"self":[{"href":"http:\/\/klubmamgdynia.pl\/index.php\/wp-json\/wp\/v2\/product\/3725","targetHints":{"allow":["GET"]}}],"collection":[{"href":"http:\/\/klubmamgdynia.pl\/index.php\/wp-json\/wp\/v2\/product"}],"about":[{"href":"http:\/\/klubmamgdynia.pl\/index.php\/wp-json\/wp\/v2\/types\/product"}],"replies":[{"embeddable":true,"href":"http:\/\/klubmamgdynia.pl\/index.php\/wp-json\/wp\/v2\/comments?post=3725"}],"wp:featuredmedia":[{"embeddable":true,"href":"http:\/\/klubmamgdynia.pl\/index.php\/wp-json\/wp\/v2\/media\/3726"}],"wp:attachment":[{"href":"http:\/\/klubmamgdynia.pl\/index.php\/wp-json\/wp\/v2\/media?parent=3725"}],"wp:term":[{"taxonomy":"product_cat","embeddable":true,"href":"http:\/\/klubmamgdynia.pl\/index.php\/wp-json\/wp\/v2\/product_cat?post=3725"},{"taxonomy":"product_tag","embeddable":true,"href":"http:\/\/klubmamgdynia.pl\/index.php\/wp-json\/wp\/v2\/product_tag?post=3725"}],"curies":[{"name":"wp","href":"https:\/\/api.w.org\/{rel}","templated":true}]}}