{"id":3727,"date":"2020-11-25T02:33:14","date_gmt":"2020-11-25T01:33:14","guid":{"rendered":"http:\/\/klubmamgdynia.pl\/index.php\/produkt\/jane-rocket-2-cold-black-spacerowy\/"},"modified":"2026-04-23T19:57:46","modified_gmt":"2026-04-23T17:57:46","slug":"jane-rocket-2-cold-black-spacerowy","status":"publish","type":"product","link":"http:\/\/klubmamgdynia.pl\/index.php\/produkt\/jane-rocket-2-cold-black-spacerowy\/","title":{"rendered":"Jane Rocket 2 Cold Black Spacerowy"},"content":{"rendered":"<h2>Jane Rocket 2 Cold Black Spacerowy Jane<\/h2>\n<p>zagadki o wielkanocy dla dzieci, szablon zaproszenia na urodziny do wydruku czarno bia\u0142e, pomysly na prezent na roczek, cukierku ty \u0142obuzie test, literki do pisania, prezent dla siedemnastolatka, kartka walentynkowa r\u0119cznie robiona \u0142atwa, opowie\u015b\u0107 wigilijna test z odpowiedziami, wzory zaprosze\u0144 zaproszenie na urodziny do druku pdf, maska kota do druku, wzory dyplom\u00f3w do pobrania, ewelina, dyplomy do druku, kolorowanka mia i ja, zagadki matematyczne dla przedszkolak\u00f3w<\/p>\n<p>yyyyy<\/p>\n<p>&nbsp;<\/p>\n","protected":false},"excerpt":{"rendered":"<p>Jane Rocket 2 Cold Black Spacerowy Jane zagadki o wielkanocy dla dzieci, szablon zaproszenia na urodziny do wydruku czarno bia\u0142e, pomysly na prezent na roczek, cukierku ty \u0142obuzie test, literki do pisania, prezent dla siedemnastolatka, kartka walentynkowa r\u0119cznie robiona \u0142atwa, opowie\u015b\u0107 wigilijna test z odpowiedziami, wzory zaprosze\u0144 zaproszenie na urodziny do druku pdf, maska kota [&hellip;]<\/p>\n","protected":false},"featured_media":3728,"comment_status":"closed","ping_status":"open","template":"","meta":[],"product_cat":[1109,71],"product_tag":[655,711,804],"class_list":["post-3727","product","type-product","status-publish","has-post-thumbnail","hentry","product_cat-jane","product_cat-wozki-spacerowe","product_tag-najlepsze-zagadki","product_tag-prezenty-dla-nastolatkow","product_tag-ryz-z-owocami"],"_links":{"self":[{"href":"http:\/\/klubmamgdynia.pl\/index.php\/wp-json\/wp\/v2\/product\/3727","targetHints":{"allow":["GET"]}}],"collection":[{"href":"http:\/\/klubmamgdynia.pl\/index.php\/wp-json\/wp\/v2\/product"}],"about":[{"href":"http:\/\/klubmamgdynia.pl\/index.php\/wp-json\/wp\/v2\/types\/product"}],"replies":[{"embeddable":true,"href":"http:\/\/klubmamgdynia.pl\/index.php\/wp-json\/wp\/v2\/comments?post=3727"}],"wp:featuredmedia":[{"embeddable":true,"href":"http:\/\/klubmamgdynia.pl\/index.php\/wp-json\/wp\/v2\/media\/3728"}],"wp:attachment":[{"href":"http:\/\/klubmamgdynia.pl\/index.php\/wp-json\/wp\/v2\/media?parent=3727"}],"wp:term":[{"taxonomy":"product_cat","embeddable":true,"href":"http:\/\/klubmamgdynia.pl\/index.php\/wp-json\/wp\/v2\/product_cat?post=3727"},{"taxonomy":"product_tag","embeddable":true,"href":"http:\/\/klubmamgdynia.pl\/index.php\/wp-json\/wp\/v2\/product_tag?post=3727"}],"curies":[{"name":"wp","href":"https:\/\/api.w.org\/{rel}","templated":true}]}}