{"id":3729,"date":"2014-08-16T12:33:58","date_gmt":"2014-08-16T10:33:58","guid":{"rendered":"http:\/\/klubmamgdynia.pl\/index.php\/produkt\/cybex-eezy-s-twist-2-wozek-spacerowy-od-urodzenia-do-22-kg-navy-blue-silver-frame\/"},"modified":"2026-05-17T22:00:01","modified_gmt":"2026-05-17T20:00:01","slug":"cybex-eezy-s-twist-2-wozek-spacerowy-od-urodzenia-do-22-kg-navy-blue-silver-frame","status":"publish","type":"product","link":"http:\/\/klubmamgdynia.pl\/index.php\/produkt\/cybex-eezy-s-twist-2-wozek-spacerowy-od-urodzenia-do-22-kg-navy-blue-silver-frame\/","title":{"rendered":"Cybex, Eezy S Twist 2 &#8211; w\u00f3zek spacerowy od urodzenia do 22 kg-Navy Blue Silver Frame"},"content":{"rendered":"<p>W\u00f3zek spacerowy od urodzenia do 17 kg z obracanym siedziskiem Eezy S Twist &#8211; nowy towarzysz miejskich spacer\u00f3w.<\/p>\n<h2>Cybex, Eezy S Twist 2 &#8211; w\u00f3zek spacerowy od urodzenia do 22 kg-Navy Blue Silver Frame Cybex<\/h2>\n<p>karmen imie, quizy online, kolorowanki dla dziewczynek, prezenty urodzinowe dla nastolatk\u00f3w, aaa kotki dwa tekst, zagadki walentynkowe, zagadki dla dzieci 6 lat, bajki do czytania psi patrol, zagadki na logik\u0119<\/p>\n<p>yyyyy<\/p>\n<p>&nbsp;<\/p>\n","protected":false},"excerpt":{"rendered":"<p>W\u00f3zek spacerowy od urodzenia do 17 kg z obracanym siedziskiem Eezy S Twist &#8211; nowy towarzysz miejskich spacer\u00f3w. Cybex, Eezy S Twist 2 &#8211; w\u00f3zek spacerowy od urodzenia do 22 kg-Navy Blue Silver Frame Cybex karmen imie, quizy online, kolorowanki dla dziewczynek, prezenty urodzinowe dla nastolatk\u00f3w, aaa kotki dwa tekst, zagadki walentynkowe, zagadki dla dzieci [&hellip;]<\/p>\n","protected":false},"featured_media":3730,"comment_status":"closed","ping_status":"open","template":"","meta":[],"product_cat":[34,71],"product_tag":[657,856,647,820],"class_list":["post-3729","product","type-product","status-publish","has-post-thumbnail","hentry","product_cat-cybex","product_cat-wozki-spacerowe","product_tag-lol-kolorowanka","product_tag-prezent-dla-16-latki","product_tag-warszawa-z-dzieckiem","product_tag-ziemia-wyspa-zielona-tekst"],"_links":{"self":[{"href":"http:\/\/klubmamgdynia.pl\/index.php\/wp-json\/wp\/v2\/product\/3729","targetHints":{"allow":["GET"]}}],"collection":[{"href":"http:\/\/klubmamgdynia.pl\/index.php\/wp-json\/wp\/v2\/product"}],"about":[{"href":"http:\/\/klubmamgdynia.pl\/index.php\/wp-json\/wp\/v2\/types\/product"}],"replies":[{"embeddable":true,"href":"http:\/\/klubmamgdynia.pl\/index.php\/wp-json\/wp\/v2\/comments?post=3729"}],"wp:featuredmedia":[{"embeddable":true,"href":"http:\/\/klubmamgdynia.pl\/index.php\/wp-json\/wp\/v2\/media\/3730"}],"wp:attachment":[{"href":"http:\/\/klubmamgdynia.pl\/index.php\/wp-json\/wp\/v2\/media?parent=3729"}],"wp:term":[{"taxonomy":"product_cat","embeddable":true,"href":"http:\/\/klubmamgdynia.pl\/index.php\/wp-json\/wp\/v2\/product_cat?post=3729"},{"taxonomy":"product_tag","embeddable":true,"href":"http:\/\/klubmamgdynia.pl\/index.php\/wp-json\/wp\/v2\/product_tag?post=3729"}],"curies":[{"name":"wp","href":"https:\/\/api.w.org\/{rel}","templated":true}]}}