{"id":373,"date":"2015-03-08T14:12:10","date_gmt":"2015-03-08T13:12:10","guid":{"rendered":"http:\/\/klubmamgdynia.pl\/index.php\/produkt\/carrera-go-20063518-formula-champions-43m\/"},"modified":"2026-05-17T22:20:59","modified_gmt":"2026-05-17T20:20:59","slug":"carrera-go-20063518-formula-champions-43m","status":"publish","type":"product","link":"http:\/\/klubmamgdynia.pl\/index.php\/produkt\/carrera-go-20063518-formula-champions-43m\/","title":{"rendered":"Carrera Go 20063518 Formula Champions 4,3M"},"content":{"rendered":"<p>Carrera Go 20063518 Formula Champions 4,3mZabawa z torami marki Carrera to po\u0142\u0105czenie wielkich emocji, pr\u0119dko\u015bci i dobrej zabawy, kt\u00f3ra poch\u0142onie du\u017cych i ma\u0142ych. Ka\u017cdy ch\u0142opiec i niejedna dziewczynka pokocha wy\u015bcigi, dzi\u0119ki torom poczuj\u0105 si\u0119 jak prawdziwi rajdowi kierowcy.Carrera GO!!! to zestawy startowe do \u015awiata Wy\u015bcig\u00f3w Carrera. Tor \u201eMistrzowie formu\u0142y&#8221; to Twoja szansa na szybk\u0105 jazd\u0119 w popularnych samochodach Formu\u0142y 1. Po torze mknie srebrny bolid Mercedes-AMG F1 W13 kierowcy \u201eHamiltona, No.44&#8243; cz\u0119sto walczy\u0142 on jeden na jeden z czarnym bolidem kierowcy wy\u015bcigowego ze stajni Red Bull Racing RB18 \u201eVerstappen, No.1&#8243; o prym na g\u0142\u00f3wnych torach \u015bwiata. We\u017a los w swoje r\u0119ce i \u015bcigaj si\u0119 na czele stawki Formu\u0142y 1. Licznik okr\u0105\u017ce\u0144 zawsze informuje, kto ma przewag\u0119! D\u0142ugie proste, zapieraj\u0105ce dech w piersiach zakr\u0119ty, przycisk turbo i akcesoria do toru wy\u015bcigowego daj\u0105 Ci szans\u0119 pochwalenia si\u0119 niesamowitymi umiej\u0119tno\u015bciami sterowania! Auta za\u0142\u0105czone w zestawie wykonane zosta\u0142y z najwy\u017csz\u0105 dba\u0142o\u015bci\u0105 o szczeg\u00f3\u0142y. ! Trybuny, barierki ochronne i kibice zapewniaj\u0105 prawdziw\u0105 atmosfer\u0119 toru wy\u015bcigowego. Zakrzywione zakr\u0119ty i wiadukty: dla dodatkowej dynamiki w wy\u015bcigu. Kompatybilny z Carrera GO!!! Plus i Carrera DIGITAL 143 &#8211; wykorzystaj swoj\u0105 tras\u0119 i elementy akcji na innych torach 1:43 Carrera!Tory s\u0105 \u0142atwe w monta\u017cu i demonta\u017cu, co zawdzi\u0119czaj\u0105 unikalnemu systemowi zatrzask\u00f3w \u0142\u0105cz\u0105cych. Mo\u017cliwo\u015b\u0107 jazdy wi\u0119cej ni\u017c jednego autka na ka\u017cdym z tor\u00f3w. Mo\u017cna go dowolnie rozbudowywa\u0107 dodatkowymi elementami, jak r\u00f3wnie\u017c zmienia\u0107 samochody na inne w danej skali Carrera GO!!! Plus i Carrera DIGITAL.Uwaga! Tor\u00f3w nie nale\u017cy ustawia\u0107 na mi\u0119kkim pod\u0142o\u017cu (tj. dywan, wyk\u0142adzina).CHARAKTERYSTYKA PRODUKTU:Tor o d\u0142ugo\u015bci 4,3m (wymiary roz\u0142o\u017conego toru:147 x 120 cm)Skala 1:43Samoch\u00f3d Mercedes-AMG F1 W13 \u201eHamilton, No.44&#8243;Samoch\u00f3d F1 Red Bull \u201eVerstappen, nr \u201e1&#8243; Sekcja \u0142\u0105cz\u0105ca 61666 x1 Elektroniczny regulator pr\u0119dko\u015bci 61663 x2Transformator 14,8V &#8211; 0,7 Amp 61531 x1Mechaniczny licznik okr\u0105\u017ce\u0144 88107 x1Prosta 114 mm x1Prosta 61602 x7Promie\u0144 61603 x6Zabezpieczenie bariery\u0141\u0105czniki do band\/barier 88303Klipsy do po\u0142\u0105cze\u0144 szynowych 88185 Dwa kontrolery z przyciskiem \u201eTurbo Speed&#8221;Szyna przy\u0142\u0105czeniowa START\/FINISHProsta z licznikiem okr\u0105\u017ce\u0144Zakr\u0119tyWiaduktBandy x 6 z logo CarreraModu\u0142 na baterie (nie do\u0142\u0105czone w zestawie: 4 x R20 \/ D)Mo\u017cliwo\u015b\u0107 u\u0142o\u017cenia r\u00f3\u017cnych konfiguracji toruKategoria wiekowa od 6 roku \u017cyciaInstrukcja obs\u0142ugiGwarancja- 1 rokDANE TECHNICZNE:D\u0142ugo\u015b\u0107 toru- 4,3 mWymiary toru po roz\u0142o\u017ceniu- 147 x 120 cmSkala 1:43 WYMIARY OPAKOWANIA: Wysoko\u015b\u0107- 7 cmSzeroko\u015b\u0107- 36 cmD\u0142ugo\u015b\u0107-54 cm Waga z opakowaniem-3,1 kg<\/p>\n<h2>Carrera Go 20063518 Formula Champions 4,3M Carrera<\/h2>\n<p>roczek prezent, kwiecie\u0144 plecie\u0144 wiersz, zagadki i odpowiedzi, miko\u0142ajki 2021 warszawa, pi\u0119kne cytaty o nauczycielach, ko\u0142ysanki dla dzieci tekst, podchwytliwe zagadki dla dzieci, kuba imi\u0119, anio\u0142 rysunek prosty, literki do druku, zagadki dla dzieci 6-7 lat, prezent roczek, opowie\u015bci z narni test, podchwytliwe zagadki matematyczne, zabawa dla 7 latka, flagi pa\u0144stw quiz, zabawa dla 7 latka, prezent dla jedenastolatka<\/p>\n<p>yyyyy<\/p>\n<p>&nbsp;<\/p>\n","protected":false},"excerpt":{"rendered":"<p>Carrera Go 20063518 Formula Champions 4,3mZabawa z torami marki Carrera to po\u0142\u0105czenie wielkich emocji, pr\u0119dko\u015bci i dobrej zabawy, kt\u00f3ra poch\u0142onie du\u017cych i ma\u0142ych. Ka\u017cdy ch\u0142opiec i niejedna dziewczynka pokocha wy\u015bcigi, dzi\u0119ki torom poczuj\u0105 si\u0119 jak prawdziwi rajdowi kierowcy.Carrera GO!!! to zestawy startowe do \u015awiata Wy\u015bcig\u00f3w Carrera. Tor \u201eMistrzowie formu\u0142y&#8221; to Twoja szansa na szybk\u0105 jazd\u0119 [&hellip;]<\/p>\n","protected":false},"featured_media":374,"comment_status":"closed","ping_status":"open","template":"","meta":[],"product_cat":[140,141],"product_tag":[662,747,866,856,661],"class_list":["post-373","product","type-product","status-publish","has-post-thumbnail","hentry","product_cat-carrera","product_cat-parkingi-garaze-i-tory-wyscigowe","product_tag-bajki-na-dobranoc","product_tag-malowanki-do-druku","product_tag-opis-do-zdjecia-dziecka-na-fb","product_tag-prezent-dla-16-latki","product_tag-swinka-peppa-kolorowanka"],"_links":{"self":[{"href":"http:\/\/klubmamgdynia.pl\/index.php\/wp-json\/wp\/v2\/product\/373","targetHints":{"allow":["GET"]}}],"collection":[{"href":"http:\/\/klubmamgdynia.pl\/index.php\/wp-json\/wp\/v2\/product"}],"about":[{"href":"http:\/\/klubmamgdynia.pl\/index.php\/wp-json\/wp\/v2\/types\/product"}],"replies":[{"embeddable":true,"href":"http:\/\/klubmamgdynia.pl\/index.php\/wp-json\/wp\/v2\/comments?post=373"}],"wp:featuredmedia":[{"embeddable":true,"href":"http:\/\/klubmamgdynia.pl\/index.php\/wp-json\/wp\/v2\/media\/374"}],"wp:attachment":[{"href":"http:\/\/klubmamgdynia.pl\/index.php\/wp-json\/wp\/v2\/media?parent=373"}],"wp:term":[{"taxonomy":"product_cat","embeddable":true,"href":"http:\/\/klubmamgdynia.pl\/index.php\/wp-json\/wp\/v2\/product_cat?post=373"},{"taxonomy":"product_tag","embeddable":true,"href":"http:\/\/klubmamgdynia.pl\/index.php\/wp-json\/wp\/v2\/product_tag?post=373"}],"curies":[{"name":"wp","href":"https:\/\/api.w.org\/{rel}","templated":true}]}}