{"id":3731,"date":"2011-11-14T22:15:18","date_gmt":"2011-11-14T21:15:18","guid":{"rendered":"http:\/\/klubmamgdynia.pl\/index.php\/produkt\/bigtoys-klocki-kola-zebate-na-baterie-bklo0276\/"},"modified":"2026-05-17T22:29:58","modified_gmt":"2026-05-17T20:29:58","slug":"bigtoys-klocki-kola-zebate-na-baterie-bklo0276","status":"publish","type":"product","link":"http:\/\/klubmamgdynia.pl\/index.php\/produkt\/bigtoys-klocki-kola-zebate-na-baterie-bklo0276\/","title":{"rendered":"Bigtoys Klocki Ko\u0142a Z\u0119bate Na Baterie Bklo0276"},"content":{"rendered":"<p>Zestaw to klocki i ko\u0142a z\u0119bate z kt\u00f3rych mo\u017cna z\u0142o\u017cy\u0107 r\u00f3\u017cnego rodzaju budowle i konstrukcje przestrzenne. Konstrukcj\u0119 mo\u017cna wprawi\u0107 w ruch dzi\u0119ki zasilaniu bateryjnemu &#8211; w\u0142\u0105cznik ON\/OFF. Klocki wykonane z trwa\u0142ych, nietoksycznych materia\u0142\u00f3w wysokiej jako\u015bci.Baterie: 1,5VAA(brak w zestawie).W zestawie: 108 element\u00f3w.Wymiary opakowania: 38x24x5,5cm.Wiek: 3+&#8230;.<\/p>\n<h2>Bigtoys Klocki Ko\u0142a Z\u0119bate Na Baterie Bklo0276 Bigtoys<\/h2>\n<p>podchwytliwe zagadki na inteligencj\u0119, znaczenie imienia alan, kolorowanki, dzie\u0144 pluszowego misia, atrakcje warszawa dla dzieci, minionki kolorowanka, tabliczka mno\u017cenia zadania do druku, z\u0142ote my\u015bli o przyja\u017ani, kolorowanki wakacje, kira imi\u0119, eneduerabe, r\u00f3\u017ca imie, imi\u0119 natan, bajka o poci\u0105gu do czytania<\/p>\n<p>yyyyy<\/p>\n<p>&nbsp;<\/p>\n","protected":false},"excerpt":{"rendered":"<p>Zestaw to klocki i ko\u0142a z\u0119bate z kt\u00f3rych mo\u017cna z\u0142o\u017cy\u0107 r\u00f3\u017cnego rodzaju budowle i konstrukcje przestrzenne. Konstrukcj\u0119 mo\u017cna wprawi\u0107 w ruch dzi\u0119ki zasilaniu bateryjnemu &#8211; w\u0142\u0105cznik ON\/OFF. Klocki wykonane z trwa\u0142ych, nietoksycznych materia\u0142\u00f3w wysokiej jako\u015bci.Baterie: 1,5VAA(brak w zestawie).W zestawie: 108 element\u00f3w.Wymiary opakowania: 38x24x5,5cm.Wiek: 3+&#8230;. Bigtoys Klocki Ko\u0142a Z\u0119bate Na Baterie Bklo0276 Bigtoys podchwytliwe zagadki na [&hellip;]<\/p>\n","protected":false},"featured_media":3732,"comment_status":"closed","ping_status":"open","template":"","meta":[],"product_cat":[331,113],"product_tag":[700,702,686,859,720,757],"class_list":["post-3731","product","type-product","status-publish","has-post-thumbnail","hentry","product_cat-bigtoys","product_cat-klocki","product_tag-bajki-do-czytania-dla-dzieci","product_tag-co-kupic-na-roczek-dla-dziewczynki","product_tag-co-na-roczek-dla-chlopca","product_tag-dobranoc-pchly-na-noc","product_tag-malowanki","product_tag-test-z-lektury-ania-z-zielonego-wzgorza-klasa-6-z-odpowiedziami"],"_links":{"self":[{"href":"http:\/\/klubmamgdynia.pl\/index.php\/wp-json\/wp\/v2\/product\/3731","targetHints":{"allow":["GET"]}}],"collection":[{"href":"http:\/\/klubmamgdynia.pl\/index.php\/wp-json\/wp\/v2\/product"}],"about":[{"href":"http:\/\/klubmamgdynia.pl\/index.php\/wp-json\/wp\/v2\/types\/product"}],"replies":[{"embeddable":true,"href":"http:\/\/klubmamgdynia.pl\/index.php\/wp-json\/wp\/v2\/comments?post=3731"}],"wp:featuredmedia":[{"embeddable":true,"href":"http:\/\/klubmamgdynia.pl\/index.php\/wp-json\/wp\/v2\/media\/3732"}],"wp:attachment":[{"href":"http:\/\/klubmamgdynia.pl\/index.php\/wp-json\/wp\/v2\/media?parent=3731"}],"wp:term":[{"taxonomy":"product_cat","embeddable":true,"href":"http:\/\/klubmamgdynia.pl\/index.php\/wp-json\/wp\/v2\/product_cat?post=3731"},{"taxonomy":"product_tag","embeddable":true,"href":"http:\/\/klubmamgdynia.pl\/index.php\/wp-json\/wp\/v2\/product_tag?post=3731"}],"curies":[{"name":"wp","href":"https:\/\/api.w.org\/{rel}","templated":true}]}}