{"id":3733,"date":"2011-01-13T10:32:40","date_gmt":"2011-01-13T09:32:40","guid":{"rendered":"http:\/\/klubmamgdynia.pl\/index.php\/produkt\/silikonowa-miseczka-lyzeczka-fioletowa\/"},"modified":"2026-04-29T20:21:58","modified_gmt":"2026-04-29T18:21:58","slug":"silikonowa-miseczka-lyzeczka-fioletowa","status":"publish","type":"product","link":"http:\/\/klubmamgdynia.pl\/index.php\/produkt\/silikonowa-miseczka-lyzeczka-fioletowa\/","title":{"rendered":"Silikonowa miseczka + \u0142y\u017ceczka fioletowa"},"content":{"rendered":"<p>Wyj\u0105tkowa antypo\u015blizgowa miseczka wykonana z silikonu ca\u0142kowicie bezpiecznego w kontakcie z \u017cywno\u015bci\u0105. Dzi\u0119ki du\u017cej przyssawce idealnie przylega do wi\u0119kszo\u015bci g\u0142adkich powierzchni, co uniemo\u017cliwia maluszkowi przesuni\u0119cie lub zrzucenie miseczki z jedzeniem i znacznie u\u0142atwia nauk\u0119 samodzielnego jedzenia. W zestawie pasuj\u0105ca kolorystycznie \u0142y\u017ceczka z bambusow\u0105 r\u0105czk\u0105 i silikonow\u0105 ko\u0144c\u00f3wk\u0105. Ten uroczy zestaw b\u0119dzie wspania\u0142\u0105 pomoc\u0105 przy karmieniu dziecka metod\u0105 BLW, kt\u00f3ra sprawi, \u017ce Wasze posi\u0142ki b\u0119d\u0105 prawdziw\u0105 przyjemno\u015bci\u0105!Zalety produktu:miseczka wykonana z bezpiecznego, nietoksycznego silikonuantypo\u015blizgowy sp\u00f3d zapobiega przesuwaniu si\u0119 lub przewracaniu miseczkidobrze przywiera do wi\u0119kszo\u015bci blat\u00f3w &#8211; sprawdzi si\u0119 na przyk\u0142ad na stole czy tacce przy krzese\u0142ku dzieci\u0119cymdoros\u0142y mo\u017ce \u0142atwo podnie\u015b\u0107 miseczk\u0119 chwytaj\u0105c za ma\u0142\u0105 silikonow\u0105 wypustk\u0119 z ty\u0142u miseczki, dzi\u0119ki czemu sp\u00f3d miseczki odessie si\u0119 od sto\u0142upodwy\u017cszony brzeg miseczki zapobiega przelewaniu si\u0119 \u017cywno\u015bci i zatrzymuje jej nadmiar w miseczcewygodna dla ma\u0142ych r\u0105czek \u0142y\u017ceczka z silikonow\u0105 ko\u0144c\u00f3wk\u0105 zapobiegaj\u0105c\u0105 zranieniu delikatnych dzi\u0105se\u0142 dzieckanie zu\u017cywa si\u0119 &#8211; silikon zawsze wygl\u0105da jak nowy, nie marszczy si\u0119 ani nie traci swojego kszta\u0142tubezproblemowe czyszczenie ciep\u0142\u0105 wod\u0105 z myd\u0142em b\u0105d\u017a w zmywarcemo\u017cna u\u017cywa\u0107 w kuchence mikrofalowej oraz w piekarniku (do temp. 220 stopni C) &#8211; w przypadku u\u017cywania w kuchence mikrofalowej zalecamy pod\u0142o\u017cenie pod miseczk\u0119 talerzyka w celu unikni\u0119cia przyssania si\u0119 miseczki do talerza kuchenki i ewentualnego rozrzucenia podgrzewanego jedzenia.Pojemno\u015b\u0107 miseczki: ok. 350 ml.\u015arednica miseczki: 12 cm.Wysoko\u015b\u0107 miseczki (od strony najwy\u017cszego brzegu): 8,5 cm.Wymiary \u0142y\u017ceczki: 14 x 3,5 cm.Kolor: fioletowy (lawendowy).<\/p>\n<h2>Silikonowa miseczka + \u0142y\u017ceczka fioletowa Inny<\/h2>\n<p>imie leon, najrzadsze imiona w polsce, imie kuba, aniela imie, zagadki o psach, z\u0142ote my\u015bli kubu\u015b puchatek cytaty, kawa\u0142 na prima aprilis, zgadywanki dla dzieci, quiz o bajkach, wz\u00f3r drzewo genealogiczne szablon do wydruku, adriana imi\u0119, kotki do druku, smok wawelski bajka, dary jesieni kolorowanki jesie\u0144, imie iwo<\/p>\n<p>yyyyy<\/p>\n<p>&nbsp;<\/p>\n","protected":false},"excerpt":{"rendered":"<p>Wyj\u0105tkowa antypo\u015blizgowa miseczka wykonana z silikonu ca\u0142kowicie bezpiecznego w kontakcie z \u017cywno\u015bci\u0105. Dzi\u0119ki du\u017cej przyssawce idealnie przylega do wi\u0119kszo\u015bci g\u0142adkich powierzchni, co uniemo\u017cliwia maluszkowi przesuni\u0119cie lub zrzucenie miseczki z jedzeniem i znacznie u\u0142atwia nauk\u0119 samodzielnego jedzenia. W zestawie pasuj\u0105ca kolorystycznie \u0142y\u017ceczka z bambusow\u0105 r\u0105czk\u0105 i silikonow\u0105 ko\u0144c\u00f3wk\u0105. Ten uroczy zestaw b\u0119dzie wspania\u0142\u0105 pomoc\u0105 przy karmieniu [&hellip;]<\/p>\n","protected":false},"featured_media":3734,"comment_status":"closed","ping_status":"open","template":"","meta":[],"product_cat":[169,215],"product_tag":[797,583,655,695,607],"class_list":["post-3733","product","type-product","status-publish","has-post-thumbnail","hentry","product_cat-inny","product_cat-naczynia-i-sztucce-dla-dzieci","product_tag-kiekrz","product_tag-kolysanki-dla-dzieci-tekst","product_tag-najlepsze-zagadki","product_tag-rzadkie-imiona-zenskie","product_tag-zarty-na-prima-aprilis-dla-rodzicow"],"_links":{"self":[{"href":"http:\/\/klubmamgdynia.pl\/index.php\/wp-json\/wp\/v2\/product\/3733","targetHints":{"allow":["GET"]}}],"collection":[{"href":"http:\/\/klubmamgdynia.pl\/index.php\/wp-json\/wp\/v2\/product"}],"about":[{"href":"http:\/\/klubmamgdynia.pl\/index.php\/wp-json\/wp\/v2\/types\/product"}],"replies":[{"embeddable":true,"href":"http:\/\/klubmamgdynia.pl\/index.php\/wp-json\/wp\/v2\/comments?post=3733"}],"wp:featuredmedia":[{"embeddable":true,"href":"http:\/\/klubmamgdynia.pl\/index.php\/wp-json\/wp\/v2\/media\/3734"}],"wp:attachment":[{"href":"http:\/\/klubmamgdynia.pl\/index.php\/wp-json\/wp\/v2\/media?parent=3733"}],"wp:term":[{"taxonomy":"product_cat","embeddable":true,"href":"http:\/\/klubmamgdynia.pl\/index.php\/wp-json\/wp\/v2\/product_cat?post=3733"},{"taxonomy":"product_tag","embeddable":true,"href":"http:\/\/klubmamgdynia.pl\/index.php\/wp-json\/wp\/v2\/product_tag?post=3733"}],"curies":[{"name":"wp","href":"https:\/\/api.w.org\/{rel}","templated":true}]}}