{"id":3735,"date":"2016-10-27T23:52:52","date_gmt":"2016-10-27T21:52:52","guid":{"rendered":"http:\/\/klubmamgdynia.pl\/index.php\/produkt\/landtoys-projektor-muzyczny-do-nauki-rysowania-led-lt219\/"},"modified":"2026-04-24T18:01:20","modified_gmt":"2026-04-24T16:01:20","slug":"landtoys-projektor-muzyczny-do-nauki-rysowania-led-lt219","status":"publish","type":"product","link":"http:\/\/klubmamgdynia.pl\/index.php\/produkt\/landtoys-projektor-muzyczny-do-nauki-rysowania-led-lt219\/","title":{"rendered":"Landtoys Projektor Muzyczny Do Nauki Rysowania Led (LT219)"},"content":{"rendered":"<p>Niesamowity projektor do nauki rysowania urozmaici Twojemu maluchowi czas. Rozwijaj wyobra\u017ani\u0119, zdolno\u015bci manualne i artystyczne Twojego dziecka od najm\u0142odszych lat. Projektor do malowania to \u0142atwy i przyjemny spos\u00f3b na rysowanie. Zga\u015b \u015bwiat\u0142a, w\u0142\u0105cz projektor, w\u0142\u00f3\u017c wydrukowany slajd i prze\u015bled\u017a. Nast\u0119pnie pokoloruj lub pomaluj obraz. W zestawie znajduje si\u0119 : projektor z podstaw\u0105 do rysowania, notes\/bloczek do rysowania, 3 kr\u0105\u017cki do rysowania (24 obrazki), 12 kolorowych mazak\u00f3w, g\u0105beczka do \u015bcierania tablicy. Projektor zasilany bateriami 3 x AA 1,5 V (brak baterii w zestawie). Wymiary projektora: 35 cm (wys.) x 26 cm (szer.) x 21 cm (g\u0142.). Wymiary powierzchni do rysowania: 20 cm x 15 cm. Wysoko\u015b\u0107 do powierzchni do malowania: 13 cm. Wymiary bloku: 15 cm x 13 cm. \u015arednica kr\u0105\u017ck\u00f3w: 6 cm. .<\/p>\n<h2>Landtoys Projektor Muzyczny Do Nauki Rysowania Led (LT219) LandToys<\/h2>\n<p>zabawy dla 5 latka, dziewczynka z parku pytania i odpowiedzi, atrakcje dla dzieci wroc\u0142aw, quiz o ro\u015blinach, kolorowanki uk\u0142ad s\u0142oneczny<\/p>\n<p>yyyyy<\/p>\n<p>&nbsp;<\/p>\n","protected":false},"excerpt":{"rendered":"<p>Niesamowity projektor do nauki rysowania urozmaici Twojemu maluchowi czas. Rozwijaj wyobra\u017ani\u0119, zdolno\u015bci manualne i artystyczne Twojego dziecka od najm\u0142odszych lat. Projektor do malowania to \u0142atwy i przyjemny spos\u00f3b na rysowanie. Zga\u015b \u015bwiat\u0142a, w\u0142\u0105cz projektor, w\u0142\u00f3\u017c wydrukowany slajd i prze\u015bled\u017a. Nast\u0119pnie pokoloruj lub pomaluj obraz. W zestawie znajduje si\u0119 : projektor z podstaw\u0105 do rysowania, notes\/bloczek [&hellip;]<\/p>\n","protected":false},"featured_media":3736,"comment_status":"closed","ping_status":"open","template":"","meta":[],"product_cat":[144,537],"product_tag":[789,657,599,846,588],"class_list":["post-3735","product","type-product","status-publish","has-post-thumbnail","hentry","product_cat-landtoys","product_cat-pozostale-zabawki-edukacyjne","product_tag-kaczuszka","product_tag-lol-kolorowanka","product_tag-prezent-dla-nastolatkow-2021","product_tag-rysowanki","product_tag-wzruszajace-slowa-dla-przyjaciela"],"_links":{"self":[{"href":"http:\/\/klubmamgdynia.pl\/index.php\/wp-json\/wp\/v2\/product\/3735","targetHints":{"allow":["GET"]}}],"collection":[{"href":"http:\/\/klubmamgdynia.pl\/index.php\/wp-json\/wp\/v2\/product"}],"about":[{"href":"http:\/\/klubmamgdynia.pl\/index.php\/wp-json\/wp\/v2\/types\/product"}],"replies":[{"embeddable":true,"href":"http:\/\/klubmamgdynia.pl\/index.php\/wp-json\/wp\/v2\/comments?post=3735"}],"wp:featuredmedia":[{"embeddable":true,"href":"http:\/\/klubmamgdynia.pl\/index.php\/wp-json\/wp\/v2\/media\/3736"}],"wp:attachment":[{"href":"http:\/\/klubmamgdynia.pl\/index.php\/wp-json\/wp\/v2\/media?parent=3735"}],"wp:term":[{"taxonomy":"product_cat","embeddable":true,"href":"http:\/\/klubmamgdynia.pl\/index.php\/wp-json\/wp\/v2\/product_cat?post=3735"},{"taxonomy":"product_tag","embeddable":true,"href":"http:\/\/klubmamgdynia.pl\/index.php\/wp-json\/wp\/v2\/product_tag?post=3735"}],"curies":[{"name":"wp","href":"https:\/\/api.w.org\/{rel}","templated":true}]}}