{"id":3737,"date":"2017-11-23T15:48:04","date_gmt":"2017-11-23T14:48:04","guid":{"rendered":"http:\/\/klubmamgdynia.pl\/index.php\/produkt\/captain-mike-kubek-morski-baltyk-pamiatka-morze-kubek-dzieciecy-osmiornica\/"},"modified":"2026-04-23T00:42:49","modified_gmt":"2026-04-22T22:42:49","slug":"captain-mike-kubek-morski-baltyk-pamiatka-morze-kubek-dzieciecy-osmiornica","status":"publish","type":"product","link":"http:\/\/klubmamgdynia.pl\/index.php\/produkt\/captain-mike-kubek-morski-baltyk-pamiatka-morze-kubek-dzieciecy-osmiornica\/","title":{"rendered":"Captain Mike Kubek Morski Ba\u0142tyk Pami\u0105tka Morze Kubek Dzieci\u0119cy O\u015bmiornica"},"content":{"rendered":"<p>Oryginalny kubek znad morza Captain Mike\u00ae, z pi\u0119knym nadrukiem, do herbatki, kakao, napoj\u00f3w dla dziecka Pi\u0119knie wykonany kubek w morskiej stylistyce. Przemy\u015blany kszta\u0142t idealny rozmiar i wygodny uchwyt \u015bwietnie sprawdzi si\u0119 dla twojego dziecka. Trwa\u0142y nadruk kubka jest odporny na mycie w zmywarce! \u2b50\ufe0f\u2b50\ufe0f\u2b50\ufe0f\u2b50\ufe0f\u2b50\ufe0f Materia\u0142: ceramika Marka: Captain Mike Pojemno\u015b\u0107: 220 ml Wysoko\u015b\u0107: 7,8 cm Szeroko\u015b\u0107: 8 cm Najwa\u017cniejsze cechy: \u2705Bezpieczny, wykonany z ceramiki wysokiej jako\u015bci z pi\u0119knym i trwa\u0142ym nadrukiem \u2705Pi\u0119kny weso\u0142y wz\u00f3r i odpowiedni rozmiar dla dziecka \u2705Idealny do picia herbatki, kakao i innych napoj\u00f3w. \u2705Kubek wyposa\u017cony w wygodny uchwyt. \u2705Mo\u017cna podgrzewa\u0107 w nim napoje w mikrofal\u00f3wce. \u2705Nadaje si\u0119 do mycia w zmywarce do naczy\u0144. Oryginalny produkt polskiej marki Captain Mike\u00ae Sprawd\u017a te\u017c inne kszta\u0142ty i wzory naszych kubk\u00f3w! Captain Mike\u00ae to polska marka kt\u00f3rej produkty s\u0105 w ca\u0142o\u015bci zaprojektowane w Polsce, z pasj\u0105 i dba\u0142o\u015bci\u0105 o szczeg\u00f3\u0142y. Ceramika Captain Mike\u00ae charakteryzuje si\u0119 wysok\u0105 jako\u015bci\u0105 oraz wyj\u0105tkow\u0105 lekko\u015bci\u0105 i dba\u0142o\u015bci\u0105 o detale, o kt\u00f3r\u0105 jest niejednokrotnie ci\u0119\u017cko w przypadku powszechnej na rynku chi\u0144skiej porcelany. Trwa\u0142e wzory i nadruki sprawiaj\u0105, \u017ce ceramika ma szans\u0119 cieszy\u0107 oko przez d\u0142ugie lata. Wszystkie sprzedawane przez nas wyroby Captain Mike\u00ae s\u0105 oryginalne oraz sygnowane znakiem Captain Mike\u00ae<\/p>\n<h2>Captain Mike Kubek Morski Ba\u0142tyk Pami\u0105tka Morze Kubek Dzieci\u0119cy O\u015bmiornica <\/h2>\n<p>kajko i kokosz test z lektury, maurycy, atrakcje dla dzieci we wroc\u0142awiu, kr\u00f3tkie czytanki dla dzieci do wydruku, quiz stolice europy<\/p>\n<p>yyyyy<\/p>\n<p>&nbsp;<\/p>\n","protected":false},"excerpt":{"rendered":"<p>Oryginalny kubek znad morza Captain Mike\u00ae, z pi\u0119knym nadrukiem, do herbatki, kakao, napoj\u00f3w dla dziecka Pi\u0119knie wykonany kubek w morskiej stylistyce. Przemy\u015blany kszta\u0142t idealny rozmiar i wygodny uchwyt \u015bwietnie sprawdzi si\u0119 dla twojego dziecka. Trwa\u0142y nadruk kubka jest odporny na mycie w zmywarce! \u2b50\ufe0f\u2b50\ufe0f\u2b50\ufe0f\u2b50\ufe0f\u2b50\ufe0f Materia\u0142: ceramika Marka: Captain Mike Pojemno\u015b\u0107: 220 ml Wysoko\u015b\u0107: 7,8 cm [&hellip;]<\/p>\n","protected":false},"featured_media":3738,"comment_status":"closed","ping_status":"open","template":"","meta":[],"product_cat":[215],"product_tag":[836,663,862,587],"class_list":["post-3737","product","type-product","status-publish","has-post-thumbnail","hentry","product_cat-naczynia-i-sztucce-dla-dzieci","product_tag-co-kupic-dziecku-na-roczek","product_tag-kolorowanki-dla-dzieci-do-druku","product_tag-nasza-zima-zla-tekst","product_tag-skalne-miasto"],"_links":{"self":[{"href":"http:\/\/klubmamgdynia.pl\/index.php\/wp-json\/wp\/v2\/product\/3737","targetHints":{"allow":["GET"]}}],"collection":[{"href":"http:\/\/klubmamgdynia.pl\/index.php\/wp-json\/wp\/v2\/product"}],"about":[{"href":"http:\/\/klubmamgdynia.pl\/index.php\/wp-json\/wp\/v2\/types\/product"}],"replies":[{"embeddable":true,"href":"http:\/\/klubmamgdynia.pl\/index.php\/wp-json\/wp\/v2\/comments?post=3737"}],"wp:featuredmedia":[{"embeddable":true,"href":"http:\/\/klubmamgdynia.pl\/index.php\/wp-json\/wp\/v2\/media\/3738"}],"wp:attachment":[{"href":"http:\/\/klubmamgdynia.pl\/index.php\/wp-json\/wp\/v2\/media?parent=3737"}],"wp:term":[{"taxonomy":"product_cat","embeddable":true,"href":"http:\/\/klubmamgdynia.pl\/index.php\/wp-json\/wp\/v2\/product_cat?post=3737"},{"taxonomy":"product_tag","embeddable":true,"href":"http:\/\/klubmamgdynia.pl\/index.php\/wp-json\/wp\/v2\/product_tag?post=3737"}],"curies":[{"name":"wp","href":"https:\/\/api.w.org\/{rel}","templated":true}]}}