{"id":3739,"date":"2023-03-02T07:47:23","date_gmt":"2023-03-02T06:47:23","guid":{"rendered":"http:\/\/klubmamgdynia.pl\/?post_type=product&#038;p=3739"},"modified":"2026-05-17T22:10:27","modified_gmt":"2026-05-17T20:10:27","slug":"oceanic-aa-baby-2-w-1-olejek-do-mycia-i-kapieli-400ml","status":"publish","type":"product","link":"http:\/\/klubmamgdynia.pl\/index.php\/produkt\/oceanic-aa-baby-2-w-1-olejek-do-mycia-i-kapieli-400ml\/","title":{"rendered":"Oceanic Aa Baby 2 W 1 Olejek Do Mycia I K\u0105pieli 400ml"},"content":{"rendered":"<p>Olejek do mycia i k\u0105pieli 2 w 1 to wyj\u0105tkowy kosmetyk do codziennej piel\u0119gnacji delikatnej sk\u00f3ry dziecka, ju\u017c od pierwszych dni \u017cycia. Hipoalergiczna formu\u0142a z wysokiej jako\u015bci emolientami pozwala na \u0142agodne mycie ca\u0142ego cia\u0142a, jednocze\u015bnie od\u017cywiaj\u0105c i nawil\u017caj\u0105c sk\u00f3r\u0119. Produkt doskonale sprawdzi si\u0119 w codziennej k\u0105pieli, zapewniaj\u0105c wyciszenie po ca\u0142ym dniu.Co wyr\u00f3\u017cnia Nasz produkt?\u2022 zawiera piel\u0119gnuj\u0105ce emolienty o w\u0142a\u015bciwo\u015bciach zmi\u0119kczaj\u0105cych i od\u017cywiaj\u0105cych\u2022 bazuje na delikatnych \u015brodkach myj\u0105cych\u2022 zmniejsza uczucie szorstko\u015bci i zabezpiecza sk\u00f3r\u0119 przed utrat\u0105 wody, pozostawiaj\u0105c sk\u00f3r\u0119 przyjemnie mi\u0119kk\u0105 i g\u0142adk\u0105.\u2022 nawil\u017ca i wspiera naturalna barier\u0119 lipidowa nask\u00f3rka\u2022 nie szczypie w oczy\u2022 nie zawiera barwnik\u00f3w i substancji zapachowychTestowany dermatologicznie z udzia\u0142em os\u00f3b z alergicznymi chorobami sk\u00f3ry. pH neutralne dla sk\u00f3ry.Przygotowanie i stosowanie: Nanie\u015b niewielk\u0105 ilo\u015b\u0107 olejku na zwil\u017con\u0105 sk\u00f3r\u0119 i masuj okr\u0119\u017cnymi ruchami. Omijaj okolice oczu. Po umyciu delikatnie op\u0142ucz letni\u0105 wod\u0105. K\u0105piel: odpowiedni\u0105 ilo\u015b\u0107 olejku wlej do wody (o temp. 36\u00b0C) i dok\u0142adnie wymieszaj. Produkt badany pod kontrol\u0105 lekarza okulisty.<\/p>\n<h2>Oceanic Aa Baby 2 W 1 Olejek Do Mycia I K\u0105pieli 400ml Oceanic<\/h2>\n<p>labirynt dla dzieci, janusz, antystresowe mandale do druku, kolorowanki dla dziewczynek 10 lat, r\u0119cznie robione jak zrobi\u0107 kartk\u0119 walentynkow\u0105, wiersz o marzannie, zagadki o bajkach, el\u017cbieta imi\u0119, mandala kolorowanka, prezent dla nastolatka, miasto dzieci pl, jednoro\u017cec kolorowanka do druku, prezent dla dwunastolatka, zaproszenie na urodziny do druku, koty kolorowanki do druku<\/p>\n<p>yyyyy<\/p>\n<p>&nbsp;<\/p>\n","protected":false},"excerpt":{"rendered":"<p>Olejek do mycia i k\u0105pieli 2 w 1 to wyj\u0105tkowy kosmetyk do codziennej piel\u0119gnacji delikatnej sk\u00f3ry dziecka, ju\u017c od pierwszych dni \u017cycia. Hipoalergiczna formu\u0142a z wysokiej jako\u015bci emolientami pozwala na \u0142agodne mycie ca\u0142ego cia\u0142a, jednocze\u015bnie od\u017cywiaj\u0105c i nawil\u017caj\u0105c sk\u00f3r\u0119. Produkt doskonale sprawdzi si\u0119 w codziennej k\u0105pieli, zapewniaj\u0105c wyciszenie po ca\u0142ym dniu.Co wyr\u00f3\u017cnia Nasz produkt?\u2022 zawiera [&hellip;]<\/p>\n","protected":false},"featured_media":3740,"comment_status":"closed","ping_status":"open","template":"","meta":[],"product_cat":[474,1110],"product_tag":[792,808,749,687,713,577],"class_list":["post-3739","product","type-product","status-publish","has-post-thumbnail","hentry","product_cat-kosmetyki-dla-dzieci-i-niemowlat","product_cat-oceanic","product_tag-cytaty-o-mamie","product_tag-imie-mia","product_tag-najlepsze-zarty-na-prima-aprilis","product_tag-podchwytliwe-zagadki-matematyczne","product_tag-zagadki-logiczne-z-odpowiedziami","product_tag-znaki-drogowe-test"],"_links":{"self":[{"href":"http:\/\/klubmamgdynia.pl\/index.php\/wp-json\/wp\/v2\/product\/3739","targetHints":{"allow":["GET"]}}],"collection":[{"href":"http:\/\/klubmamgdynia.pl\/index.php\/wp-json\/wp\/v2\/product"}],"about":[{"href":"http:\/\/klubmamgdynia.pl\/index.php\/wp-json\/wp\/v2\/types\/product"}],"replies":[{"embeddable":true,"href":"http:\/\/klubmamgdynia.pl\/index.php\/wp-json\/wp\/v2\/comments?post=3739"}],"wp:featuredmedia":[{"embeddable":true,"href":"http:\/\/klubmamgdynia.pl\/index.php\/wp-json\/wp\/v2\/media\/3740"}],"wp:attachment":[{"href":"http:\/\/klubmamgdynia.pl\/index.php\/wp-json\/wp\/v2\/media?parent=3739"}],"wp:term":[{"taxonomy":"product_cat","embeddable":true,"href":"http:\/\/klubmamgdynia.pl\/index.php\/wp-json\/wp\/v2\/product_cat?post=3739"},{"taxonomy":"product_tag","embeddable":true,"href":"http:\/\/klubmamgdynia.pl\/index.php\/wp-json\/wp\/v2\/product_tag?post=3739"}],"curies":[{"name":"wp","href":"https:\/\/api.w.org\/{rel}","templated":true}]}}