{"id":3741,"date":"2020-02-09T07:36:59","date_gmt":"2020-02-09T06:36:59","guid":{"rendered":"http:\/\/klubmamgdynia.pl\/index.php\/produkt\/petitemars-street-air-black-limited-100-ocean-spacerowy\/"},"modified":"2026-04-30T05:57:59","modified_gmt":"2026-04-30T03:57:59","slug":"petitemars-street-air-black-limited-100-ocean-spacerowy","status":"publish","type":"product","link":"http:\/\/klubmamgdynia.pl\/index.php\/produkt\/petitemars-street-air-black-limited-100-ocean-spacerowy\/","title":{"rendered":"Petite&amp;Mars Street+ Air Black Limited 100 Ocean Spacerowy"},"content":{"rendered":"<p>Petite&amp;Mars Street+ jest wykonany z wysokiej jako\u015bci materia\u0142\u00f3w, w dba\u0142o\u015bci o ka\u017cdy, nawet najmniejszy szczeg\u00f3\u0142. Komfortowy i wygodny dla dziecka, oraz \u0142atwy w prowadzeniu dla rodzic\u00f3w.<\/p>\n<h2>Petite&amp;Mars Street+ Air Black Limited 100 Ocean Spacerowy Petite&amp;Mars<\/h2>\n<p>niespotykane imiona \u017ce\u0144skie, imi\u0119 nela, jak rozmawia\u0107 z dzie\u0107mi o wojnie, gad\u017cety dla nastolatk\u00f3w 2021, prezent na roczek dziewczynka, przek\u0105ski na urodziny dziecka, lol surprise kolorowanki, kolorowanka pies<\/p>\n<p>yyyyy<\/p>\n<p>&nbsp;<\/p>\n","protected":false},"excerpt":{"rendered":"<p>Petite&amp;Mars Street+ jest wykonany z wysokiej jako\u015bci materia\u0142\u00f3w, w dba\u0142o\u015bci o ka\u017cdy, nawet najmniejszy szczeg\u00f3\u0142. Komfortowy i wygodny dla dziecka, oraz \u0142atwy w prowadzeniu dla rodzic\u00f3w. Petite&amp;Mars Street+ Air Black Limited 100 Ocean Spacerowy Petite&amp;Mars niespotykane imiona \u017ce\u0144skie, imi\u0119 nela, jak rozmawia\u0107 z dzie\u0107mi o wojnie, gad\u017cety dla nastolatk\u00f3w 2021, prezent na roczek dziewczynka, przek\u0105ski [&hellip;]<\/p>\n","protected":false},"featured_media":3742,"comment_status":"closed","ping_status":"open","template":"","meta":[],"product_cat":[1111,71],"product_tag":[777,851,637,830],"class_list":["post-3741","product","type-product","status-publish","has-post-thumbnail","hentry","product_cat-petitemars","product_cat-wozki-spacerowe","product_tag-co-na-roczek","product_tag-jak-narysowac-kota","product_tag-niech-zyja-wakacje-tekst","product_tag-rodzina-cytaty"],"_links":{"self":[{"href":"http:\/\/klubmamgdynia.pl\/index.php\/wp-json\/wp\/v2\/product\/3741","targetHints":{"allow":["GET"]}}],"collection":[{"href":"http:\/\/klubmamgdynia.pl\/index.php\/wp-json\/wp\/v2\/product"}],"about":[{"href":"http:\/\/klubmamgdynia.pl\/index.php\/wp-json\/wp\/v2\/types\/product"}],"replies":[{"embeddable":true,"href":"http:\/\/klubmamgdynia.pl\/index.php\/wp-json\/wp\/v2\/comments?post=3741"}],"wp:featuredmedia":[{"embeddable":true,"href":"http:\/\/klubmamgdynia.pl\/index.php\/wp-json\/wp\/v2\/media\/3742"}],"wp:attachment":[{"href":"http:\/\/klubmamgdynia.pl\/index.php\/wp-json\/wp\/v2\/media?parent=3741"}],"wp:term":[{"taxonomy":"product_cat","embeddable":true,"href":"http:\/\/klubmamgdynia.pl\/index.php\/wp-json\/wp\/v2\/product_cat?post=3741"},{"taxonomy":"product_tag","embeddable":true,"href":"http:\/\/klubmamgdynia.pl\/index.php\/wp-json\/wp\/v2\/product_tag?post=3741"}],"curies":[{"name":"wp","href":"https:\/\/api.w.org\/{rel}","templated":true}]}}