{"id":3743,"date":"2021-06-11T18:45:46","date_gmt":"2021-06-11T16:45:46","guid":{"rendered":"http:\/\/klubmamgdynia.pl\/index.php\/produkt\/kinderkraft-indy-2-wozek-spacerowy-nature-vibes-green\/"},"modified":"2026-04-19T07:16:45","modified_gmt":"2026-04-19T05:16:45","slug":"kinderkraft-indy-2-wozek-spacerowy-nature-vibes-green","status":"publish","type":"product","link":"http:\/\/klubmamgdynia.pl\/index.php\/produkt\/kinderkraft-indy-2-wozek-spacerowy-nature-vibes-green\/","title":{"rendered":"Kinderkraft Indy 2 W\u00f3zek Spacerowy Nature Vibes Green"},"content":{"rendered":"<p>Kinderkraft Indy 2 W\u00f3zek Spacerowy Nature Vibes GreenW\u00f3zek Indy 2 w nowym kolorze Nature Vibes Green<\/p>\n<h2>Kinderkraft Indy 2 W\u00f3zek Spacerowy Nature Vibes Green Kinderkraft<\/h2>\n<p>twarz wiosny do druku, zagadki dla dzieci 7 lat o zwierz\u0119tach, logiczne zagadki dla dzieci, kalendarz adwentowy diy z rolek, spiderman do druku, kolorowanki do wydruku, glupie zagadki, mapa polski do druku, czytanki na dobranoc, wulkan eksperyment, karty pracy dla dzieci z ukrainy do druku, wiersz o g\u00f3rniku, zagadki o psach, kajko i kokosz szko\u0142a latania &#8211; test do wydruku, kolorowanka my little pony, pia, ma\u0142y ksi\u0105\u017ce test, mi\u0142o\u015b\u0107 do dziecka cytaty, milena, wiersz o marzannie<\/p>\n<p>yyyyy<\/p>\n<p>&nbsp;<\/p>\n","protected":false},"excerpt":{"rendered":"<p>Kinderkraft Indy 2 W\u00f3zek Spacerowy Nature Vibes GreenW\u00f3zek Indy 2 w nowym kolorze Nature Vibes Green Kinderkraft Indy 2 W\u00f3zek Spacerowy Nature Vibes Green Kinderkraft twarz wiosny do druku, zagadki dla dzieci 7 lat o zwierz\u0119tach, logiczne zagadki dla dzieci, kalendarz adwentowy diy z rolek, spiderman do druku, kolorowanki do wydruku, glupie zagadki, mapa polski [&hellip;]<\/p>\n","protected":false},"featured_media":3744,"comment_status":"closed","ping_status":"open","template":"","meta":[],"product_cat":[59,71],"product_tag":[685,768,826],"class_list":["post-3743","product","type-product","status-publish","has-post-thumbnail","hentry","product_cat-kinderkraft","product_cat-wozki-spacerowe","product_tag-cytaty-o-rodzinie","product_tag-krotkie-zagadki-logiczne","product_tag-prezent-dla-15-latka"],"_links":{"self":[{"href":"http:\/\/klubmamgdynia.pl\/index.php\/wp-json\/wp\/v2\/product\/3743","targetHints":{"allow":["GET"]}}],"collection":[{"href":"http:\/\/klubmamgdynia.pl\/index.php\/wp-json\/wp\/v2\/product"}],"about":[{"href":"http:\/\/klubmamgdynia.pl\/index.php\/wp-json\/wp\/v2\/types\/product"}],"replies":[{"embeddable":true,"href":"http:\/\/klubmamgdynia.pl\/index.php\/wp-json\/wp\/v2\/comments?post=3743"}],"wp:featuredmedia":[{"embeddable":true,"href":"http:\/\/klubmamgdynia.pl\/index.php\/wp-json\/wp\/v2\/media\/3744"}],"wp:attachment":[{"href":"http:\/\/klubmamgdynia.pl\/index.php\/wp-json\/wp\/v2\/media?parent=3743"}],"wp:term":[{"taxonomy":"product_cat","embeddable":true,"href":"http:\/\/klubmamgdynia.pl\/index.php\/wp-json\/wp\/v2\/product_cat?post=3743"},{"taxonomy":"product_tag","embeddable":true,"href":"http:\/\/klubmamgdynia.pl\/index.php\/wp-json\/wp\/v2\/product_tag?post=3743"}],"curies":[{"name":"wp","href":"https:\/\/api.w.org\/{rel}","templated":true}]}}