{"id":3748,"date":"2015-02-17T18:33:40","date_gmt":"2015-02-17T17:33:40","guid":{"rendered":"http:\/\/klubmamgdynia.pl\/index.php\/produkt\/valco-baby-snap-4-trend-22-greymarle-spacerowy\/"},"modified":"2026-04-17T05:11:17","modified_gmt":"2026-04-17T03:11:17","slug":"valco-baby-snap-4-trend-22-greymarle-spacerowy","status":"publish","type":"product","link":"http:\/\/klubmamgdynia.pl\/index.php\/produkt\/valco-baby-snap-4-trend-22-greymarle-spacerowy\/","title":{"rendered":"Valco Baby Snap 4 Trend 22 Greymarle Spacerowy"},"content":{"rendered":"<p>Valco Baby Snap 4 Trend &#8211; w\u00f3zek spacerowyKolor\/wz\u00f3r: 22 Grey MarleSnap 4 australiskiej marki Valco Baby to przyk\u0142ad w\u00f3zka, kt\u00f3ry zosta\u0142 wykonany z maksymaln\u0105 precyzj\u0105 w trosce o komfort najm\u0142odszych u\u017cytkownik\u00f3w. Snap jest przyjazny dzieciom i rodzicom, co przek\u0142ada si\u0119 na \u0142atwo\u015b\u0107 codziennego u\u017cytkowania. Jego lekka, aluminiowa konstrukcja r\u00f3wnocze\u015bnie cechuje si\u0119 wysok\u0105 wytrzyma\u0142o\u015bci\u0105, dzi\u0119ki czemu jest Snap 4 Trend jest produktem ca\u0142kowicie bezpiecznym dla dziecka.Poprzez wpi\u0119cie dedykowanych adapter\u00f3w, istnieje mo\u017cliwo\u015b\u0107 stworzenia kompleksowego systemu podr\u00f3\u017cnego, niezb\u0119dnego elementu przy codziennych woja\u017cach z dzieckiem.W zestawie:w\u00f3zek spacerowyos\u0142onka na n\u00f3\u017ckiCechy charakterystyczneBudkaObszerna budka z przed\u0142u\u017ceniem pozwoli na zapewnienie optymalnej ochrony w s\u0142oneczne dni, szczeg\u00f3lnie, kiedy &#8211; tak jak budka Snap 4 Trend &#8211; zosta\u0142a wyposa\u017cona w system wentylacyjny!Wygodny uchwytR\u0105czk\u0119 w\u00f3zka mo\u017cesz regulowa\u0107 w trzech poziomach &#8211; dzi\u0119ki temu dostosujesz j\u0105 do wzrostu swojego b\u0105d\u017a osoby, kt\u00f3ra zamieni Ci\u0119 w prowadzeniu w\u00f3zka. Dla zwi\u0119kszenia komfortu osoby kieruj\u0105cej w\u00f3zkiem, r\u0105czk\u0119 pokryto materia\u0142em z eko-sk\u00f3ry, kt\u00f3ry dodatkowo jest niezwykle przyjazny czyszczeniu.SiedziskoObszerne siedzisko zapewni ka\u017cdemu maluchowi wyj\u0105tkowo du\u017co miejsca, dzi\u0119ki czemu ka\u017cda wyprawa jest tak samo komfortowa. Tapicerka, z kt\u00f3rej zosta\u0142o obite siedzisko, stylowo si\u0119 prezentuje oraz jest odporna na zagniecenia.Regulowane oparcie i podn\u00f3\u017cekOparcie oraz podn\u00f3\u017cek z p\u0142ynn\u0105 regulacj\u0105 pozwala na zachowanie wygody niezale\u017cnie od okoliczno\u015bci. Regulacja oparcia do pozycji le\u017c\u0105cej pozwoli na u\u017cytkowanie w\u00f3zka ju\u017c od narodzin dziecka.ZabezpieczeniaSnap 4 Trend zosta\u0142 wyposa\u017cony w 5-punktowe pasy bezpiecze\u0144stwa z mi\u0119kkimi nak\u0142adkami oraz pa\u0142\u0105k ochronny &#8211; dzi\u0119ki temu, maluch mo\u017ce cieszy\u0107 si\u0119 poczuciem bezpiecze\u0144stwa podczas ka\u017cdego spaceru. Pa\u0142\u0105k zosta\u0142 obszyty eko-sk\u00f3r\u0105 oraz posiada mo\u017cliwo\u015b\u0107 jednostronnego wypi\u0119cia.Kosz zakupowyW\u00f3zek zosta\u0142 obdarzony obszernym koszem zakupowym, kt\u00f3rego maksymalne obci\u0105\u017cenie wynosi 5 kg. Dzi\u0119ki niemu zakupy mog\u0105 nie mie\u0107 ko\u0144ca!Ko\u0142aSnap 4 Trend posiada bezd\u0119tkowe ko\u0142a stworzone z wytrzyma\u0142ej pianki Eva. Przednie ko\u0142a s\u0105 obrotowe z mo\u017cliwo\u015bci\u0105 blokady. No\u017cny system hamulcowy jest \u0142atwy w obs\u0142udze i idealnie sprawdzi si\u0119 w czasie postoju.System podr\u00f3\u017cnyWystarczy wpi\u0105\u0107 odpowiednie adaptery, a nast\u0119pnie gondol\u0119 lub fotelik samochodowy, aby w pe\u0142ni cieszy\u0107 si\u0119 kompleksowym systemem podr\u00f3\u017cnym!Sk\u0142adanieSystem sk\u0142adania w\u00f3zka jest prosty &#8211; mechanizm dwuprzyciskowego sk\u0142adania zosta\u0142 ukryty w r\u0105czce. W\u00f3zek sk\u0142ada si\u0119 do wewn\u0105trz, a po z\u0142o\u017ceniu osi\u0105ga kompaktowe rozmiary i jest w\u00f3zkiem wolnostoj\u0105cym. Automatyczna blokada uniemo\u017cliwi niekontrolowane otwarcie si\u0119 konstrukcji.SpecyfikacjaWaga8 kgWymiaryok. 100 x 53 x 108 cmWymiary po z\u0142o\u017ceniu74 x 53 x 28 cmSiedzisko35 x 22 cmSiedzisko + podn\u00f3\u017cek35 x 47 cmCa\u0142kowita d\u0142ugo\u015b\u0107 siedziska roz\u0142o\u017conego95 cmWysoko\u015b\u0107 oparcia48 cmKo\u0142a (ty\u0142\/prz\u00f3d)23,5 \/ 19,5 cmMaksymalne obci\u0105\u017cenie kosza5 kgMaksymalna waga dziecka15 kgMaksymalne obci\u0105\u017cenie w\u00f3zka20 kgAkcesoria<div class=\"woocommerce \"><ul class=\"products columns-6\">\n<li class=\"product type-product post-3619 status-publish first instock product_cat-fillikid product_cat-komody-kapielowe-wanienki-i-przewijaki product_tag-cytaty-o-przyjazni product_tag-julian product_tag-zagadki-dla-dzieci product_tag-zgadywanki has-post-thumbnail product-type-external\">\n\t<\/li>\n<\/ul>\n<\/div><\/p>\n<h2>Valco Baby Snap 4 Trend 22 Greymarle Spacerowy Valco<\/h2>\n<p>bajka o biedronce, dymitr, maski do wydruku, malowanka do druku, psikusy na prima aprilis, prezent dla nastoletniego ch\u0142opca, jednoro\u017cec kolorowanka do druku, zimowe zagadki dla dzieci, kolorowanka \u015bwinka peppa, kolorowanki ninjago, anio\u0142ki do druku, zabawy ruchowe dla dzieci w przedszkolu<\/p>\n<p>yyyyy<\/p>\n<p>&nbsp;<\/p>\n","protected":false},"excerpt":{"rendered":"<p>Valco Baby Snap 4 Trend &#8211; w\u00f3zek spacerowyKolor\/wz\u00f3r: 22 Grey MarleSnap 4 australiskiej marki Valco Baby to przyk\u0142ad w\u00f3zka, kt\u00f3ry zosta\u0142 wykonany z maksymaln\u0105 precyzj\u0105 w trosce o komfort najm\u0142odszych u\u017cytkownik\u00f3w. Snap jest przyjazny dzieciom i rodzicom, co przek\u0142ada si\u0119 na \u0142atwo\u015b\u0107 codziennego u\u017cytkowania. Jego lekka, aluminiowa konstrukcja r\u00f3wnocze\u015bnie cechuje si\u0119 wysok\u0105 wytrzyma\u0142o\u015bci\u0105, dzi\u0119ki czemu [&hellip;]<\/p>\n","protected":false},"featured_media":3749,"comment_status":"closed","ping_status":"open","template":"","meta":[],"product_cat":[1112,71],"product_tag":[658,803,601],"class_list":["post-3748","product","type-product","status-publish","has-post-thumbnail","hentry","product_cat-valco","product_cat-wozki-spacerowe","product_tag-alan-znaczenie-imienia","product_tag-szlaczki-do-druku","product_tag-zagadki-co-to-jest"],"_links":{"self":[{"href":"http:\/\/klubmamgdynia.pl\/index.php\/wp-json\/wp\/v2\/product\/3748","targetHints":{"allow":["GET"]}}],"collection":[{"href":"http:\/\/klubmamgdynia.pl\/index.php\/wp-json\/wp\/v2\/product"}],"about":[{"href":"http:\/\/klubmamgdynia.pl\/index.php\/wp-json\/wp\/v2\/types\/product"}],"replies":[{"embeddable":true,"href":"http:\/\/klubmamgdynia.pl\/index.php\/wp-json\/wp\/v2\/comments?post=3748"}],"wp:featuredmedia":[{"embeddable":true,"href":"http:\/\/klubmamgdynia.pl\/index.php\/wp-json\/wp\/v2\/media\/3749"}],"wp:attachment":[{"href":"http:\/\/klubmamgdynia.pl\/index.php\/wp-json\/wp\/v2\/media?parent=3748"}],"wp:term":[{"taxonomy":"product_cat","embeddable":true,"href":"http:\/\/klubmamgdynia.pl\/index.php\/wp-json\/wp\/v2\/product_cat?post=3748"},{"taxonomy":"product_tag","embeddable":true,"href":"http:\/\/klubmamgdynia.pl\/index.php\/wp-json\/wp\/v2\/product_tag?post=3748"}],"curies":[{"name":"wp","href":"https:\/\/api.w.org\/{rel}","templated":true}]}}