{"id":375,"date":"2012-04-14T05:17:15","date_gmt":"2012-04-14T03:17:15","guid":{"rendered":"http:\/\/klubmamgdynia.pl\/index.php\/produkt\/bloom-stelaz-krzeselka-fresco-chrome-zloty-roz-czarny\/"},"modified":"2026-04-23T07:58:15","modified_gmt":"2026-04-23T05:58:15","slug":"bloom-stelaz-krzeselka-fresco-chrome-zloty-roz-czarny","status":"publish","type":"product","link":"http:\/\/klubmamgdynia.pl\/index.php\/produkt\/bloom-stelaz-krzeselka-fresco-chrome-zloty-roz-czarny\/","title":{"rendered":"Bloom Stela\u017c Krzese\u0142ka Fresco Chrome Z\u0142oty R\u00f3\u017c\/Czarny"},"content":{"rendered":"<p>Bloom Fresco Chrome Stela\u017c Krzese\u0142ka Premium Gold<\/p>\n<h2>Bloom Stela\u017c Krzese\u0142ka Fresco Chrome Z\u0142oty R\u00f3\u017c\/Czarny Bloom<\/h2>\n<p>park ujazdowski, trudne zagadki z odpowiedziami, imie nadia, ci\u0119\u017ckie zagadki, kr\u00f3tkie \u017cyczenia wielkanocne dla dzieci, zagadki logiczne trudne, zyczenia walentynkowe dla dzieci, prezenty dla 15 latki, sk\u0142adniki do pizzy kolorowanka, test z lektury kajko i kokosz szko\u0142a latania, miriam imie, szlaczki literopodobne do wydruku, j\u0119zyk polski dla dzieci z ukrainy, sentencje o przyja\u017ani, maska wilka szablon, \u017carty prima aprilis, kolorowanki dla dziewczynek, bajki dla dzieci do czytania<\/p>\n<p>yyyyy<\/p>\n<p>&nbsp;<\/p>\n","protected":false},"excerpt":{"rendered":"<p>Bloom Fresco Chrome Stela\u017c Krzese\u0142ka Premium Gold Bloom Stela\u017c Krzese\u0142ka Fresco Chrome Z\u0142oty R\u00f3\u017c\/Czarny Bloom park ujazdowski, trudne zagadki z odpowiedziami, imie nadia, ci\u0119\u017ckie zagadki, kr\u00f3tkie \u017cyczenia wielkanocne dla dzieci, zagadki logiczne trudne, zyczenia walentynkowe dla dzieci, prezenty dla 15 latki, sk\u0142adniki do pizzy kolorowanka, test z lektury kajko i kokosz szko\u0142a latania, miriam imie, [&hellip;]<\/p>\n","protected":false},"featured_media":376,"comment_status":"closed","ping_status":"open","template":"","meta":[],"product_cat":[157,158],"product_tag":[834,750,663,739,661],"class_list":["post-375","product","type-product","status-publish","has-post-thumbnail","hentry","product_cat-bloom","product_cat-krzeselka-do-karmienia","product_tag-bajka-do-czytania-na-dobranoc","product_tag-imie-kostek","product_tag-kolorowanki-dla-dzieci-do-druku","product_tag-prima-aprilis-w-szkole","product_tag-swinka-peppa-kolorowanka"],"_links":{"self":[{"href":"http:\/\/klubmamgdynia.pl\/index.php\/wp-json\/wp\/v2\/product\/375","targetHints":{"allow":["GET"]}}],"collection":[{"href":"http:\/\/klubmamgdynia.pl\/index.php\/wp-json\/wp\/v2\/product"}],"about":[{"href":"http:\/\/klubmamgdynia.pl\/index.php\/wp-json\/wp\/v2\/types\/product"}],"replies":[{"embeddable":true,"href":"http:\/\/klubmamgdynia.pl\/index.php\/wp-json\/wp\/v2\/comments?post=375"}],"wp:featuredmedia":[{"embeddable":true,"href":"http:\/\/klubmamgdynia.pl\/index.php\/wp-json\/wp\/v2\/media\/376"}],"wp:attachment":[{"href":"http:\/\/klubmamgdynia.pl\/index.php\/wp-json\/wp\/v2\/media?parent=375"}],"wp:term":[{"taxonomy":"product_cat","embeddable":true,"href":"http:\/\/klubmamgdynia.pl\/index.php\/wp-json\/wp\/v2\/product_cat?post=375"},{"taxonomy":"product_tag","embeddable":true,"href":"http:\/\/klubmamgdynia.pl\/index.php\/wp-json\/wp\/v2\/product_tag?post=375"}],"curies":[{"name":"wp","href":"https:\/\/api.w.org\/{rel}","templated":true}]}}