{"id":3752,"date":"2025-10-01T04:16:47","date_gmt":"2025-10-01T02:16:47","guid":{"rendered":"http:\/\/klubmamgdynia.pl\/?post_type=product&#038;p=3752"},"modified":"2026-04-05T22:32:12","modified_gmt":"2026-04-05T20:32:12","slug":"vitalcare-pasta-do-zebow-sponge-bob-toothpaste-75ml","status":"publish","type":"product","link":"http:\/\/klubmamgdynia.pl\/index.php\/produkt\/vitalcare-pasta-do-zebow-sponge-bob-toothpaste-75ml\/","title":{"rendered":"Vitalcare Pasta Do Z\u0119b\u00f3w Sponge Bob Toothpaste 75Ml"},"content":{"rendered":"<p>VitalCare Sponge Bob Toothpaste &#8211; Pasta do z\u0119b\u00f3w dla dzieci<\/p>\n<h2>Vitalcare Pasta Do Z\u0119b\u00f3w Sponge Bob Toothpaste 75Ml Vitalcare<\/h2>\n<p>test z pana kleksa, tekst kolysanek, zgadywanki dla dzieci, zagadki wiosna, prezent dla pi\u0119tnastolatka, prezent roczek, izabela imie, malgorzata znaczenie imienia, piosenka przyjed\u017a do nas miko\u0142aju, piosenka przyjed\u017a do nas miko\u0142aju, prezenty na roczek dla dziewczynki, ba\u0142wanek do druku, rysunki do druku, bajka o \u017cabie, zagadki na myslenie, kolorowanka peppa do druku, kawaly na prima aprilis, podchwytliwe zagadki, zagadki logiczne na inteligencj\u0119, weso\u0142e pisanki tekst<\/p>\n<p>yyyyy<\/p>\n<p>&nbsp;<\/p>\n","protected":false},"excerpt":{"rendered":"<p>VitalCare Sponge Bob Toothpaste &#8211; Pasta do z\u0119b\u00f3w dla dzieci Vitalcare Pasta Do Z\u0119b\u00f3w Sponge Bob Toothpaste 75Ml Vitalcare test z pana kleksa, tekst kolysanek, zgadywanki dla dzieci, zagadki wiosna, prezent dla pi\u0119tnastolatka, prezent roczek, izabela imie, malgorzata znaczenie imienia, piosenka przyjed\u017a do nas miko\u0142aju, piosenka przyjed\u017a do nas miko\u0142aju, prezenty na roczek dla dziewczynki, [&hellip;]<\/p>\n","protected":false},"featured_media":3753,"comment_status":"closed","ping_status":"open","template":"","meta":[],"product_cat":[474,1114],"product_tag":[683,690,830,738],"class_list":["post-3752","product","type-product","status-publish","has-post-thumbnail","hentry","product_cat-kosmetyki-dla-dzieci-i-niemowlat","product_cat-vitalcare","product_tag-karaluchy-pod-poduchy","product_tag-pieski-male-dwa-tekst","product_tag-rodzina-cytaty","product_tag-wroclaw-dla-dzieci"],"_links":{"self":[{"href":"http:\/\/klubmamgdynia.pl\/index.php\/wp-json\/wp\/v2\/product\/3752","targetHints":{"allow":["GET"]}}],"collection":[{"href":"http:\/\/klubmamgdynia.pl\/index.php\/wp-json\/wp\/v2\/product"}],"about":[{"href":"http:\/\/klubmamgdynia.pl\/index.php\/wp-json\/wp\/v2\/types\/product"}],"replies":[{"embeddable":true,"href":"http:\/\/klubmamgdynia.pl\/index.php\/wp-json\/wp\/v2\/comments?post=3752"}],"wp:featuredmedia":[{"embeddable":true,"href":"http:\/\/klubmamgdynia.pl\/index.php\/wp-json\/wp\/v2\/media\/3753"}],"wp:attachment":[{"href":"http:\/\/klubmamgdynia.pl\/index.php\/wp-json\/wp\/v2\/media?parent=3752"}],"wp:term":[{"taxonomy":"product_cat","embeddable":true,"href":"http:\/\/klubmamgdynia.pl\/index.php\/wp-json\/wp\/v2\/product_cat?post=3752"},{"taxonomy":"product_tag","embeddable":true,"href":"http:\/\/klubmamgdynia.pl\/index.php\/wp-json\/wp\/v2\/product_tag?post=3752"}],"curies":[{"name":"wp","href":"https:\/\/api.w.org\/{rel}","templated":true}]}}