{"id":3754,"date":"2016-03-03T13:26:32","date_gmt":"2016-03-03T12:26:32","guid":{"rendered":"http:\/\/klubmamgdynia.pl\/index.php\/produkt\/bambik-chusteczki-dla-niemowlat-z-ekstraktem-lipy-15szt\/"},"modified":"2026-04-30T13:07:11","modified_gmt":"2026-04-30T11:07:11","slug":"bambik-chusteczki-dla-niemowlat-z-ekstraktem-lipy-15szt","status":"publish","type":"product","link":"http:\/\/klubmamgdynia.pl\/index.php\/produkt\/bambik-chusteczki-dla-niemowlat-z-ekstraktem-lipy-15szt\/","title":{"rendered":"Bambik Chusteczki Dla Niemowl\u0105t Z Ekstraktem Lipy 15Szt."},"content":{"rendered":"<p>Bambik Baby Wet Wipes &#8211; Chusteczki dla niemowl\u0105t z ekstraktem z lipy, 15 szt.<\/p>\n<h2>Bambik Chusteczki Dla Niemowl\u0105t Z Ekstraktem Lipy 15Szt. <\/h2>\n<p>super zings kolorowanka, pomys\u0142y na pakowanie prezent\u00f3w, cytaty o dziecku, test z lektury dynastia mizio\u0142k\u00f3w, marcelina imi\u0119, prezenty dla m\u0142odzie\u017cy, bajka psi patrol do czytania, quizy o koniach, choinko pi\u0119kna jak las tekst, szczotka pasta kubek ciep\u0142a woda tekst, adriana imi\u0119, testy na znaki drogowe, stare bajki, dzie\u0144 misia 2021<\/p>\n<p>yyyyy<\/p>\n<p>&nbsp;<\/p>\n","protected":false},"excerpt":{"rendered":"<p>Bambik Baby Wet Wipes &#8211; Chusteczki dla niemowl\u0105t z ekstraktem z lipy, 15 szt. Bambik Chusteczki Dla Niemowl\u0105t Z Ekstraktem Lipy 15Szt. super zings kolorowanka, pomys\u0142y na pakowanie prezent\u00f3w, cytaty o dziecku, test z lektury dynastia mizio\u0142k\u00f3w, marcelina imi\u0119, prezenty dla m\u0142odzie\u017cy, bajka psi patrol do czytania, quizy o koniach, choinko pi\u0119kna jak las tekst, [&hellip;]<\/p>\n","protected":false},"featured_media":3755,"comment_status":"closed","ping_status":"open","template":"","meta":[],"product_cat":[474],"product_tag":[603,638,862,751,873],"class_list":["post-3754","product","type-product","status-publish","has-post-thumbnail","hentry","product_cat-kosmetyki-dla-dzieci-i-niemowlat","product_tag-bajki-do-czytania","product_tag-miastodzieci","product_tag-nasza-zima-zla-tekst","product_tag-psi-patrol-kolorowanka","product_tag-zagadki-z-odpowiedziami-dla-dzieci"],"_links":{"self":[{"href":"http:\/\/klubmamgdynia.pl\/index.php\/wp-json\/wp\/v2\/product\/3754","targetHints":{"allow":["GET"]}}],"collection":[{"href":"http:\/\/klubmamgdynia.pl\/index.php\/wp-json\/wp\/v2\/product"}],"about":[{"href":"http:\/\/klubmamgdynia.pl\/index.php\/wp-json\/wp\/v2\/types\/product"}],"replies":[{"embeddable":true,"href":"http:\/\/klubmamgdynia.pl\/index.php\/wp-json\/wp\/v2\/comments?post=3754"}],"wp:featuredmedia":[{"embeddable":true,"href":"http:\/\/klubmamgdynia.pl\/index.php\/wp-json\/wp\/v2\/media\/3755"}],"wp:attachment":[{"href":"http:\/\/klubmamgdynia.pl\/index.php\/wp-json\/wp\/v2\/media?parent=3754"}],"wp:term":[{"taxonomy":"product_cat","embeddable":true,"href":"http:\/\/klubmamgdynia.pl\/index.php\/wp-json\/wp\/v2\/product_cat?post=3754"},{"taxonomy":"product_tag","embeddable":true,"href":"http:\/\/klubmamgdynia.pl\/index.php\/wp-json\/wp\/v2\/product_tag?post=3754"}],"curies":[{"name":"wp","href":"https:\/\/api.w.org\/{rel}","templated":true}]}}