{"id":3756,"date":"2024-07-13T02:57:51","date_gmt":"2024-07-13T00:57:51","guid":{"rendered":"http:\/\/klubmamgdynia.pl\/?post_type=product&#038;p=3756"},"modified":"2026-05-17T22:13:24","modified_gmt":"2026-05-17T20:13:24","slug":"swederm-hudsalva-100-ml","status":"publish","type":"product","link":"http:\/\/klubmamgdynia.pl\/index.php\/produkt\/swederm-hudsalva-100-ml\/","title":{"rendered":"Swederm Hudsalva 100 ml"},"content":{"rendered":"<p>Swederm Hudsalva 100 ml<\/p>\n<h2>Swederm Hudsalva 100 ml Swederm<\/h2>\n<p>cytat o rodzinie, prezenty dla nastolatk\u00f3w 2021, bezwarunkowa mi\u0142o\u015b\u0107 do dziecka cytaty, rzadkie imiona \u017ce\u0144skie, jedzie poci\u0105g z daleka tekst, co na roczek dla ch\u0142opca, babciu droga babciu tekst, mitologia test, filmy rodzinne na halloween, wiosenne zagadki<\/p>\n<p>yyyyy<\/p>\n<p>&nbsp;<\/p>\n","protected":false},"excerpt":{"rendered":"<p>Swederm Hudsalva 100 ml Swederm Hudsalva 100 ml Swederm cytat o rodzinie, prezenty dla nastolatk\u00f3w 2021, bezwarunkowa mi\u0142o\u015b\u0107 do dziecka cytaty, rzadkie imiona \u017ce\u0144skie, jedzie poci\u0105g z daleka tekst, co na roczek dla ch\u0142opca, babciu droga babciu tekst, mitologia test, filmy rodzinne na halloween, wiosenne zagadki yyyyy &nbsp;<\/p>\n","protected":false},"featured_media":3757,"comment_status":"closed","ping_status":"open","template":"","meta":[],"product_cat":[134,1115],"product_tag":[740,768,657,643,835],"class_list":["post-3756","product","type-product","status-publish","has-post-thumbnail","hentry","product_cat-dermokosmetyki","product_cat-swederm","product_tag-fajne-prezenty-dla-nastolatkow","product_tag-krotkie-zagadki-logiczne","product_tag-lol-kolorowanka","product_tag-prezent-dla-17-latki","product_tag-radosc-dziecka-cytaty"],"_links":{"self":[{"href":"http:\/\/klubmamgdynia.pl\/index.php\/wp-json\/wp\/v2\/product\/3756","targetHints":{"allow":["GET"]}}],"collection":[{"href":"http:\/\/klubmamgdynia.pl\/index.php\/wp-json\/wp\/v2\/product"}],"about":[{"href":"http:\/\/klubmamgdynia.pl\/index.php\/wp-json\/wp\/v2\/types\/product"}],"replies":[{"embeddable":true,"href":"http:\/\/klubmamgdynia.pl\/index.php\/wp-json\/wp\/v2\/comments?post=3756"}],"wp:featuredmedia":[{"embeddable":true,"href":"http:\/\/klubmamgdynia.pl\/index.php\/wp-json\/wp\/v2\/media\/3757"}],"wp:attachment":[{"href":"http:\/\/klubmamgdynia.pl\/index.php\/wp-json\/wp\/v2\/media?parent=3756"}],"wp:term":[{"taxonomy":"product_cat","embeddable":true,"href":"http:\/\/klubmamgdynia.pl\/index.php\/wp-json\/wp\/v2\/product_cat?post=3756"},{"taxonomy":"product_tag","embeddable":true,"href":"http:\/\/klubmamgdynia.pl\/index.php\/wp-json\/wp\/v2\/product_tag?post=3756"}],"curies":[{"name":"wp","href":"https:\/\/api.w.org\/{rel}","templated":true}]}}