{"id":3758,"date":"2018-06-03T22:38:41","date_gmt":"2018-06-03T20:38:41","guid":{"rendered":"http:\/\/klubmamgdynia.pl\/index.php\/produkt\/avene-cleanance-krem-koloryzujacy-bardzo-wysoka-ochrona-spf-50-50-ml\/"},"modified":"2026-05-17T22:38:54","modified_gmt":"2026-05-17T20:38:54","slug":"avene-cleanance-krem-koloryzujacy-bardzo-wysoka-ochrona-spf-50-50-ml","status":"publish","type":"product","link":"http:\/\/klubmamgdynia.pl\/index.php\/produkt\/avene-cleanance-krem-koloryzujacy-bardzo-wysoka-ochrona-spf-50-50-ml\/","title":{"rendered":"Avene, Cleanance Krem koloryzuj\u0105cy Bardzo wysoka ochrona SPF 50+, 50 ml"},"content":{"rendered":"<p>Bardzo wysoka ochrona przeciws\u0142oneczna do stosowania na twarz i szyj\u0119. Przeznaczona do sk\u00f3ry t\u0142ustej i sk\u0142onnej do niedoskona\u0142o\u015bci. Zawiera filtr TriAsorBTM o ultraszerokim spektrum ochrony przed promieniowaniem UVB, UVA oraz HEV \u015bwiat\u0142em niebieskim. Pomaga zapobiega\u0107 pojawianiu si\u0119 plam na sk\u00f3rze wywo\u0142anych ekspozycj\u0105 na s\u0142o\u0144ce. Ujednolica koloryt sk\u00f3ry. Wodoodporny. Nie szczypie w oczy. Zawiera koloryzuj\u0105cy filtr przeciw \u015bwiat\u0142u niebieskiemu.SK\u0141AD:AVENE THERMAL SPRING WATER (AVENE AQUA). C12-15 ALKYL BENZOATE. DIETHYLAMINO HYDROXYBENZOYL HEXYL BENZOATE. ETHYLHEXYL TRIAZONE. PHENYLENE BIS-DIPHENYLTRIAZINE . WATER (AQUA). GLYCERIN. BIS-ETHYLHEXYLOXYPHENOL METHOXYPHENYL TRIAZINE. TITANIUM DIOXIDE (Cl 77891). POTASSIUM CETYL PHOSPHATE. ORYZA SATIVA (RICE) STARCH (ORYZA SATIVA STARCH). ISONONYL ISONONANOATE. GLYCERYL LAURATE. GLYCERYL STEARATE. STEARYL ALCOHOL. TAPIOCA STARCH. VP\/EICOSENE COPOLYMER. ALUMINA. BENZOIC ACID. CAPRYLIC\/CAPRIC TRIGLYCERIDE. CAPRYLYL GLYCOL. FRAGRANCE (PARFUM). GLYCERYL BEHENATE. GLYCERYL DIBEHENATE. IRON OXIDES (CI 77492) (CI 77491) (CI 77499). ISOPROPYL MYRISTATE. ISOPROPYL TITANIUM TRIISOSTEARATE. POLYHYDROXYSTEARIC ACID. PPG-1-PEG-9 LAURYL GLYCOL ETHER. PROPYLENE CARBONATE. STEARALKONIUM HECTORITE. TOCOPHERYL GLUCOSIDE. TRIBEHENIN. XANTHAN GUM. ZINC GLUCONATE.STOSOWANIE:Przed ekspozycj\u0105 na s\u0142o\u0144ce, na\u0142o\u017cy\u0107 ilo\u015b\u0107 produktu odpowiadaj\u0105cy jednemu palcu na obszar twarzy i szyi u osoby doros\u0142ej, zmniejszenie ilo\u015bci znacznie zmniejszy poziom ochrony. W celu utrzymania ochrony, nale\u017cy cz\u0119sto ponawia\u0107 aplikacje produktu, zw\u0142aszcza po p\u0142ywaniu, spoceniu si\u0119 lub wytarciu sk\u00f3ry r\u0119cznikiem. Nie nale\u017cy zbyt d\u0142ugo przebywa\u0107 na s\u0142o\u0144cu, nawet przy stosowaniu produktu do ochrony przeciws\u0142onecznej. Zbyt d\u0142uga ekspozycja s\u0142oneczna jest niebezpieczna. Nale\u017cy unika\u0107 ekspozycji s\u0142onecznej pomi\u0119dzy godzin\u0105 11:00 a 16:00. Niemowl\u0119ta i ma\u0142e dzieci nie powinny by\u0107 bezpo\u015brednio wystawiane na s\u0142o\u0144ce. Nale\u017cy nosi\u0107 odzie\u017c ochronn\u0105 (kapelusz przeciws\u0142oneczny okulary przeciws\u0142oneczne, koszulk\u0119 itp.). Unika\u0107 kontaktu z tkaninami. Unika\u0107 kontaktu z oczami. W przypadku dostania si\u0119 produktu do oczu, nale\u017cy przemy\u0107 je czyst\u0105 wod\u0105.<\/p>\n<h2>Avene, Cleanance Krem koloryzuj\u0105cy Bardzo wysoka ochrona SPF 50+, 50 ml Pierre Fabre<\/h2>\n<p>kolorowanki star wars, zagadki logiczne \u015bmieszne, trudne zagadki dla doros\u0142ych, janusz korczak cytaty, kolorowanka lego, szablon krokus kolorowanka, cytaty o dziecku, jak narysowa\u0107 psa<\/p>\n<p>yyyyy<\/p>\n<p>&nbsp;<\/p>\n","protected":false},"excerpt":{"rendered":"<p>Bardzo wysoka ochrona przeciws\u0142oneczna do stosowania na twarz i szyj\u0119. Przeznaczona do sk\u00f3ry t\u0142ustej i sk\u0142onnej do niedoskona\u0142o\u015bci. Zawiera filtr TriAsorBTM o ultraszerokim spektrum ochrony przed promieniowaniem UVB, UVA oraz HEV \u015bwiat\u0142em niebieskim. Pomaga zapobiega\u0107 pojawianiu si\u0119 plam na sk\u00f3rze wywo\u0142anych ekspozycj\u0105 na s\u0142o\u0144ce. Ujednolica koloryt sk\u00f3ry. Wodoodporny. Nie szczypie w oczy. Zawiera koloryzuj\u0105cy filtr [&hellip;]<\/p>\n","protected":false},"featured_media":3759,"comment_status":"closed","ping_status":"open","template":"","meta":[],"product_cat":[134,1116],"product_tag":[700,821,644,594],"class_list":["post-3758","product","type-product","status-publish","has-post-thumbnail","hentry","product_cat-dermokosmetyki","product_cat-pierre-fabre","product_tag-bajki-do-czytania-dla-dzieci","product_tag-marianna","product_tag-mia","product_tag-podchwytliwe-zagadki-dla-dzieci"],"_links":{"self":[{"href":"http:\/\/klubmamgdynia.pl\/index.php\/wp-json\/wp\/v2\/product\/3758","targetHints":{"allow":["GET"]}}],"collection":[{"href":"http:\/\/klubmamgdynia.pl\/index.php\/wp-json\/wp\/v2\/product"}],"about":[{"href":"http:\/\/klubmamgdynia.pl\/index.php\/wp-json\/wp\/v2\/types\/product"}],"replies":[{"embeddable":true,"href":"http:\/\/klubmamgdynia.pl\/index.php\/wp-json\/wp\/v2\/comments?post=3758"}],"wp:featuredmedia":[{"embeddable":true,"href":"http:\/\/klubmamgdynia.pl\/index.php\/wp-json\/wp\/v2\/media\/3759"}],"wp:attachment":[{"href":"http:\/\/klubmamgdynia.pl\/index.php\/wp-json\/wp\/v2\/media?parent=3758"}],"wp:term":[{"taxonomy":"product_cat","embeddable":true,"href":"http:\/\/klubmamgdynia.pl\/index.php\/wp-json\/wp\/v2\/product_cat?post=3758"},{"taxonomy":"product_tag","embeddable":true,"href":"http:\/\/klubmamgdynia.pl\/index.php\/wp-json\/wp\/v2\/product_tag?post=3758"}],"curies":[{"name":"wp","href":"https:\/\/api.w.org\/{rel}","templated":true}]}}