{"id":3760,"date":"2019-09-18T07:40:42","date_gmt":"2019-09-18T05:40:42","guid":{"rendered":"http:\/\/klubmamgdynia.pl\/index.php\/produkt\/sanofi-aventis-emolium-dermocare-szampon-nawilzajacy-od-1-miesiaca-400ml\/"},"modified":"2026-05-17T22:57:53","modified_gmt":"2026-05-17T20:57:53","slug":"sanofi-aventis-emolium-dermocare-szampon-nawilzajacy-od-1-miesiaca-400ml","status":"publish","type":"product","link":"http:\/\/klubmamgdynia.pl\/index.php\/produkt\/sanofi-aventis-emolium-dermocare-szampon-nawilzajacy-od-1-miesiaca-400ml\/","title":{"rendered":"Sanofi-Aventis Emolium Dermocare, Szampon Nawil\u017caj\u0105cy Od 1 Miesi\u0105ca, 400Ml"},"content":{"rendered":"<p>Emolium Dermocare Szampon Nawil\u017caj\u0105cy jest produktem do wra\u017cliwej i sk\u0142onnej do podra\u017cnie\u0144 sk\u00f3ry g\u0142owy. Przeznaczony jest do codziennej piel\u0119gnacji w\u0142os\u00f3w dla doros\u0142ych i dzieci po 1. miesi\u0105cu \u017cycia.<\/p>\n<h2>Sanofi-Aventis Emolium Dermocare, Szampon Nawil\u017caj\u0105cy Od 1 Miesi\u0105ca, 400Ml Perrigo<\/h2>\n<p>trudne zagadki i odpowiedzi, mira imie, ko\u0142ysanki teksty, pia, test z lektury pies kt\u00f3ry je\u017adzi\u0142 kolej\u0105, liwia, kwiaty polne nazwy i zdj\u0119cia, pomys\u0142y na prezent na roczek, wzruszaj\u0105c\u0105 piosenka dla taty<\/p>\n<p>yyyyy<\/p>\n<p>&nbsp;<\/p>\n","protected":false},"excerpt":{"rendered":"<p>Emolium Dermocare Szampon Nawil\u017caj\u0105cy jest produktem do wra\u017cliwej i sk\u0142onnej do podra\u017cnie\u0144 sk\u00f3ry g\u0142owy. Przeznaczony jest do codziennej piel\u0119gnacji w\u0142os\u00f3w dla doros\u0142ych i dzieci po 1. miesi\u0105cu \u017cycia. Sanofi-Aventis Emolium Dermocare, Szampon Nawil\u017caj\u0105cy Od 1 Miesi\u0105ca, 400Ml Perrigo trudne zagadki i odpowiedzi, mira imie, ko\u0142ysanki teksty, pia, test z lektury pies kt\u00f3ry je\u017adzi\u0142 kolej\u0105, liwia, [&hellip;]<\/p>\n","protected":false},"featured_media":3761,"comment_status":"closed","ping_status":"open","template":"","meta":[],"product_cat":[134,509],"product_tag":[797,717,591,592,800,805],"class_list":["post-3760","product","type-product","status-publish","has-post-thumbnail","hentry","product_cat-dermokosmetyki","product_cat-perrigo","product_tag-kiekrz","product_tag-prezent-roczek","product_tag-quiz-o-minecraft","product_tag-zagadki-dla-dzieci","product_tag-zagadki-smieszne","product_tag-znaczenie-imienia-alan"],"_links":{"self":[{"href":"http:\/\/klubmamgdynia.pl\/index.php\/wp-json\/wp\/v2\/product\/3760","targetHints":{"allow":["GET"]}}],"collection":[{"href":"http:\/\/klubmamgdynia.pl\/index.php\/wp-json\/wp\/v2\/product"}],"about":[{"href":"http:\/\/klubmamgdynia.pl\/index.php\/wp-json\/wp\/v2\/types\/product"}],"replies":[{"embeddable":true,"href":"http:\/\/klubmamgdynia.pl\/index.php\/wp-json\/wp\/v2\/comments?post=3760"}],"wp:featuredmedia":[{"embeddable":true,"href":"http:\/\/klubmamgdynia.pl\/index.php\/wp-json\/wp\/v2\/media\/3761"}],"wp:attachment":[{"href":"http:\/\/klubmamgdynia.pl\/index.php\/wp-json\/wp\/v2\/media?parent=3760"}],"wp:term":[{"taxonomy":"product_cat","embeddable":true,"href":"http:\/\/klubmamgdynia.pl\/index.php\/wp-json\/wp\/v2\/product_cat?post=3760"},{"taxonomy":"product_tag","embeddable":true,"href":"http:\/\/klubmamgdynia.pl\/index.php\/wp-json\/wp\/v2\/product_tag?post=3760"}],"curies":[{"name":"wp","href":"https:\/\/api.w.org\/{rel}","templated":true}]}}