{"id":3762,"date":"2013-04-04T07:19:20","date_gmt":"2013-04-04T05:19:20","guid":{"rendered":"http:\/\/klubmamgdynia.pl\/index.php\/produkt\/zwierzeta-safari-edukacyjne-7szt-mata-i-akcesoria\/"},"modified":"2026-04-06T01:29:55","modified_gmt":"2026-04-05T23:29:55","slug":"zwierzeta-safari-edukacyjne-7szt-mata-i-akcesoria","status":"publish","type":"product","link":"http:\/\/klubmamgdynia.pl\/index.php\/produkt\/zwierzeta-safari-edukacyjne-7szt-mata-i-akcesoria\/","title":{"rendered":"Zwierz\u0119ta safari edukacyjne 7szt + mata i akcesoria"},"content":{"rendered":"<p>ZWIERZ\u0118TA FIGURKI EDUKACYJNE SAFARI 7SZT. + MATA I AKCESORIAWyj\u0105tkowy zestaw figurek przedstawiaj\u0105cy 7 r\u00f3\u017cnych dzikich zwierz\u0105t przeniesie m\u0142odego pasjonata przyrody wprost do egzotycznej krainy.Do zestawu zosta\u0142a do\u0142\u0105czona mata, dzi\u0119ki kt\u00f3rej stworzysz fantastyczn\u0105 makiet\u0119 z drapie\u017cnikami.Twoje dziecko interesuje si\u0119 biologi\u0105? Kocha wszystkie dzikie zwierz\u0119ta? A mo\u017ce po prostu kolekcjonuje figurki?Ten zestaw z pewno\u015bci\u0105 skradnie serce Twojej pociechy i dostarczy mn\u00f3stwo nieko\u0144cz\u0105cej si\u0119 zabawy.Wybierz si\u0119 w magiczn\u0105 podr\u00f3\u017c pe\u0142n\u0105 niezapomnianych wra\u017ce\u0144 po krainie olbrzymich i niebezpiecznych stworze\u0144. Podziwiaj poluj\u0105cego tygrysa, zebr\u0119 gasz\u0105c\u0105 pragnienie w rzece lub pand\u0119 rado\u015bnie bawi\u0105c\u0105 pod drzewami.Zestaw figurek z mat\u0105 to propozycja doskona\u0142ej zabawy wspieraj\u0105cej prawid\u0142owy rozw\u00f3j dziecka. Kolorowe zwierz\u0105tka b\u0119d\u0105 doskona\u0142\u0105 motywacj\u0105 do szerszego poznania egzotycznych zwierz\u0105t- ich zwyczaj\u00f3w czy wyst\u0119powania. Co wi\u0119cej pobudz\u0105 wyobra\u017ani\u0119 malucha i zach\u0119ca do kreatywnej zabawy.Wspania\u0142y pomys\u0142 na wyj\u0105tkowy prezent dla ma\u0142ego odkrywcy.Zwierz\u0105tka zachwycaj\u0105 szczeg\u00f3\u0142ami. Wierne odwzorowanie detali zachwyci nawet najbardziej wymagaj\u0105cego kolekcjonera. B\u0119d\u0105 doskona\u0142ym uzupe\u0142nieniem dotychczas zgromadzonej kolekcji, albo doskona\u0142ym pretekstem do rozpocz\u0119ciaZawarto\u015b\u0107 zestawu: Zebra,Panda,Tygrys,Lew,Baw\u00f3\u0142,Gepard,Nosoro\u017cec,6 kamieni,3 drzewa,4 krzewy.Wymiary:Maty: 40cm x 38cmTygrysa: 17cm x 5cm x 7,5cm Pandy: 10cm x 4cm x 6cmOpakowania: 17cm x 17cm x 24cm<\/p>\n<h2>Zwierz\u0119ta safari edukacyjne 7szt + mata i akcesoria Noname<\/h2>\n<p>warszawa z dzieckiem, kolorowanki antystresowe, gry dla nastolatk\u00f3w, zagadki dla 5 latka, m\u0105dre cytaty dla dzieci, atrakcje dla dzieci wroclaw, bursztynek bursztynek, kolorowanki do druku dla ch\u0142opc\u00f3w, szablon krokus kolorowanka, nietypowe imiona damskie, test miko\u0142ajek 25 pyta\u0144, basen dla dzieci warszawa<\/p>\n<p>yyyyy<\/p>\n<p>&nbsp;<\/p>\n","protected":false},"excerpt":{"rendered":"<p>ZWIERZ\u0118TA FIGURKI EDUKACYJNE SAFARI 7SZT. + MATA I AKCESORIAWyj\u0105tkowy zestaw figurek przedstawiaj\u0105cy 7 r\u00f3\u017cnych dzikich zwierz\u0105t przeniesie m\u0142odego pasjonata przyrody wprost do egzotycznej krainy.Do zestawu zosta\u0142a do\u0142\u0105czona mata, dzi\u0119ki kt\u00f3rej stworzysz fantastyczn\u0105 makiet\u0119 z drapie\u017cnikami.Twoje dziecko interesuje si\u0119 biologi\u0105? Kocha wszystkie dzikie zwierz\u0119ta? A mo\u017ce po prostu kolekcjonuje figurki?Ten zestaw z pewno\u015bci\u0105 skradnie serce Twojej [&hellip;]<\/p>\n","protected":false},"featured_media":3763,"comment_status":"closed","ping_status":"open","template":"","meta":[],"product_cat":[1117,537],"product_tag":[671,622,830,708,872],"class_list":["post-3762","product","type-product","status-publish","has-post-thumbnail","hentry","product_cat-noname","product_cat-pozostale-zabawki-edukacyjne","product_tag-cicha-noc-po-angielsku-tekst","product_tag-fajne-zagadki","product_tag-rodzina-cytaty","product_tag-zabawy-ruchowe-dla-dzieci","product_tag-zagadki-dla-dzieci-6-lat"],"_links":{"self":[{"href":"http:\/\/klubmamgdynia.pl\/index.php\/wp-json\/wp\/v2\/product\/3762","targetHints":{"allow":["GET"]}}],"collection":[{"href":"http:\/\/klubmamgdynia.pl\/index.php\/wp-json\/wp\/v2\/product"}],"about":[{"href":"http:\/\/klubmamgdynia.pl\/index.php\/wp-json\/wp\/v2\/types\/product"}],"replies":[{"embeddable":true,"href":"http:\/\/klubmamgdynia.pl\/index.php\/wp-json\/wp\/v2\/comments?post=3762"}],"wp:featuredmedia":[{"embeddable":true,"href":"http:\/\/klubmamgdynia.pl\/index.php\/wp-json\/wp\/v2\/media\/3763"}],"wp:attachment":[{"href":"http:\/\/klubmamgdynia.pl\/index.php\/wp-json\/wp\/v2\/media?parent=3762"}],"wp:term":[{"taxonomy":"product_cat","embeddable":true,"href":"http:\/\/klubmamgdynia.pl\/index.php\/wp-json\/wp\/v2\/product_cat?post=3762"},{"taxonomy":"product_tag","embeddable":true,"href":"http:\/\/klubmamgdynia.pl\/index.php\/wp-json\/wp\/v2\/product_tag?post=3762"}],"curies":[{"name":"wp","href":"https:\/\/api.w.org\/{rel}","templated":true}]}}